{"id":14433,"date":"2025-04-12T11:55:16","date_gmt":"2025-04-12T08:55:16","guid":{"rendered":"https:\/\/greatr.org\/?page_id=14433"},"modified":"2025-04-17T01:24:35","modified_gmt":"2025-04-16T22:24:35","slug":"greatmock","status":"publish","type":"page","link":"https:\/\/greatr.org\/en\/greatmock\/","title":{"rendered":"Great Mock M\u00fclakat Sim\u00fclasyonu GreaTR Hollanda"},"content":{"rendered":"<div data-elementor-type=\"wp-page\" data-elementor-id=\"14433\" class=\"elementor elementor-14433\" data-elementor-settings=\"[]\">\n\t\t\t\t\t\t<div class=\"elementor-inner\">\n\t\t\t\t\t\t\t<div class=\"elementor-section-wrap\">\n\t\t\t\t\t\t\t<section class=\"elementor-section elementor-top-section elementor-element elementor-element-5aa7126 elementor-section-boxed elementor-section-height-default elementor-section-height-default\" data-id=\"5aa7126\" data-element_type=\"section\">\n\t\t\t\t\t\t<div class=\"elementor-container elementor-column-gap-default\">\n\t\t\t\t\t\t\t<div class=\"elementor-row\">\n\t\t\t\t\t<div class=\"elementor-column elementor-col-100 elementor-top-column elementor-element elementor-element-3ff6f46\" data-id=\"3ff6f46\" data-element_type=\"column\">\n\t\t\t<div class=\"elementor-column-wrap elementor-element-populated\">\n\t\t\t\t\t\t\t<div class=\"elementor-widget-wrap\">\n\t\t\t\t\t\t<div class=\"elementor-element elementor-element-b0cefc2 elementor-widget elementor-widget-heading\" data-id=\"b0cefc2\" data-element_type=\"widget\" data-widget_type=\"heading.default\">\n\t\t\t\t<div class=\"elementor-widget-container\">\n\t\t\t<h2 class=\"elementor-heading-title elementor-size-default\">Hollanda'daki T\u00fcrk Yetenekler,               \nBu M\u00fclakat Senin \u0130\u00e7in!<\/h2>\t\t<\/div>\n\t\t\t\t<\/div>\n\t\t\t\t\t\t<\/div>\n\t\t\t\t\t<\/div>\n\t\t<\/div>\n\t\t\t\t\t\t\t\t<\/div>\n\t\t\t\t\t<\/div>\n\t\t<\/section>\n\t\t\t\t<section class=\"elementor-section elementor-top-section elementor-element elementor-element-5dfe597 elementor-section-boxed elementor-section-height-default elementor-section-height-default\" data-id=\"5dfe597\" data-element_type=\"section\">\n\t\t\t\t\t\t<div class=\"elementor-container elementor-column-gap-default\">\n\t\t\t\t\t\t\t<div class=\"elementor-row\">\n\t\t\t\t\t<div class=\"elementor-column elementor-col-100 elementor-top-column elementor-element elementor-element-8cf5497\" data-id=\"8cf5497\" data-element_type=\"column\">\n\t\t\t<div class=\"elementor-column-wrap\">\n\t\t\t\t\t\t\t<div class=\"elementor-widget-wrap\">\n\t\t\t\t\t\t\t\t<\/div>\n\t\t\t\t\t<\/div>\n\t\t<\/div>\n\t\t\t\t\t\t\t\t<\/div>\n\t\t\t\t\t<\/div>\n\t\t<\/section>\n\t\t\t\t<section class=\"elementor-section elementor-top-section elementor-element elementor-element-0502d66 elementor-section-boxed elementor-section-height-default elementor-section-height-default\" data-id=\"0502d66\" data-element_type=\"section\">\n\t\t\t\t\t\t<div class=\"elementor-container elementor-column-gap-default\">\n\t\t\t\t\t\t\t<div class=\"elementor-row\">\n\t\t\t\t\t<div class=\"elementor-column elementor-col-100 elementor-top-column elementor-element elementor-element-b5c27ae\" data-id=\"b5c27ae\" data-element_type=\"column\">\n\t\t\t<div class=\"elementor-column-wrap elementor-element-populated\">\n\t\t\t\t\t\t\t<div class=\"elementor-widget-wrap\">\n\t\t\t\t\t\t<div class=\"elementor-element elementor-element-1a3dc2a elementor-widget elementor-widget-image\" data-id=\"1a3dc2a\" data-element_type=\"widget\" data-widget_type=\"image.default\">\n\t\t\t\t<div class=\"elementor-widget-container\">\n\t\t\t\t\t<div class=\"elementor-image\">\n\t\t\t\t\t\t\t\t\t\t<img loading=\"lazy\" decoding=\"async\" width=\"1024\" height=\"576\" src=\"https:\/\/greatr.org\/wp-content\/uploads\/2025\/04\/Mulakat-Simulasyonu-3-1024x576.png\" class=\"attachment-large size-large\" alt=\"\" srcset=\"https:\/\/greatr.org\/wp-content\/uploads\/2025\/04\/Mulakat-Simulasyonu-3-1024x576.png 1024w, https:\/\/greatr.org\/wp-content\/uploads\/2025\/04\/Mulakat-Simulasyonu-3-300x169.png 300w, https:\/\/greatr.org\/wp-content\/uploads\/2025\/04\/Mulakat-Simulasyonu-3-768x432.png 768w, https:\/\/greatr.org\/wp-content\/uploads\/2025\/04\/Mulakat-Simulasyonu-3-1536x864.png 1536w, https:\/\/greatr.org\/wp-content\/uploads\/2025\/04\/Mulakat-Simulasyonu-3-18x10.png 18w, https:\/\/greatr.org\/wp-content\/uploads\/2025\/04\/Mulakat-Simulasyonu-3.png 1920w\" sizes=\"auto, (max-width: 1024px) 100vw, 1024px\" \/>\t\t\t\t\t\t\t\t\t\t\t<\/div>\n\t\t\t\t<\/div>\n\t\t\t\t<\/div>\n\t\t\t\t\t\t<\/div>\n\t\t\t\t\t<\/div>\n\t\t<\/div>\n\t\t\t\t\t\t\t\t<\/div>\n\t\t\t\t\t<\/div>\n\t\t<\/section>\n\t\t\t\t<section class=\"elementor-section elementor-top-section elementor-element elementor-element-28eac92 elementor-section-boxed elementor-section-height-default elementor-section-height-default\" data-id=\"28eac92\" data-element_type=\"section\">\n\t\t\t\t\t\t<div class=\"elementor-container elementor-column-gap-default\">\n\t\t\t\t\t\t\t<div class=\"elementor-row\">\n\t\t\t\t\t<div class=\"elementor-column elementor-col-100 elementor-top-column elementor-element elementor-element-ea89dcc\" data-id=\"ea89dcc\" data-element_type=\"column\">\n\t\t\t<div class=\"elementor-column-wrap elementor-element-populated\">\n\t\t\t\t\t\t\t<div class=\"elementor-widget-wrap\">\n\t\t\t\t\t\t<div class=\"elementor-element elementor-element-3ac1dd9 elementor-widget elementor-widget-text-editor\" data-id=\"3ac1dd9\" data-element_type=\"widget\" data-widget_type=\"text-editor.default\">\n\t\t\t\t<div class=\"elementor-widget-container\">\n\t\t\t\t\t<div class=\"elementor-text-editor elementor-clearfix\"><p data-start=\"107\" data-end=\"439\">GreaTR olarak, \u00a0Hollanda&#8217;da e\u011fitim g\u00f6ren T\u00fcrk \u00f6\u011frencileri T\u00fcrkiye&#8217;nin \u00f6nde gelen \u015firketleriyle bulu\u015fturuyoruz! Great Mock <strong data-start=\"215\" data-end=\"231\">M\u00fclakat Sim\u00fclasyonu<\/strong> kapsam\u0131nda <strong>Yap\u0131 Kredi, Eti, Otokar ve Kolcuo\u011flu Demirkan Ko\u00e7akl\u0131<\/strong> <strong>Hukuk B\u00fcrosu<\/strong> gibi sekt\u00f6r lideri \u015firketlerle tan\u0131\u015fma, i\u015f d\u00fcnyas\u0131n\u0131n dinamiklerini \u00f6\u011frenme ve birebir <strong data-start=\"377\" data-end=\"400\">m\u00fclakat sim\u00fclasyonu<\/strong> deneyimi ya\u015fama f\u0131rsat\u0131n\u0131 yakalay\u0131n!<\/p><p data-start=\"441\" data-end=\"470\">\ud83d\udccc <strong data-start=\"444\" data-end=\"468\">Kimler Ba\u015fvurabilir?<\/strong><\/p><ul data-start=\"471\" data-end=\"549\"><li data-start=\"471\" data-end=\"549\">Hollanda&#8217;da lisans, y\u00fcksek lisans yapan T\u00fcrk \u00f6\u011frenciler veya yeni mezun yetenekler\u00a0<\/li><\/ul><p data-start=\"551\" data-end=\"575\">\ud83d\udccc <strong data-start=\"554\" data-end=\"573\">Program \u0130\u00e7eri\u011fi<\/strong><\/p><ul data-start=\"576\" data-end=\"869\"><li data-start=\"576\" data-end=\"669\"><strong data-start=\"578\" data-end=\"602\">M\u00fclakat Sim\u00fclasyonu:<\/strong> Ger\u00e7ek bir i\u015fe al\u0131m s\u00fcrecini deneyimleyerek kendinizi geli\u015ftirin<\/li><li data-start=\"670\" data-end=\"776\"><strong data-start=\"672\" data-end=\"695\">Kariyer F\u0131rsatlar\u0131 ve Networking:<\/strong>\u00a0<span style=\"font-size: 18px; font-style: normal;\">\u00a0T\u00fcrkiye\u2019nin \u00f6nde gelen firmalar\u0131n\u0131n insan kaynaklar\u0131 ekipleriyle tan\u0131\u015f\u0131n ,<\/span>\u00a0ileti\u015fim kurun ve i\u015f\/staj olanaklar\u0131n\u0131 ke\u015ffedin<\/li><\/ul><p data-start=\"871\" data-end=\"985\">\ud83d\udcc5 <strong data-start=\"874\" data-end=\"897\">Son Ba\u015fvuru Tarihi:<\/strong> 16 Nisan<br data-start=\"913\" data-end=\"916\" \/><br \/>\ud83d\udccd<strong data-start=\"919\" data-end=\"949\">\u00a0M\u00fclakat Tarihleri &amp; Format\u0131:<\/strong>\u00a0Online olarak ger\u00e7ekle\u015ftirilecektir.<\/p><p data-start=\"871\" data-end=\"985\"><span style=\"font-size: 16px;\"><b>M\u00fclakat Tarihleri: 22-25 Nisan<\/b><\/span><\/p><p>\ud83d\ude80 <strong style=\"font-size: 16px;\" data-start=\"990\" data-end=\"1048\">Kariyerinizde bir ad\u0131m \u00f6ne \u00e7\u0131kmak i\u00e7in hemen ba\u015fvurun!<\/strong><\/p><p>\u00a0<\/p><p>Ba\u015fvurular tamamlanm\u0131\u015ft\u0131r. \u0130lginiz i\u00e7in te\u015fekk\u00fcrler.<\/p><\/div>\n\t\t\t\t<\/div>\n\t\t\t\t<\/div>\n\t\t\t\t\t\t<\/div>\n\t\t\t\t\t<\/div>\n\t\t<\/div>\n\t\t\t\t\t\t\t\t<\/div>\n\t\t\t\t\t<\/div>\n\t\t<\/section>\n\t\t\t\t<section class=\"elementor-section elementor-top-section elementor-element elementor-element-81474c1 elementor-section-boxed elementor-section-height-default elementor-section-height-default\" data-id=\"81474c1\" data-element_type=\"section\">\n\t\t\t\t\t\t<div class=\"elementor-container elementor-column-gap-default\">\n\t\t\t\t\t\t\t<div class=\"elementor-row\">\n\t\t\t\t\t<div class=\"elementor-column elementor-col-100 elementor-top-column elementor-element elementor-element-1f7d457\" data-id=\"1f7d457\" data-element_type=\"column\">\n\t\t\t<div class=\"elementor-column-wrap elementor-element-populated\">\n\t\t\t\t\t\t\t<div class=\"elementor-widget-wrap\">\n\t\t\t\t\t\t\t\t<\/div>\n\t\t\t\t\t<\/div>\n\t\t<\/div>\n\t\t\t\t\t\t\t\t<\/div>\n\t\t\t\t\t<\/div>\n\t\t<\/section>\n\t\t\t\t\t\t<\/div>\n\t\t\t\t\t\t<\/div>\n\t\t\t\t\t<\/div>","protected":false},"excerpt":{"rendered":"<p>Hollanda&#8217;daki T\u00fcrk Yetenekler, Bu M\u00fclakat Senin \u0130\u00e7in! GreaTR olarak, \u00a0Hollanda&#8217;da e\u011fitim g\u00f6ren T\u00fcrk \u00f6\u011frencileri T\u00fcrkiye&#8217;nin \u00f6nde gelen \u015firketleriyle bulu\u015fturuyoruz! Great Mock M\u00fclakat Sim\u00fclasyonu kapsam\u0131nda Yap\u0131 Kredi, Eti, Otokar ve Kolcuo\u011flu Demirkan Ko\u00e7akl\u0131 Hukuk B\u00fcrosu gibi sekt\u00f6r lideri \u015firketlerle tan\u0131\u015fma, i\u015f d\u00fcnyas\u0131n\u0131n dinamiklerini \u00f6\u011frenme ve birebir m\u00fclakat sim\u00fclasyonu deneyimi ya\u015fama f\u0131rsat\u0131n\u0131 yakalay\u0131n! \ud83d\udccc Kimler Ba\u015fvurabilir? Hollanda&#8217;da [&hellip;]<\/p>","protected":false},"author":1,"featured_media":0,"parent":0,"menu_order":0,"comment_status":"closed","ping_status":"closed","template":"","meta":{"_monsterinsights_skip_tracking":false,"_monsterinsights_sitenote_active":false,"_monsterinsights_sitenote_note":"","_monsterinsights_sitenote_category":0,"site-sidebar-layout":"no-sidebar","site-content-layout":"page-builder","ast-site-content-layout":"","site-content-style":"default","site-sidebar-style":"default","ast-global-header-display":"","ast-banner-title-visibility":"","ast-main-header-display":"","ast-hfb-above-header-display":"","ast-hfb-below-header-display":"","ast-hfb-mobile-header-display":"","site-post-title":"disabled","ast-breadcrumbs-content":"","ast-featured-img":"disabled","footer-sml-layout":"","theme-transparent-header-meta":"","adv-header-id-meta":"","stick-header-meta":"","header-above-stick-meta":"","header-main-stick-meta":"","header-below-stick-meta":"","astra-migrate-meta-layouts":"default","ast-page-background-enabled":"default","ast-page-background-meta":{"desktop":{"background-color":"","background-image":"","background-repeat":"repeat","background-position":"center center","background-size":"auto","background-attachment":"scroll","background-type":"","background-media":"","overlay-type":"","overlay-color":"","overlay-opacity":"","overlay-gradient":""},"tablet":{"background-color":"","background-image":"","background-repeat":"repeat","background-position":"center center","background-size":"auto","background-attachment":"scroll","background-type":"","background-media":"","overlay-type":"","overlay-color":"","overlay-opacity":"","overlay-gradient":""},"mobile":{"background-color":"","background-image":"","background-repeat":"repeat","background-position":"center center","background-size":"auto","background-attachment":"scroll","background-type":"","background-media":"","overlay-type":"","overlay-color":"","overlay-opacity":"","overlay-gradient":""}},"ast-content-background-meta":{"desktop":{"background-color":"var(--ast-global-color-5)","background-image":"","background-repeat":"repeat","background-position":"center center","background-size":"auto","background-attachment":"scroll","background-type":"","background-media":"","overlay-type":"","overlay-color":"","overlay-opacity":"","overlay-gradient":""},"tablet":{"background-color":"var(--ast-global-color-5)","background-image":"","background-repeat":"repeat","background-position":"center center","background-size":"auto","background-attachment":"scroll","background-type":"","background-media":"","overlay-type":"","overlay-color":"","overlay-opacity":"","overlay-gradient":""},"mobile":{"background-color":"var(--ast-global-color-5)","background-image":"","background-repeat":"repeat","background-position":"center center","background-size":"auto","background-attachment":"scroll","background-type":"","background-media":"","overlay-type":"","overlay-color":"","overlay-opacity":"","overlay-gradient":""}},"footnotes":""},"class_list":["post-14433","page","type-page","status-publish","hentry"],"yoast_head":"<!-- This site is optimized with the Yoast SEO plugin v19.0 - https:\/\/yoast.com\/wordpress\/plugins\/seo\/ -->\n<title>Great Mock M\u00fclakat Sim\u00fclasyonu GreaTR Hollanda -<\/title>\n<meta name=\"robots\" content=\"index, follow, max-snippet:-1, max-image-preview:large, max-video-preview:-1\" \/>\n<link rel=\"canonical\" href=\"https:\/\/greatr.org\/en\/greatmock\/\" \/>\n<meta property=\"og:locale\" content=\"en_GB\" \/>\n<meta property=\"og:type\" content=\"article\" \/>\n<meta property=\"og:title\" content=\"Great Mock M\u00fclakat Sim\u00fclasyonu GreaTR Hollanda -\" \/>\n<meta property=\"og:description\" content=\"Hollanda&#8217;daki T\u00fcrk Yetenekler, Bu M\u00fclakat Senin \u0130\u00e7in! GreaTR olarak, \u00a0Hollanda&#8217;da e\u011fitim g\u00f6ren T\u00fcrk \u00f6\u011frencileri T\u00fcrkiye&#8217;nin \u00f6nde gelen \u015firketleriyle bulu\u015fturuyoruz! Great Mock M\u00fclakat Sim\u00fclasyonu kapsam\u0131nda Yap\u0131 Kredi, Eti, Otokar ve Kolcuo\u011flu Demirkan Ko\u00e7akl\u0131 Hukuk B\u00fcrosu gibi sekt\u00f6r lideri \u015firketlerle tan\u0131\u015fma, i\u015f d\u00fcnyas\u0131n\u0131n dinamiklerini \u00f6\u011frenme ve birebir m\u00fclakat sim\u00fclasyonu deneyimi ya\u015fama f\u0131rsat\u0131n\u0131 yakalay\u0131n! \ud83d\udccc Kimler Ba\u015fvurabilir? Hollanda&#8217;da [&hellip;]\" \/>\n<meta property=\"og:url\" content=\"https:\/\/greatr.org\/en\/greatmock\/\" \/>\n<meta property=\"article:publisher\" content=\"https:\/\/www.facebook.com\/Greatr-102901821792967\" \/>\n<meta property=\"article:modified_time\" content=\"2025-04-16T22:24:35+00:00\" \/>\n<meta property=\"og:image\" content=\"https:\/\/greatr.org\/wp-content\/uploads\/2025\/04\/Mulakat-Simulasyonu-3-1024x576.png\" \/>\n<meta name=\"twitter:card\" content=\"summary_large_image\" \/>\n<meta name=\"twitter:site\" content=\"@greatrorg\" \/>\n<meta name=\"twitter:label1\" content=\"Est. reading time\" \/>\n\t<meta name=\"twitter:data1\" content=\"1 minute\" \/>\n<script type=\"application\/ld+json\" class=\"yoast-schema-graph\">{\"@context\":\"https:\/\/schema.org\",\"@graph\":[{\"@type\":\"Organization\",\"@id\":\"https:\/\/greatr.org\/#organization\",\"name\":\"GreaTR\",\"url\":\"https:\/\/greatr.org\/\",\"sameAs\":[\"https:\/\/www.instagram.com\/greatrorg\/\",\"https:\/\/www.linkedin.com\/company\/greatr\/\",\"https:\/\/www.youtube.com\/channel\/UCkQ65_M1HarEMSt8XciDTSA\",\"https:\/\/www.facebook.com\/Greatr-102901821792967\",\"https:\/\/twitter.com\/greatrorg\"],\"logo\":{\"@type\":\"ImageObject\",\"inLanguage\":\"en-GB\",\"@id\":\"https:\/\/greatr.org\/#\/schema\/logo\/image\/\",\"url\":\"https:\/\/greatr.org\/wp-content\/uploads\/2022\/06\/GreaTR-Mor750-Logo750GUNCEL@4x.png\",\"contentUrl\":\"https:\/\/greatr.org\/wp-content\/uploads\/2022\/06\/GreaTR-Mor750-Logo750GUNCEL@4x.png\",\"width\":3000,\"height\":3000,\"caption\":\"GreaTR\"},\"image\":{\"@id\":\"https:\/\/greatr.org\/#\/schema\/logo\/image\/\"}},{\"@type\":\"WebSite\",\"@id\":\"https:\/\/greatr.org\/#website\",\"url\":\"https:\/\/greatr.org\/\",\"name\":\"\",\"description\":\"\",\"publisher\":{\"@id\":\"https:\/\/greatr.org\/#organization\"},\"potentialAction\":[{\"@type\":\"SearchAction\",\"target\":{\"@type\":\"EntryPoint\",\"urlTemplate\":\"https:\/\/greatr.org\/?s={search_term_string}\"},\"query-input\":\"required name=search_term_string\"}],\"inLanguage\":\"en-GB\"},{\"@type\":\"ImageObject\",\"inLanguage\":\"en-GB\",\"@id\":\"https:\/\/greatr.org\/greatmock\/#primaryimage\",\"url\":\"https:\/\/greatr.org\/wp-content\/uploads\/2025\/04\/Mulakat-Simulasyonu-3.png\",\"contentUrl\":\"https:\/\/greatr.org\/wp-content\/uploads\/2025\/04\/Mulakat-Simulasyonu-3.png\",\"width\":1920,\"height\":1080},{\"@type\":\"WebPage\",\"@id\":\"https:\/\/greatr.org\/greatmock\/#webpage\",\"url\":\"https:\/\/greatr.org\/greatmock\/\",\"name\":\"Great Mock M\u00fclakat Sim\u00fclasyonu GreaTR Hollanda -\",\"isPartOf\":{\"@id\":\"https:\/\/greatr.org\/#website\"},\"primaryImageOfPage\":{\"@id\":\"https:\/\/greatr.org\/greatmock\/#primaryimage\"},\"datePublished\":\"2025-04-12T08:55:16+00:00\",\"dateModified\":\"2025-04-16T22:24:35+00:00\",\"breadcrumb\":{\"@id\":\"https:\/\/greatr.org\/greatmock\/#breadcrumb\"},\"inLanguage\":\"en-GB\",\"potentialAction\":[{\"@type\":\"ReadAction\",\"target\":[\"https:\/\/greatr.org\/greatmock\/\"]}]},{\"@type\":\"BreadcrumbList\",\"@id\":\"https:\/\/greatr.org\/greatmock\/#breadcrumb\",\"itemListElement\":[{\"@type\":\"ListItem\",\"position\":1,\"name\":\"Ana sayfa\",\"item\":\"https:\/\/greatr.org\/\"},{\"@type\":\"ListItem\",\"position\":2,\"name\":\"Great Mock M\u00fclakat Sim\u00fclasyonu GreaTR Hollanda\"}]}]}<\/script>\n<!-- \/ Yoast SEO plugin. -->","yoast_head_json":{"title":"Great Mock M\u00fclakat Sim\u00fclasyonu GreaTR Hollanda -","robots":{"index":"index","follow":"follow","max-snippet":"max-snippet:-1","max-image-preview":"max-image-preview:large","max-video-preview":"max-video-preview:-1"},"canonical":"https:\/\/greatr.org\/en\/greatmock\/","og_locale":"en_GB","og_type":"article","og_title":"Great Mock M\u00fclakat Sim\u00fclasyonu GreaTR Hollanda -","og_description":"Hollanda&#8217;daki T\u00fcrk Yetenekler, Bu M\u00fclakat Senin \u0130\u00e7in! GreaTR olarak, \u00a0Hollanda&#8217;da e\u011fitim g\u00f6ren T\u00fcrk \u00f6\u011frencileri T\u00fcrkiye&#8217;nin \u00f6nde gelen \u015firketleriyle bulu\u015fturuyoruz! Great Mock M\u00fclakat Sim\u00fclasyonu kapsam\u0131nda Yap\u0131 Kredi, Eti, Otokar ve Kolcuo\u011flu Demirkan Ko\u00e7akl\u0131 Hukuk B\u00fcrosu gibi sekt\u00f6r lideri \u015firketlerle tan\u0131\u015fma, i\u015f d\u00fcnyas\u0131n\u0131n dinamiklerini \u00f6\u011frenme ve birebir m\u00fclakat sim\u00fclasyonu deneyimi ya\u015fama f\u0131rsat\u0131n\u0131 yakalay\u0131n! \ud83d\udccc Kimler Ba\u015fvurabilir? Hollanda&#8217;da [&hellip;]","og_url":"https:\/\/greatr.org\/en\/greatmock\/","article_publisher":"https:\/\/www.facebook.com\/Greatr-102901821792967","article_modified_time":"2025-04-16T22:24:35+00:00","og_image":[{"url":"https:\/\/greatr.org\/wp-content\/uploads\/2025\/04\/Mulakat-Simulasyonu-3-1024x576.png"}],"twitter_card":"summary_large_image","twitter_site":"@greatrorg","twitter_misc":{"Est. reading time":"1 minute"},"schema":{"@context":"https:\/\/schema.org","@graph":[{"@type":"Organization","@id":"https:\/\/greatr.org\/#organization","name":"GreaTR","url":"https:\/\/greatr.org\/","sameAs":["https:\/\/www.instagram.com\/greatrorg\/","https:\/\/www.linkedin.com\/company\/greatr\/","https:\/\/www.youtube.com\/channel\/UCkQ65_M1HarEMSt8XciDTSA","https:\/\/www.facebook.com\/Greatr-102901821792967","https:\/\/twitter.com\/greatrorg"],"logo":{"@type":"ImageObject","inLanguage":"en-GB","@id":"https:\/\/greatr.org\/#\/schema\/logo\/image\/","url":"https:\/\/greatr.org\/wp-content\/uploads\/2022\/06\/GreaTR-Mor750-Logo750GUNCEL@4x.png","contentUrl":"https:\/\/greatr.org\/wp-content\/uploads\/2022\/06\/GreaTR-Mor750-Logo750GUNCEL@4x.png","width":3000,"height":3000,"caption":"GreaTR"},"image":{"@id":"https:\/\/greatr.org\/#\/schema\/logo\/image\/"}},{"@type":"WebSite","@id":"https:\/\/greatr.org\/#website","url":"https:\/\/greatr.org\/","name":"","description":"","publisher":{"@id":"https:\/\/greatr.org\/#organization"},"potentialAction":[{"@type":"SearchAction","target":{"@type":"EntryPoint","urlTemplate":"https:\/\/greatr.org\/?s={search_term_string}"},"query-input":"required name=search_term_string"}],"inLanguage":"en-GB"},{"@type":"ImageObject","inLanguage":"en-GB","@id":"https:\/\/greatr.org\/greatmock\/#primaryimage","url":"https:\/\/greatr.org\/wp-content\/uploads\/2025\/04\/Mulakat-Simulasyonu-3.png","contentUrl":"https:\/\/greatr.org\/wp-content\/uploads\/2025\/04\/Mulakat-Simulasyonu-3.png","width":1920,"height":1080},{"@type":"WebPage","@id":"https:\/\/greatr.org\/greatmock\/#webpage","url":"https:\/\/greatr.org\/greatmock\/","name":"Great Mock M\u00fclakat Sim\u00fclasyonu GreaTR Hollanda -","isPartOf":{"@id":"https:\/\/greatr.org\/#website"},"primaryImageOfPage":{"@id":"https:\/\/greatr.org\/greatmock\/#primaryimage"},"datePublished":"2025-04-12T08:55:16+00:00","dateModified":"2025-04-16T22:24:35+00:00","breadcrumb":{"@id":"https:\/\/greatr.org\/greatmock\/#breadcrumb"},"inLanguage":"en-GB","potentialAction":[{"@type":"ReadAction","target":["https:\/\/greatr.org\/greatmock\/"]}]},{"@type":"BreadcrumbList","@id":"https:\/\/greatr.org\/greatmock\/#breadcrumb","itemListElement":[{"@type":"ListItem","position":1,"name":"Ana sayfa","item":"https:\/\/greatr.org\/"},{"@type":"ListItem","position":2,"name":"Great Mock M\u00fclakat Sim\u00fclasyonu GreaTR Hollanda"}]}]}},"uagb_featured_image_src":{"full":false,"thumbnail":false,"medium":false,"medium_large":false,"large":false,"1536x1536":false,"2048x2048":false,"trp-custom-language-flag":false},"uagb_author_info":{"display_name":"admin","author_link":"https:\/\/greatr.org\/en\/author\/admin\/"},"uagb_comment_info":0,"uagb_excerpt":"Hollanda&#8217;daki T\u00fcrk Yetenekler, Bu M\u00fclakat Senin \u0130\u00e7in! GreaTR olarak, \u00a0Hollanda&#8217;da e\u011fitim g\u00f6ren T\u00fcrk \u00f6\u011frencileri T\u00fcrkiye&#8217;nin \u00f6nde gelen \u015firketleriyle bulu\u015fturuyoruz! Great Mock M\u00fclakat Sim\u00fclasyonu kapsam\u0131nda Yap\u0131 Kredi, Eti, Otokar ve Kolcuo\u011flu Demirkan Ko\u00e7akl\u0131 Hukuk B\u00fcrosu gibi sekt\u00f6r lideri \u015firketlerle tan\u0131\u015fma, i\u015f d\u00fcnyas\u0131n\u0131n dinamiklerini \u00f6\u011frenme ve birebir m\u00fclakat sim\u00fclasyonu deneyimi ya\u015fama f\u0131rsat\u0131n\u0131 yakalay\u0131n! \ud83d\udccc Kimler Ba\u015fvurabilir? Hollanda&#8217;da&hellip;","_links":{"self":[{"href":"https:\/\/greatr.org\/en\/wp-json\/wp\/v2\/pages\/14433","targetHints":{"allow":["GET"]}}],"collection":[{"href":"https:\/\/greatr.org\/en\/wp-json\/wp\/v2\/pages"}],"about":[{"href":"https:\/\/greatr.org\/en\/wp-json\/wp\/v2\/types\/page"}],"author":[{"embeddable":true,"href":"https:\/\/greatr.org\/en\/wp-json\/wp\/v2\/users\/1"}],"replies":[{"embeddable":true,"href":"https:\/\/greatr.org\/en\/wp-json\/wp\/v2\/comments?post=14433"}],"version-history":[{"count":13,"href":"https:\/\/greatr.org\/en\/wp-json\/wp\/v2\/pages\/14433\/revisions"}],"predecessor-version":[{"id":14561,"href":"https:\/\/greatr.org\/en\/wp-json\/wp\/v2\/pages\/14433\/revisions\/14561"}],"wp:attachment":[{"href":"https:\/\/greatr.org\/en\/wp-json\/wp\/v2\/media?parent=14433"}],"curies":[{"name":"wp","href":"https:\/\/api.w.org\/{rel}","templated":true}]}}