{"id":13593,"date":"2024-12-22T18:22:28","date_gmt":"2024-12-22T15:22:28","guid":{"rendered":"https:\/\/greatr.org\/?page_id=13593"},"modified":"2024-12-22T18:30:58","modified_gmt":"2024-12-22T15:30:58","slug":"ekip-basvuru-formu","status":"publish","type":"page","link":"https:\/\/greatr.org\/en\/ekip-basvuru-formu\/","title":{"rendered":"GreaTR \u0130talya Ekip Ba\u015fvuru Formu"},"content":{"rendered":"<div data-elementor-type=\"wp-page\" data-elementor-id=\"13593\" class=\"elementor elementor-13593\" data-elementor-settings=\"[]\">\n\t\t\t\t\t\t<div class=\"elementor-inner\">\n\t\t\t\t\t\t\t<div class=\"elementor-section-wrap\">\n\t\t\t\t\t\t\t<section class=\"elementor-section elementor-top-section elementor-element elementor-element-23aa871 elementor-section-boxed elementor-section-height-default elementor-section-height-default\" data-id=\"23aa871\" data-element_type=\"section\">\n\t\t\t\t\t\t<div class=\"elementor-container elementor-column-gap-default\">\n\t\t\t\t\t\t\t<div class=\"elementor-row\">\n\t\t\t\t\t<div class=\"elementor-column elementor-col-100 elementor-top-column elementor-element elementor-element-a9b0de5\" data-id=\"a9b0de5\" data-element_type=\"column\">\n\t\t\t<div class=\"elementor-column-wrap elementor-element-populated\">\n\t\t\t\t\t\t\t<div class=\"elementor-widget-wrap\">\n\t\t\t\t\t\t<div class=\"elementor-element elementor-element-1b39054 elementor-widget elementor-widget-heading\" data-id=\"1b39054\" data-element_type=\"widget\" data-widget_type=\"heading.default\">\n\t\t\t\t<div class=\"elementor-widget-container\">\n\t\t\t<h2 class=\"elementor-heading-title elementor-size-default\">GreaTR \u0130talya Ekip Ba\u015fvuru Formu<\/h2>\t\t<\/div>\n\t\t\t\t<\/div>\n\t\t\t\t\t\t<\/div>\n\t\t\t\t\t<\/div>\n\t\t<\/div>\n\t\t\t\t\t\t\t\t<\/div>\n\t\t\t\t\t<\/div>\n\t\t<\/section>\n\t\t\t\t<section class=\"elementor-section elementor-top-section elementor-element elementor-element-4daab69 elementor-section-boxed elementor-section-height-default elementor-section-height-default\" data-id=\"4daab69\" data-element_type=\"section\">\n\t\t\t\t\t\t<div class=\"elementor-container elementor-column-gap-default\">\n\t\t\t\t\t\t\t<div class=\"elementor-row\">\n\t\t\t\t\t<div class=\"elementor-column elementor-col-100 elementor-top-column elementor-element elementor-element-f3b0170\" data-id=\"f3b0170\" data-element_type=\"column\">\n\t\t\t<div class=\"elementor-column-wrap elementor-element-populated\">\n\t\t\t\t\t\t\t<div class=\"elementor-widget-wrap\">\n\t\t\t\t\t\t<div class=\"elementor-element elementor-element-f065369 elementor-widget elementor-widget-text-editor\" data-id=\"f065369\" data-element_type=\"widget\" data-widget_type=\"text-editor.default\">\n\t\t\t\t<div class=\"elementor-widget-container\">\n\t\t\t\t\t<div class=\"elementor-text-editor elementor-clearfix\"><p>Burada sadece GreaTR \u0130talya ekibine dahil olmak i\u00e7in haz\u0131rlanan formu doldurabilirsiniz.<\/p><p>E\u011fer GreaTR&#8217;a \u00fcye olmak isterseniz men\u00fcdeki &#8221;\u00fcye ol&#8221; butonuna t\u0131klayabilirsiniz.<\/p><p>Sadece \u0130talya&#8217;daki \u00fcniversitelerde okuyan T\u00fcrk \u00f6\u011frenciler ve mezunlar ba\u015fvuru yapabilir.<\/p><p><span style=\"font-size: 18px;\">Bir sorunuz olmas\u0131 dahilinde topluluk@greatr.org ve italya@greatr.org mail adreslerinden bize ula\u015fabilirsiniz.<\/span><\/p><\/div>\n\t\t\t\t<\/div>\n\t\t\t\t<\/div>\n\t\t\t\t\t\t<\/div>\n\t\t\t\t\t<\/div>\n\t\t<\/div>\n\t\t\t\t\t\t\t\t<\/div>\n\t\t\t\t\t<\/div>\n\t\t<\/section>\n\t\t\t\t<section class=\"elementor-section elementor-top-section elementor-element elementor-element-b43e7b8 elementor-section-boxed elementor-section-height-default elementor-section-height-default\" data-id=\"b43e7b8\" data-element_type=\"section\">\n\t\t\t\t\t\t<div class=\"elementor-container elementor-column-gap-default\">\n\t\t\t\t\t\t\t<div class=\"elementor-row\">\n\t\t\t\t\t<div class=\"elementor-column elementor-col-100 elementor-top-column elementor-element elementor-element-03d5016\" data-id=\"03d5016\" data-element_type=\"column\">\n\t\t\t<div class=\"elementor-column-wrap elementor-element-populated\">\n\t\t\t\t\t\t\t<div class=\"elementor-widget-wrap\">\n\t\t\t\t\t\t<div class=\"elementor-element elementor-element-33cffee elementor-widget elementor-widget-wpforms\" data-id=\"33cffee\" data-element_type=\"widget\" data-widget_type=\"wpforms.default\">\n\t\t\t\t<div class=\"elementor-widget-container\">\n\t\t\t<div class=\"wpforms-container\" id=\"wpforms-13592\"><form id=\"wpforms-form-13592\" class=\"wpforms-validate wpforms-form\" data-formid=\"13592\" method=\"post\" enctype=\"multipart\/form-data\" action=\"\/en\/wp-json\/wp\/v2\/pages\/13593?wpforms_form_id=13592\" data-token=\"742f90f2cf887d18270a6d9f315d517d\" data-trp-original-action=\"\/en\/wp-json\/wp\/v2\/pages\/13593?wpforms_form_id=13592\"><noscript class=\"wpforms-error-noscript\">Please enable JavaScript in your browser to complete this form.<\/noscript><div class=\"wpforms-field-container\"><div id=\"wpforms-13592-field_1-container\" class=\"wpforms-field wpforms-field-name\" data-field-id=\"1\"><label class=\"wpforms-field-label\" for=\"wpforms-13592-field_1\">Ad\u0131 Soyad\u0131 <span class=\"wpforms-required-label\">*<\/span><\/label><div class=\"wpforms-field-row wpforms-field-medium\"><div class=\"wpforms-field-row-block wpforms-first wpforms-one-half\"><input type=\"text\" id=\"wpforms-13592-field_1\" class=\"wpforms-field-name-first wpforms-field-required\" name=\"wpforms[fields][1][first]\" required><label for=\"wpforms-13592-field_1\" class=\"wpforms-field-sublabel after\">First<\/label><\/div><div class=\"wpforms-field-row-block wpforms-one-half\"><input type=\"text\" id=\"wpforms-13592-field_1-last\" class=\"wpforms-field-name-last wpforms-field-required\" name=\"wpforms[fields][1][last]\" required><label for=\"wpforms-13592-field_1-last\" class=\"wpforms-field-sublabel after\">Last<\/label><\/div><\/div><\/div><div id=\"wpforms-13592-field_2-container\" class=\"wpforms-field wpforms-field-text\" data-field-id=\"2\"><label class=\"wpforms-field-label\" for=\"wpforms-13592-field_2\">E-Mail Adresi <span class=\"wpforms-required-label\">*<\/span><\/label><input type=\"text\" id=\"wpforms-13592-field_2\" class=\"wpforms-field-medium wpforms-field-required\" name=\"wpforms[fields][2]\" required><\/div><div id=\"wpforms-13592-field_3-container\" class=\"wpforms-field wpforms-field-text\" data-field-id=\"3\"><label class=\"wpforms-field-label\" for=\"wpforms-13592-field_3\">Whatsapp&#039;ta kulland\u0131\u011f\u0131n telefon numaras\u0131 nedir? <span class=\"wpforms-required-label\">*<\/span><\/label><input type=\"text\" id=\"wpforms-13592-field_3\" class=\"wpforms-field-medium wpforms-field-required\" name=\"wpforms[fields][3]\" required><\/div><div id=\"wpforms-13592-field_4-container\" class=\"wpforms-field wpforms-field-text\" data-field-id=\"4\"><label class=\"wpforms-field-label\" for=\"wpforms-13592-field_4\">Hangi liseden mezun oldun? <span class=\"wpforms-required-label\">*<\/span><\/label><input type=\"text\" id=\"wpforms-13592-field_4\" class=\"wpforms-field-medium wpforms-field-required\" name=\"wpforms[fields][4]\" required><\/div><div id=\"wpforms-13592-field_6-container\" class=\"wpforms-field wpforms-field-text\" data-field-id=\"6\"><label class=\"wpforms-field-label\" for=\"wpforms-13592-field_6\">Linkedin hesab\u0131n\u0131n linkini verebilir misin? <span class=\"wpforms-required-label\">*<\/span><\/label><input type=\"text\" id=\"wpforms-13592-field_6\" class=\"wpforms-field-medium wpforms-field-required\" name=\"wpforms[fields][6]\" required><\/div><div id=\"wpforms-13592-field_5-container\" class=\"wpforms-field wpforms-field-text\" data-field-id=\"5\"><label class=\"wpforms-field-label\" for=\"wpforms-13592-field_5\">Hangi \u00fcniversitede, hangi b\u00f6l\u00fcmde, ka\u00e7\u0131nc\u0131 s\u0131n\u0131fta oldu\u011funu belirtir misin? <span class=\"wpforms-required-label\">*<\/span><\/label><input type=\"text\" id=\"wpforms-13592-field_5\" class=\"wpforms-field-medium wpforms-field-required\" name=\"wpforms[fields][5]\" required><\/div><div id=\"wpforms-13592-field_7-container\" class=\"wpforms-field wpforms-field-file-upload\" data-field-id=\"7\"><label class=\"wpforms-field-label\" for=\"wpforms-13592-field_7\">CV&#039;ni y\u00fckleyebilir misin? <\/label><div class=\"wpforms-uploader\"\n\tdata-field-id=\"7\"\n\tdata-form-id=\"13592\"\n\tdata-input-name=\"wpforms_13592_7\"\n\tdata-extensions=\"jpg,jpeg,jpe,gif,png,bmp,tiff,tif,webp,avif,ico,heic,heif,heics,heifs,asf,asx,wmv,wmx,wm,avi,divx,mov,qt,mpeg,mpg,mpe,mp4,m4v,ogv,webm,mkv,3gp,3gpp,3g2,3gp2,txt,asc,c,cc,h,srt,csv,tsv,ics,rtx,css,vtt,mp3,m4a,m4b,aac,ra,ram,wav,ogg,oga,flac,mid,midi,wma,wax,mka,rtf,pdf,class,tar,zip,gz,gzip,rar,7z,psd,xcf,doc,pot,pps,ppt,wri,xla,xls,xlt,xlw,mpp,docx,docm,dotx,dotm,xlsx,xlsm,xlsb,xltx,xltm,xlam,pptx,pptm,ppsx,ppsm,potx,potm,ppam,sldx,sldm,onetoc,onetoc2,onepkg,oxps,xps,odt,odp,ods,odg,odc,odb,odf,wp,wpd,key,numbers,pages,svg,svgz,xml,json\"\n\tdata-max-size=\"268435456\"\n\tdata-max-file-number=\"1\"\n\tdata-post-max-size=\"268435456\"\n    data-max-parallel-uploads=\"4\"\n    data-parallel-uploads=\"true\"\n\tdata-file-chunk-size=\"2097152\">\n\t<div class=\"dz-message\">\n\t\t<svg viewbox=\"0 0 1024 1024\" focusable=\"false\" class=\"\" data-icon=\"inbox\" width=\"50px\" height=\"50px\" fill=\"#B1B1B1\" aria-hidden=\"true\"><path d=\"M885.2 446.3l-.2-.8-112.2-285.1c-5-16.1-19.9-27.2-36.8-27.2H281.2c-17 0-32.1 11.3-36.9 27.6L139.4 443l-.3.7-.2.8c-1.3 4.9-1.7 9.9-1 14.8-.1 1.6-.2 3.2-.2 4.8V830a60.9 60.9 0 0 0 60.8 60.8h627.2c33.5 0 60.8-27.3 60.9-60.8V464.1c0-1.3 0-2.6-.1-3.7.4-4.9 0-9.6-1.3-14.1zm-295.8-43l-.3 15.7c-.8 44.9-31.8 75.1-77.1 75.1-22.1 0-41.1-7.1-54.8-20.6S436 441.2 435.6 419l-.3-15.7H229.5L309 210h399.2l81.7 193.3H589.4zm-375 76.8h157.3c24.3 57.1 76 90.8 140.4 90.8 33.7 0 65-9.4 90.3-27.2 22.2-15.6 39.5-37.4 50.7-63.6h156.5V814H214.4V480.1z\"><\/path><\/svg>\n\t\t<span class=\"modern-title\">\n\t\t\tClick or drag a file to this area to upload.\t\t<\/span>\n\n\t\t\t<\/div>\n<\/div>\n<input type=\"text\" class=\"dropzone-input\"\n\tstyle=\"position:absolute!important;clip:rect(0,0,0,0)!important;height:1px!important;width:1px!important;border:0!important;overflow:hidden!important;padding:0!important;margin:0!important;\"\n\tid=\"wpforms-13592-field_7\"\n\tname=\"wpforms_13592_7\" >\n<div class=\"wpforms-field-description\">CV'nizi payla\u015fman\u0131z sizin insiyatifinizdedir. Tercihen CV g\u00f6nderenler ba\u015fvurularda \u00f6nceliklendirilecektir.<\/div><\/div><div id=\"wpforms-13592-field_8-container\" class=\"wpforms-field wpforms-field-textarea\" data-field-id=\"8\"><label class=\"wpforms-field-label\" for=\"wpforms-13592-field_8\">GreaTR \u0130talya toplulu\u011fu sana ne gibi f\u0131rsatlar veya katk\u0131lar sunabilir? \u00c7\u00f6zece\u011fi en b\u00fcy\u00fck eksiklik sence nedir? <span class=\"wpforms-required-label\">*<\/span><\/label><textarea id=\"wpforms-13592-field_8\" class=\"wpforms-field-medium wpforms-field-required\" name=\"wpforms[fields][8]\" required><\/textarea><\/div><div id=\"wpforms-13592-field_9-container\" class=\"wpforms-field wpforms-field-textarea\" data-field-id=\"9\"><label class=\"wpforms-field-label\" for=\"wpforms-13592-field_9\">Toplulu\u011fumuzda ekstra sorumluluk almak istemendeki motivasyonun nedir? Bizimle bu yolda y\u00fcr\u00fcmeyi niye istiyorsun? GreaTR \u0130talya&#039;ya ne katabilirsin yetkinliklerin do\u011frultusunda? <span class=\"wpforms-required-label\">*<\/span><\/label><textarea id=\"wpforms-13592-field_9\" class=\"wpforms-field-medium wpforms-field-required\" name=\"wpforms[fields][9]\" required><\/textarea><\/div><div id=\"wpforms-13592-field_10-container\" class=\"wpforms-field wpforms-field-textarea\" data-field-id=\"10\"><label class=\"wpforms-field-label\" for=\"wpforms-13592-field_10\">Kariyerinde hangi yolda ilerlemeyi d\u00fc\u015f\u00fcn\u00fcyorsun ve T\u00fcrkiye&#039;de \u00e7al\u0131\u015fmak gelecek planlar\u0131n\u0131n aras\u0131nda m\u0131? E\u011fer T\u00fcrkiye&#039;ye d\u00f6nmeyi d\u00fc\u015f\u00fcn\u00fcyorsan, seni buna iten \u00f6nemli sebepler neler? <span class=\"wpforms-required-label\">*<\/span><\/label><textarea id=\"wpforms-13592-field_10\" class=\"wpforms-field-medium wpforms-field-required\" name=\"wpforms[fields][10]\" required><\/textarea><\/div><\/div><div class=\"wpforms-submit-container\" ><input type=\"hidden\" name=\"wpforms[id]\" value=\"13592\"><input type=\"hidden\" name=\"wpforms[author]\" value=\"1\"><button type=\"submit\" name=\"wpforms[submit]\" class=\"wpforms-submit\" id=\"wpforms-submit-13592\" value=\"wpforms-submit\" aria-live=\"assertive\" data-alt-text=\"G\u00f6nderiliyor...\" data-submit-text=\"Submit\">Submit<\/button><\/div><input type=\"hidden\" name=\"trp-form-language\" value=\"en\"\/><\/form><\/div>  <!-- .wpforms-container -->\t\t<\/div>\n\t\t\t\t<\/div>\n\t\t\t\t\t\t<\/div>\n\t\t\t\t\t<\/div>\n\t\t<\/div>\n\t\t\t\t\t\t\t\t<\/div>\n\t\t\t\t\t<\/div>\n\t\t<\/section>\n\t\t\t\t\t\t<\/div>\n\t\t\t\t\t\t<\/div>\n\t\t\t\t\t<\/div>","protected":false},"excerpt":{"rendered":"<p>GreaTR \u0130talya Ekip Ba\u015fvuru Formu Burada sadece GreaTR \u0130talya ekibine dahil olmak i\u00e7in haz\u0131rlanan formu doldurabilirsiniz. E\u011fer GreaTR&#8217;a \u00fcye olmak isterseniz men\u00fcdeki &#8221;\u00fcye ol&#8221; butonuna t\u0131klayabilirsiniz. Sadece \u0130talya&#8217;daki \u00fcniversitelerde okuyan T\u00fcrk \u00f6\u011frenciler ve mezunlar ba\u015fvuru yapabilir. Bir sorunuz olmas\u0131 dahilinde topluluk@greatr.org ve italya@greatr.org mail adreslerinden bize ula\u015fabilirsiniz.<\/p>","protected":false},"author":1,"featured_media":0,"parent":0,"menu_order":0,"comment_status":"closed","ping_status":"closed","template":"","meta":{"_monsterinsights_skip_tracking":false,"_monsterinsights_sitenote_active":false,"_monsterinsights_sitenote_note":"","_monsterinsights_sitenote_category":0,"site-sidebar-layout":"no-sidebar","site-content-layout":"page-builder","ast-site-content-layout":"","site-content-style":"default","site-sidebar-style":"default","ast-global-header-display":"","ast-banner-title-visibility":"","ast-main-header-display":"","ast-hfb-above-header-display":"","ast-hfb-below-header-display":"","ast-hfb-mobile-header-display":"","site-post-title":"disabled","ast-breadcrumbs-content":"","ast-featured-img":"disabled","footer-sml-layout":"","theme-transparent-header-meta":"","adv-header-id-meta":"","stick-header-meta":"","header-above-stick-meta":"","header-main-stick-meta":"","header-below-stick-meta":"","astra-migrate-meta-layouts":"default","ast-page-background-enabled":"default","ast-page-background-meta":{"desktop":{"background-color":"","background-image":"","background-repeat":"repeat","background-position":"center center","background-size":"auto","background-attachment":"scroll","background-type":"","background-media":"","overlay-type":"","overlay-color":"","overlay-opacity":"","overlay-gradient":""},"tablet":{"background-color":"","background-image":"","background-repeat":"repeat","background-position":"center center","background-size":"auto","background-attachment":"scroll","background-type":"","background-media":"","overlay-type":"","overlay-color":"","overlay-opacity":"","overlay-gradient":""},"mobile":{"background-color":"","background-image":"","background-repeat":"repeat","background-position":"center center","background-size":"auto","background-attachment":"scroll","background-type":"","background-media":"","overlay-type":"","overlay-color":"","overlay-opacity":"","overlay-gradient":""}},"ast-content-background-meta":{"desktop":{"background-color":"var(--ast-global-color-5)","background-image":"","background-repeat":"repeat","background-position":"center center","background-size":"auto","background-attachment":"scroll","background-type":"","background-media":"","overlay-type":"","overlay-color":"","overlay-opacity":"","overlay-gradient":""},"tablet":{"background-color":"var(--ast-global-color-5)","background-image":"","background-repeat":"repeat","background-position":"center center","background-size":"auto","background-attachment":"scroll","background-type":"","background-media":"","overlay-type":"","overlay-color":"","overlay-opacity":"","overlay-gradient":""},"mobile":{"background-color":"var(--ast-global-color-5)","background-image":"","background-repeat":"repeat","background-position":"center center","background-size":"auto","background-attachment":"scroll","background-type":"","background-media":"","overlay-type":"","overlay-color":"","overlay-opacity":"","overlay-gradient":""}},"footnotes":""},"class_list":["post-13593","page","type-page","status-publish","hentry"],"yoast_head":"<!-- This site is optimized with the Yoast SEO plugin v19.0 - https:\/\/yoast.com\/wordpress\/plugins\/seo\/ -->\n<title>GreaTR \u0130talya Ekip Ba\u015fvuru Formu -<\/title>\n<meta name=\"robots\" content=\"index, follow, max-snippet:-1, max-image-preview:large, max-video-preview:-1\" \/>\n<link rel=\"canonical\" href=\"https:\/\/greatr.org\/en\/ekip-basvuru-formu\/\" \/>\n<meta property=\"og:locale\" content=\"en_GB\" \/>\n<meta property=\"og:type\" content=\"article\" \/>\n<meta property=\"og:title\" content=\"GreaTR \u0130talya Ekip Ba\u015fvuru Formu -\" \/>\n<meta property=\"og:description\" content=\"GreaTR \u0130talya Ekip Ba\u015fvuru Formu Burada sadece GreaTR \u0130talya ekibine dahil olmak i\u00e7in haz\u0131rlanan formu doldurabilirsiniz. E\u011fer GreaTR&#8217;a \u00fcye olmak isterseniz men\u00fcdeki &#8221;\u00fcye ol&#8221; butonuna t\u0131klayabilirsiniz. Sadece \u0130talya&#8217;daki \u00fcniversitelerde okuyan T\u00fcrk \u00f6\u011frenciler ve mezunlar ba\u015fvuru yapabilir. Bir sorunuz olmas\u0131 dahilinde topluluk@greatr.org ve italya@greatr.org mail adreslerinden bize ula\u015fabilirsiniz.\" \/>\n<meta property=\"og:url\" content=\"https:\/\/greatr.org\/en\/ekip-basvuru-formu\/\" \/>\n<meta property=\"article:publisher\" content=\"https:\/\/www.facebook.com\/Greatr-102901821792967\" \/>\n<meta property=\"article:modified_time\" content=\"2024-12-22T15:30:58+00:00\" \/>\n<meta name=\"twitter:card\" content=\"summary_large_image\" \/>\n<meta name=\"twitter:site\" content=\"@greatrorg\" \/>\n<script type=\"application\/ld+json\" class=\"yoast-schema-graph\">{\"@context\":\"https:\/\/schema.org\",\"@graph\":[{\"@type\":\"Organization\",\"@id\":\"https:\/\/greatr.org\/#organization\",\"name\":\"GreaTR\",\"url\":\"https:\/\/greatr.org\/\",\"sameAs\":[\"https:\/\/www.instagram.com\/greatrorg\/\",\"https:\/\/www.linkedin.com\/company\/greatr\/\",\"https:\/\/www.youtube.com\/channel\/UCkQ65_M1HarEMSt8XciDTSA\",\"https:\/\/www.facebook.com\/Greatr-102901821792967\",\"https:\/\/twitter.com\/greatrorg\"],\"logo\":{\"@type\":\"ImageObject\",\"inLanguage\":\"en-GB\",\"@id\":\"https:\/\/greatr.org\/#\/schema\/logo\/image\/\",\"url\":\"https:\/\/greatr.org\/wp-content\/uploads\/2022\/06\/GreaTR-Mor750-Logo750GUNCEL@4x.png\",\"contentUrl\":\"https:\/\/greatr.org\/wp-content\/uploads\/2022\/06\/GreaTR-Mor750-Logo750GUNCEL@4x.png\",\"width\":3000,\"height\":3000,\"caption\":\"GreaTR\"},\"image\":{\"@id\":\"https:\/\/greatr.org\/#\/schema\/logo\/image\/\"}},{\"@type\":\"WebSite\",\"@id\":\"https:\/\/greatr.org\/#website\",\"url\":\"https:\/\/greatr.org\/\",\"name\":\"\",\"description\":\"\",\"publisher\":{\"@id\":\"https:\/\/greatr.org\/#organization\"},\"potentialAction\":[{\"@type\":\"SearchAction\",\"target\":{\"@type\":\"EntryPoint\",\"urlTemplate\":\"https:\/\/greatr.org\/?s={search_term_string}\"},\"query-input\":\"required name=search_term_string\"}],\"inLanguage\":\"en-GB\"},{\"@type\":\"WebPage\",\"@id\":\"https:\/\/greatr.org\/ekip-basvuru-formu\/#webpage\",\"url\":\"https:\/\/greatr.org\/ekip-basvuru-formu\/\",\"name\":\"GreaTR \u0130talya Ekip Ba\u015fvuru Formu -\",\"isPartOf\":{\"@id\":\"https:\/\/greatr.org\/#website\"},\"datePublished\":\"2024-12-22T15:22:28+00:00\",\"dateModified\":\"2024-12-22T15:30:58+00:00\",\"breadcrumb\":{\"@id\":\"https:\/\/greatr.org\/ekip-basvuru-formu\/#breadcrumb\"},\"inLanguage\":\"en-GB\",\"potentialAction\":[{\"@type\":\"ReadAction\",\"target\":[\"https:\/\/greatr.org\/ekip-basvuru-formu\/\"]}]},{\"@type\":\"BreadcrumbList\",\"@id\":\"https:\/\/greatr.org\/ekip-basvuru-formu\/#breadcrumb\",\"itemListElement\":[{\"@type\":\"ListItem\",\"position\":1,\"name\":\"Ana sayfa\",\"item\":\"https:\/\/greatr.org\/\"},{\"@type\":\"ListItem\",\"position\":2,\"name\":\"GreaTR \u0130talya Ekip Ba\u015fvuru Formu\"}]}]}<\/script>\n<!-- \/ Yoast SEO plugin. -->","yoast_head_json":{"title":"GreaTR \u0130talya Ekip Ba\u015fvuru Formu -","robots":{"index":"index","follow":"follow","max-snippet":"max-snippet:-1","max-image-preview":"max-image-preview:large","max-video-preview":"max-video-preview:-1"},"canonical":"https:\/\/greatr.org\/en\/ekip-basvuru-formu\/","og_locale":"en_GB","og_type":"article","og_title":"GreaTR \u0130talya Ekip Ba\u015fvuru Formu -","og_description":"GreaTR \u0130talya Ekip Ba\u015fvuru Formu Burada sadece GreaTR \u0130talya ekibine dahil olmak i\u00e7in haz\u0131rlanan formu doldurabilirsiniz. E\u011fer GreaTR&#8217;a \u00fcye olmak isterseniz men\u00fcdeki &#8221;\u00fcye ol&#8221; butonuna t\u0131klayabilirsiniz. Sadece \u0130talya&#8217;daki \u00fcniversitelerde okuyan T\u00fcrk \u00f6\u011frenciler ve mezunlar ba\u015fvuru yapabilir. Bir sorunuz olmas\u0131 dahilinde topluluk@greatr.org ve italya@greatr.org mail adreslerinden bize ula\u015fabilirsiniz.","og_url":"https:\/\/greatr.org\/en\/ekip-basvuru-formu\/","article_publisher":"https:\/\/www.facebook.com\/Greatr-102901821792967","article_modified_time":"2024-12-22T15:30:58+00:00","twitter_card":"summary_large_image","twitter_site":"@greatrorg","schema":{"@context":"https:\/\/schema.org","@graph":[{"@type":"Organization","@id":"https:\/\/greatr.org\/#organization","name":"GreaTR","url":"https:\/\/greatr.org\/","sameAs":["https:\/\/www.instagram.com\/greatrorg\/","https:\/\/www.linkedin.com\/company\/greatr\/","https:\/\/www.youtube.com\/channel\/UCkQ65_M1HarEMSt8XciDTSA","https:\/\/www.facebook.com\/Greatr-102901821792967","https:\/\/twitter.com\/greatrorg"],"logo":{"@type":"ImageObject","inLanguage":"en-GB","@id":"https:\/\/greatr.org\/#\/schema\/logo\/image\/","url":"https:\/\/greatr.org\/wp-content\/uploads\/2022\/06\/GreaTR-Mor750-Logo750GUNCEL@4x.png","contentUrl":"https:\/\/greatr.org\/wp-content\/uploads\/2022\/06\/GreaTR-Mor750-Logo750GUNCEL@4x.png","width":3000,"height":3000,"caption":"GreaTR"},"image":{"@id":"https:\/\/greatr.org\/#\/schema\/logo\/image\/"}},{"@type":"WebSite","@id":"https:\/\/greatr.org\/#website","url":"https:\/\/greatr.org\/","name":"","description":"","publisher":{"@id":"https:\/\/greatr.org\/#organization"},"potentialAction":[{"@type":"SearchAction","target":{"@type":"EntryPoint","urlTemplate":"https:\/\/greatr.org\/?s={search_term_string}"},"query-input":"required name=search_term_string"}],"inLanguage":"en-GB"},{"@type":"WebPage","@id":"https:\/\/greatr.org\/ekip-basvuru-formu\/#webpage","url":"https:\/\/greatr.org\/ekip-basvuru-formu\/","name":"GreaTR \u0130talya Ekip Ba\u015fvuru Formu -","isPartOf":{"@id":"https:\/\/greatr.org\/#website"},"datePublished":"2024-12-22T15:22:28+00:00","dateModified":"2024-12-22T15:30:58+00:00","breadcrumb":{"@id":"https:\/\/greatr.org\/ekip-basvuru-formu\/#breadcrumb"},"inLanguage":"en-GB","potentialAction":[{"@type":"ReadAction","target":["https:\/\/greatr.org\/ekip-basvuru-formu\/"]}]},{"@type":"BreadcrumbList","@id":"https:\/\/greatr.org\/ekip-basvuru-formu\/#breadcrumb","itemListElement":[{"@type":"ListItem","position":1,"name":"Ana sayfa","item":"https:\/\/greatr.org\/"},{"@type":"ListItem","position":2,"name":"GreaTR \u0130talya Ekip Ba\u015fvuru Formu"}]}]}},"uagb_featured_image_src":{"full":false,"thumbnail":false,"medium":false,"medium_large":false,"large":false,"1536x1536":false,"2048x2048":false,"trp-custom-language-flag":false},"uagb_author_info":{"display_name":"admin","author_link":"https:\/\/greatr.org\/en\/author\/admin\/"},"uagb_comment_info":0,"uagb_excerpt":"GreaTR \u0130talya Ekip Ba\u015fvuru Formu Burada sadece GreaTR \u0130talya ekibine dahil olmak i\u00e7in haz\u0131rlanan formu doldurabilirsiniz. E\u011fer GreaTR&#8217;a \u00fcye olmak isterseniz men\u00fcdeki &#8221;\u00fcye ol&#8221; butonuna t\u0131klayabilirsiniz. Sadece \u0130talya&#8217;daki \u00fcniversitelerde okuyan T\u00fcrk \u00f6\u011frenciler ve mezunlar ba\u015fvuru yapabilir. Bir sorunuz olmas\u0131 dahilinde topluluk@greatr.org ve italya@greatr.org mail adreslerinden bize ula\u015fabilirsiniz.","_links":{"self":[{"href":"https:\/\/greatr.org\/en\/wp-json\/wp\/v2\/pages\/13593","targetHints":{"allow":["GET"]}}],"collection":[{"href":"https:\/\/greatr.org\/en\/wp-json\/wp\/v2\/pages"}],"about":[{"href":"https:\/\/greatr.org\/en\/wp-json\/wp\/v2\/types\/page"}],"author":[{"embeddable":true,"href":"https:\/\/greatr.org\/en\/wp-json\/wp\/v2\/users\/1"}],"replies":[{"embeddable":true,"href":"https:\/\/greatr.org\/en\/wp-json\/wp\/v2\/comments?post=13593"}],"version-history":[{"count":11,"href":"https:\/\/greatr.org\/en\/wp-json\/wp\/v2\/pages\/13593\/revisions"}],"predecessor-version":[{"id":13608,"href":"https:\/\/greatr.org\/en\/wp-json\/wp\/v2\/pages\/13593\/revisions\/13608"}],"wp:attachment":[{"href":"https:\/\/greatr.org\/en\/wp-json\/wp\/v2\/media?parent=13593"}],"curies":[{"name":"wp","href":"https:\/\/api.w.org\/{rel}","templated":true}]}}