{"id":13431,"date":"2024-12-15T16:39:38","date_gmt":"2024-12-15T13:39:38","guid":{"rendered":"https:\/\/greatr.org\/?page_id=13431"},"modified":"2024-12-16T19:33:08","modified_gmt":"2024-12-16T16:33:08","slug":"istanbulmeetup","status":"publish","type":"page","link":"https:\/\/greatr.org\/en\/istanbulmeetup\/","title":{"rendered":"GreaTR \u0130stanbul Meet-Up"},"content":{"rendered":"<h1>GreaTR \u0130stanbul Meet-Up<\/h1>\n<p>Yurt d\u0131\u015f\u0131nda e\u011fitim g\u00f6renler, e\u011fitimini tamamlayanlar, tersine g\u00f6\u00e7enler, g\u00f6\u00e7meyi d\u00fc\u015f\u00fcnenler bulu\u015fuyor. Nitelikli T\u00fcrk yetenek a\u011f\u0131 geli\u015fiyor!<\/p>\n<p>Tarih: 19 Aral\u0131k Per\u015fembe<\/p>\n<p>Saat: 20.00-23.00<\/p>\n<p>Mekan: Alexandra Cocktail Bar, \u0130stanbul<\/p>\n<p>\u0130lginiz i\u00e7in te\u015fekk\u00fcrler. Ba\u015fvurular\u0131m\u0131z kapanm\u0131\u015ft\u0131r.<\/p>\n<p>\t\t\t\t\t\t\t\t\t\t<img width=\"1024\" height=\"1024\" src=\"https:\/\/greatr.org\/wp-content\/uploads\/2024\/12\/post6-5-kopya-1024x1024.jpg\" alt=\"\" decoding=\"async\" loading=\"lazy\" srcset=\"https:\/\/greatr.org\/wp-content\/uploads\/2024\/12\/post6-5-kopya-1024x1024.jpg 1024w, https:\/\/greatr.org\/wp-content\/uploads\/2024\/12\/post6-5-kopya-300x300.jpg 300w, https:\/\/greatr.org\/wp-content\/uploads\/2024\/12\/post6-5-kopya-150x150.jpg 150w, https:\/\/greatr.org\/wp-content\/uploads\/2024\/12\/post6-5-kopya-768x768.jpg 768w, https:\/\/greatr.org\/wp-content\/uploads\/2024\/12\/post6-5-kopya-1536x1536.jpg 1536w, https:\/\/greatr.org\/wp-content\/uploads\/2024\/12\/post6-5-kopya-12x12.jpg 12w, https:\/\/greatr.org\/wp-content\/uploads\/2024\/12\/post6-5-kopya.jpg 2000w\" sizes=\"auto, (max-width: 1024px) 100vw, 1024px\" \/><br \/>\n\t\t\t\t\t\t\t\t\t\t<img width=\"300\" height=\"300\" src=\"https:\/\/greatr.org\/wp-content\/uploads\/2024\/12\/b00ee08a-ddc0-4748-bea6-222e28f830c6-300x300.jpeg\" alt=\"\" decoding=\"async\" loading=\"lazy\" srcset=\"https:\/\/greatr.org\/wp-content\/uploads\/2024\/12\/b00ee08a-ddc0-4748-bea6-222e28f830c6-300x300.jpeg 300w, https:\/\/greatr.org\/wp-content\/uploads\/2024\/12\/b00ee08a-ddc0-4748-bea6-222e28f830c6-150x150.jpeg 150w, https:\/\/greatr.org\/wp-content\/uploads\/2024\/12\/b00ee08a-ddc0-4748-bea6-222e28f830c6-768x768.jpeg 768w, https:\/\/greatr.org\/wp-content\/uploads\/2024\/12\/b00ee08a-ddc0-4748-bea6-222e28f830c6-12x12.jpeg 12w, https:\/\/greatr.org\/wp-content\/uploads\/2024\/12\/b00ee08a-ddc0-4748-bea6-222e28f830c6.jpeg 1024w\" sizes=\"auto, (max-width: 300px) 100vw, 300px\" \/><br \/>\n\t\t\t\t\t\t\t\t\t\t<img width=\"1024\" height=\"375\" src=\"https:\/\/greatr.org\/wp-content\/uploads\/2024\/12\/PERNOD-LOGO-2024-2_page-0001-1024x375.jpg\" alt=\"\" decoding=\"async\" loading=\"lazy\" srcset=\"https:\/\/greatr.org\/wp-content\/uploads\/2024\/12\/PERNOD-LOGO-2024-2_page-0001-1024x375.jpg 1024w, https:\/\/greatr.org\/wp-content\/uploads\/2024\/12\/PERNOD-LOGO-2024-2_page-0001-300x110.jpg 300w, https:\/\/greatr.org\/wp-content\/uploads\/2024\/12\/PERNOD-LOGO-2024-2_page-0001-768x281.jpg 768w, https:\/\/greatr.org\/wp-content\/uploads\/2024\/12\/PERNOD-LOGO-2024-2_page-0001-1536x563.jpg 1536w, https:\/\/greatr.org\/wp-content\/uploads\/2024\/12\/PERNOD-LOGO-2024-2_page-0001-2048x750.jpg 2048w, https:\/\/greatr.org\/wp-content\/uploads\/2024\/12\/PERNOD-LOGO-2024-2_page-0001-18x7.jpg 18w\" sizes=\"auto, (max-width: 1024px) 100vw, 1024px\" \/><\/p>","protected":false},"excerpt":{"rendered":"<p>GreaTR \u0130stanbul Meet-Up Yurt d\u0131\u015f\u0131nda e\u011fitim g\u00f6renler, e\u011fitimini tamamlayanlar, tersine g\u00f6\u00e7enler, g\u00f6\u00e7meyi d\u00fc\u015f\u00fcnenler bulu\u015fuyor. Nitelikli T\u00fcrk yetenek a\u011f\u0131 geli\u015fiyor! Tarih: 19 Aral\u0131k Per\u015fembe Saat: 20.00-23.00 Mekan: Alexandra Cocktail Bar, \u0130stanbul \u0130lginiz i\u00e7in te\u015fekk\u00fcrler. Ba\u015fvurular\u0131m\u0131z kapanm\u0131\u015ft\u0131r.<\/p>","protected":false},"author":1,"featured_media":0,"parent":0,"menu_order":0,"comment_status":"closed","ping_status":"closed","template":"","meta":{"_monsterinsights_skip_tracking":false,"_monsterinsights_sitenote_active":false,"_monsterinsights_sitenote_note":"","_monsterinsights_sitenote_category":0,"site-sidebar-layout":"no-sidebar","site-content-layout":"page-builder","ast-site-content-layout":"","site-content-style":"default","site-sidebar-style":"default","ast-global-header-display":"","ast-banner-title-visibility":"","ast-main-header-display":"","ast-hfb-above-header-display":"","ast-hfb-below-header-display":"","ast-hfb-mobile-header-display":"","site-post-title":"disabled","ast-breadcrumbs-content":"","ast-featured-img":"disabled","footer-sml-layout":"","theme-transparent-header-meta":"","adv-header-id-meta":"","stick-header-meta":"","header-above-stick-meta":"","header-main-stick-meta":"","header-below-stick-meta":"","astra-migrate-meta-layouts":"default","ast-page-background-enabled":"default","ast-page-background-meta":{"desktop":{"background-color":"","background-image":"","background-repeat":"repeat","background-position":"center center","background-size":"auto","background-attachment":"scroll","background-type":"","background-media":"","overlay-type":"","overlay-color":"","overlay-opacity":"","overlay-gradient":""},"tablet":{"background-color":"","background-image":"","background-repeat":"repeat","background-position":"center center","background-size":"auto","background-attachment":"scroll","background-type":"","background-media":"","overlay-type":"","overlay-color":"","overlay-opacity":"","overlay-gradient":""},"mobile":{"background-color":"","background-image":"","background-repeat":"repeat","background-position":"center center","background-size":"auto","background-attachment":"scroll","background-type":"","background-media":"","overlay-type":"","overlay-color":"","overlay-opacity":"","overlay-gradient":""}},"ast-content-background-meta":{"desktop":{"background-color":"var(--ast-global-color-5)","background-image":"","background-repeat":"repeat","background-position":"center center","background-size":"auto","background-attachment":"scroll","background-type":"","background-media":"","overlay-type":"","overlay-color":"","overlay-opacity":"","overlay-gradient":""},"tablet":{"background-color":"var(--ast-global-color-5)","background-image":"","background-repeat":"repeat","background-position":"center center","background-size":"auto","background-attachment":"scroll","background-type":"","background-media":"","overlay-type":"","overlay-color":"","overlay-opacity":"","overlay-gradient":""},"mobile":{"background-color":"var(--ast-global-color-5)","background-image":"","background-repeat":"repeat","background-position":"center center","background-size":"auto","background-attachment":"scroll","background-type":"","background-media":"","overlay-type":"","overlay-color":"","overlay-opacity":"","overlay-gradient":""}},"footnotes":""},"class_list":["post-13431","page","type-page","status-publish","hentry"],"yoast_head":"<!-- This site is optimized with the Yoast SEO plugin v19.0 - https:\/\/yoast.com\/wordpress\/plugins\/seo\/ -->\n<title>GreaTR \u0130stanbul Meet-Up -<\/title>\n<meta name=\"robots\" content=\"index, follow, max-snippet:-1, max-image-preview:large, max-video-preview:-1\" \/>\n<link rel=\"canonical\" href=\"https:\/\/greatr.org\/en\/istanbulmeetup\/\" \/>\n<meta property=\"og:locale\" content=\"en_GB\" \/>\n<meta property=\"og:type\" content=\"article\" \/>\n<meta property=\"og:title\" content=\"GreaTR \u0130stanbul Meet-Up -\" \/>\n<meta property=\"og:description\" content=\"GreaTR \u0130stanbul Meet-Up Yurt d\u0131\u015f\u0131nda e\u011fitim g\u00f6renler, e\u011fitimini tamamlayanlar, tersine g\u00f6\u00e7enler, g\u00f6\u00e7meyi d\u00fc\u015f\u00fcnenler bulu\u015fuyor. Nitelikli T\u00fcrk yetenek a\u011f\u0131 geli\u015fiyor! Tarih: 19 Aral\u0131k Per\u015fembe Saat: 20.00-23.00 Mekan: Alexandra Cocktail Bar, \u0130stanbul \u0130lginiz i\u00e7in te\u015fekk\u00fcrler. Ba\u015fvurular\u0131m\u0131z kapanm\u0131\u015ft\u0131r.\" \/>\n<meta property=\"og:url\" content=\"https:\/\/greatr.org\/en\/istanbulmeetup\/\" \/>\n<meta property=\"article:publisher\" content=\"https:\/\/www.facebook.com\/Greatr-102901821792967\" \/>\n<meta property=\"article:modified_time\" content=\"2024-12-16T16:33:08+00:00\" \/>\n<meta property=\"og:image\" content=\"https:\/\/greatr.org\/wp-content\/uploads\/2024\/12\/post6-5-kopya-1024x1024.jpg\" \/>\n<meta name=\"twitter:card\" content=\"summary_large_image\" \/>\n<meta name=\"twitter:site\" content=\"@greatrorg\" \/>\n<script type=\"application\/ld+json\" class=\"yoast-schema-graph\">{\"@context\":\"https:\/\/schema.org\",\"@graph\":[{\"@type\":\"Organization\",\"@id\":\"https:\/\/greatr.org\/#organization\",\"name\":\"GreaTR\",\"url\":\"https:\/\/greatr.org\/\",\"sameAs\":[\"https:\/\/www.instagram.com\/greatrorg\/\",\"https:\/\/www.linkedin.com\/company\/greatr\/\",\"https:\/\/www.youtube.com\/channel\/UCkQ65_M1HarEMSt8XciDTSA\",\"https:\/\/www.facebook.com\/Greatr-102901821792967\",\"https:\/\/twitter.com\/greatrorg\"],\"logo\":{\"@type\":\"ImageObject\",\"inLanguage\":\"en-GB\",\"@id\":\"https:\/\/greatr.org\/#\/schema\/logo\/image\/\",\"url\":\"https:\/\/greatr.org\/wp-content\/uploads\/2022\/06\/GreaTR-Mor750-Logo750GUNCEL@4x.png\",\"contentUrl\":\"https:\/\/greatr.org\/wp-content\/uploads\/2022\/06\/GreaTR-Mor750-Logo750GUNCEL@4x.png\",\"width\":3000,\"height\":3000,\"caption\":\"GreaTR\"},\"image\":{\"@id\":\"https:\/\/greatr.org\/#\/schema\/logo\/image\/\"}},{\"@type\":\"WebSite\",\"@id\":\"https:\/\/greatr.org\/#website\",\"url\":\"https:\/\/greatr.org\/\",\"name\":\"\",\"description\":\"\",\"publisher\":{\"@id\":\"https:\/\/greatr.org\/#organization\"},\"potentialAction\":[{\"@type\":\"SearchAction\",\"target\":{\"@type\":\"EntryPoint\",\"urlTemplate\":\"https:\/\/greatr.org\/?s={search_term_string}\"},\"query-input\":\"required name=search_term_string\"}],\"inLanguage\":\"en-GB\"},{\"@type\":\"ImageObject\",\"inLanguage\":\"en-GB\",\"@id\":\"https:\/\/greatr.org\/istanbulmeetup\/#primaryimage\",\"url\":\"https:\/\/greatr.org\/wp-content\/uploads\/2024\/12\/post6-5-kopya.jpg\",\"contentUrl\":\"https:\/\/greatr.org\/wp-content\/uploads\/2024\/12\/post6-5-kopya.jpg\",\"width\":2000,\"height\":2000},{\"@type\":\"WebPage\",\"@id\":\"https:\/\/greatr.org\/istanbulmeetup\/#webpage\",\"url\":\"https:\/\/greatr.org\/istanbulmeetup\/\",\"name\":\"GreaTR \u0130stanbul Meet-Up -\",\"isPartOf\":{\"@id\":\"https:\/\/greatr.org\/#website\"},\"primaryImageOfPage\":{\"@id\":\"https:\/\/greatr.org\/istanbulmeetup\/#primaryimage\"},\"datePublished\":\"2024-12-15T13:39:38+00:00\",\"dateModified\":\"2024-12-16T16:33:08+00:00\",\"breadcrumb\":{\"@id\":\"https:\/\/greatr.org\/istanbulmeetup\/#breadcrumb\"},\"inLanguage\":\"en-GB\",\"potentialAction\":[{\"@type\":\"ReadAction\",\"target\":[\"https:\/\/greatr.org\/istanbulmeetup\/\"]}]},{\"@type\":\"BreadcrumbList\",\"@id\":\"https:\/\/greatr.org\/istanbulmeetup\/#breadcrumb\",\"itemListElement\":[{\"@type\":\"ListItem\",\"position\":1,\"name\":\"Ana sayfa\",\"item\":\"https:\/\/greatr.org\/\"},{\"@type\":\"ListItem\",\"position\":2,\"name\":\"GreaTR \u0130stanbul Meet-Up\"}]}]}<\/script>\n<!-- \/ Yoast SEO plugin. -->","yoast_head_json":{"title":"GreaTR \u0130stanbul Meet-Up -","robots":{"index":"index","follow":"follow","max-snippet":"max-snippet:-1","max-image-preview":"max-image-preview:large","max-video-preview":"max-video-preview:-1"},"canonical":"https:\/\/greatr.org\/en\/istanbulmeetup\/","og_locale":"en_GB","og_type":"article","og_title":"GreaTR \u0130stanbul Meet-Up -","og_description":"GreaTR \u0130stanbul Meet-Up Yurt d\u0131\u015f\u0131nda e\u011fitim g\u00f6renler, e\u011fitimini tamamlayanlar, tersine g\u00f6\u00e7enler, g\u00f6\u00e7meyi d\u00fc\u015f\u00fcnenler bulu\u015fuyor. Nitelikli T\u00fcrk yetenek a\u011f\u0131 geli\u015fiyor! Tarih: 19 Aral\u0131k Per\u015fembe Saat: 20.00-23.00 Mekan: Alexandra Cocktail Bar, \u0130stanbul \u0130lginiz i\u00e7in te\u015fekk\u00fcrler. Ba\u015fvurular\u0131m\u0131z kapanm\u0131\u015ft\u0131r.","og_url":"https:\/\/greatr.org\/en\/istanbulmeetup\/","article_publisher":"https:\/\/www.facebook.com\/Greatr-102901821792967","article_modified_time":"2024-12-16T16:33:08+00:00","og_image":[{"url":"https:\/\/greatr.org\/wp-content\/uploads\/2024\/12\/post6-5-kopya-1024x1024.jpg"}],"twitter_card":"summary_large_image","twitter_site":"@greatrorg","schema":{"@context":"https:\/\/schema.org","@graph":[{"@type":"Organization","@id":"https:\/\/greatr.org\/#organization","name":"GreaTR","url":"https:\/\/greatr.org\/","sameAs":["https:\/\/www.instagram.com\/greatrorg\/","https:\/\/www.linkedin.com\/company\/greatr\/","https:\/\/www.youtube.com\/channel\/UCkQ65_M1HarEMSt8XciDTSA","https:\/\/www.facebook.com\/Greatr-102901821792967","https:\/\/twitter.com\/greatrorg"],"logo":{"@type":"ImageObject","inLanguage":"en-GB","@id":"https:\/\/greatr.org\/#\/schema\/logo\/image\/","url":"https:\/\/greatr.org\/wp-content\/uploads\/2022\/06\/GreaTR-Mor750-Logo750GUNCEL@4x.png","contentUrl":"https:\/\/greatr.org\/wp-content\/uploads\/2022\/06\/GreaTR-Mor750-Logo750GUNCEL@4x.png","width":3000,"height":3000,"caption":"GreaTR"},"image":{"@id":"https:\/\/greatr.org\/#\/schema\/logo\/image\/"}},{"@type":"WebSite","@id":"https:\/\/greatr.org\/#website","url":"https:\/\/greatr.org\/","name":"","description":"","publisher":{"@id":"https:\/\/greatr.org\/#organization"},"potentialAction":[{"@type":"SearchAction","target":{"@type":"EntryPoint","urlTemplate":"https:\/\/greatr.org\/?s={search_term_string}"},"query-input":"required name=search_term_string"}],"inLanguage":"en-GB"},{"@type":"ImageObject","inLanguage":"en-GB","@id":"https:\/\/greatr.org\/istanbulmeetup\/#primaryimage","url":"https:\/\/greatr.org\/wp-content\/uploads\/2024\/12\/post6-5-kopya.jpg","contentUrl":"https:\/\/greatr.org\/wp-content\/uploads\/2024\/12\/post6-5-kopya.jpg","width":2000,"height":2000},{"@type":"WebPage","@id":"https:\/\/greatr.org\/istanbulmeetup\/#webpage","url":"https:\/\/greatr.org\/istanbulmeetup\/","name":"GreaTR \u0130stanbul Meet-Up -","isPartOf":{"@id":"https:\/\/greatr.org\/#website"},"primaryImageOfPage":{"@id":"https:\/\/greatr.org\/istanbulmeetup\/#primaryimage"},"datePublished":"2024-12-15T13:39:38+00:00","dateModified":"2024-12-16T16:33:08+00:00","breadcrumb":{"@id":"https:\/\/greatr.org\/istanbulmeetup\/#breadcrumb"},"inLanguage":"en-GB","potentialAction":[{"@type":"ReadAction","target":["https:\/\/greatr.org\/istanbulmeetup\/"]}]},{"@type":"BreadcrumbList","@id":"https:\/\/greatr.org\/istanbulmeetup\/#breadcrumb","itemListElement":[{"@type":"ListItem","position":1,"name":"Ana sayfa","item":"https:\/\/greatr.org\/"},{"@type":"ListItem","position":2,"name":"GreaTR \u0130stanbul Meet-Up"}]}]}},"uagb_featured_image_src":{"full":false,"thumbnail":false,"medium":false,"medium_large":false,"large":false,"1536x1536":false,"2048x2048":false,"trp-custom-language-flag":false},"uagb_author_info":{"display_name":"admin","author_link":"https:\/\/greatr.org\/en\/author\/admin\/"},"uagb_comment_info":0,"uagb_excerpt":"GreaTR \u0130stanbul Meet-Up Yurt d\u0131\u015f\u0131nda e\u011fitim g\u00f6renler, e\u011fitimini tamamlayanlar, tersine g\u00f6\u00e7enler, g\u00f6\u00e7meyi d\u00fc\u015f\u00fcnenler bulu\u015fuyor. Nitelikli T\u00fcrk yetenek a\u011f\u0131 geli\u015fiyor! Tarih: 19 Aral\u0131k Per\u015fembe Saat: 20.00-23.00 Mekan: Alexandra Cocktail Bar, \u0130stanbul \u0130lginiz i\u00e7in te\u015fekk\u00fcrler. Ba\u015fvurular\u0131m\u0131z kapanm\u0131\u015ft\u0131r.","_links":{"self":[{"href":"https:\/\/greatr.org\/en\/wp-json\/wp\/v2\/pages\/13431","targetHints":{"allow":["GET"]}}],"collection":[{"href":"https:\/\/greatr.org\/en\/wp-json\/wp\/v2\/pages"}],"about":[{"href":"https:\/\/greatr.org\/en\/wp-json\/wp\/v2\/types\/page"}],"author":[{"embeddable":true,"href":"https:\/\/greatr.org\/en\/wp-json\/wp\/v2\/users\/1"}],"replies":[{"embeddable":true,"href":"https:\/\/greatr.org\/en\/wp-json\/wp\/v2\/comments?post=13431"}],"version-history":[{"count":35,"href":"https:\/\/greatr.org\/en\/wp-json\/wp\/v2\/pages\/13431\/revisions"}],"predecessor-version":[{"id":13536,"href":"https:\/\/greatr.org\/en\/wp-json\/wp\/v2\/pages\/13431\/revisions\/13536"}],"wp:attachment":[{"href":"https:\/\/greatr.org\/en\/wp-json\/wp\/v2\/media?parent=13431"}],"curies":[{"name":"wp","href":"https:\/\/api.w.org\/{rel}","templated":true}]}}