{"id":12299,"date":"2022-09-08T19:46:56","date_gmt":"2022-09-08T16:46:56","guid":{"rendered":"https:\/\/greatr.org\/?page_id=12299"},"modified":"2024-12-13T00:52:07","modified_gmt":"2024-12-12T21:52:07","slug":"beyondtheborders","status":"publish","type":"page","link":"https:\/\/greatr.org\/en\/beyondtheborders\/","title":{"rendered":"Otokar Beyond The Borders Ideathon"},"content":{"rendered":"<div data-elementor-type=\"wp-page\" data-elementor-id=\"12299\" class=\"elementor elementor-12299\" data-elementor-settings=\"[]\">\n\t\t\t\t\t\t<div class=\"elementor-inner\">\n\t\t\t\t\t\t\t<div class=\"elementor-section-wrap\">\n\t\t\t\t\t\t\t<section class=\"elementor-section elementor-top-section elementor-element elementor-element-2792fa0 elementor-section-boxed elementor-section-height-default elementor-section-height-default\" data-id=\"2792fa0\" data-element_type=\"section\">\n\t\t\t\t\t\t<div class=\"elementor-container elementor-column-gap-default\">\n\t\t\t\t\t\t\t<div class=\"elementor-row\">\n\t\t\t\t\t<div class=\"elementor-column elementor-col-100 elementor-top-column elementor-element elementor-element-b83aa95\" data-id=\"b83aa95\" data-element_type=\"column\">\n\t\t\t<div class=\"elementor-column-wrap elementor-element-populated\">\n\t\t\t\t\t\t\t<div class=\"elementor-widget-wrap\">\n\t\t\t\t\t\t<div class=\"elementor-element elementor-element-325590b elementor-widget elementor-widget-heading\" data-id=\"325590b\" data-element_type=\"widget\" data-widget_type=\"heading.default\">\n\t\t\t\t<div class=\"elementor-widget-container\">\n\t\t\t<h2 class=\"elementor-heading-title elementor-size-default\"><span style=\"font-size: 2.222222rem; font-weight: 600;\">Otokar Beyond The Borders Ideathon<\/span><br>23-25 Aral\u0131k \u0130stanbul <\/h2>\t\t<\/div>\n\t\t\t\t<\/div>\n\t\t\t\t\t\t<\/div>\n\t\t\t\t\t<\/div>\n\t\t<\/div>\n\t\t\t\t\t\t\t\t<\/div>\n\t\t\t\t\t<\/div>\n\t\t<\/section>\n\t\t\t\t<section class=\"elementor-section elementor-top-section elementor-element elementor-element-57c3114 elementor-section-boxed elementor-section-height-default elementor-section-height-default\" data-id=\"57c3114\" data-element_type=\"section\">\n\t\t\t\t\t\t<div class=\"elementor-container elementor-column-gap-default\">\n\t\t\t\t\t\t\t<div class=\"elementor-row\">\n\t\t\t\t\t<div class=\"elementor-column elementor-col-100 elementor-top-column elementor-element elementor-element-7aba323\" data-id=\"7aba323\" data-element_type=\"column\">\n\t\t\t<div class=\"elementor-column-wrap elementor-element-populated\">\n\t\t\t\t\t\t\t<div class=\"elementor-widget-wrap\">\n\t\t\t\t\t\t<div class=\"elementor-element elementor-element-a924470 elementor-widget elementor-widget-image\" data-id=\"a924470\" data-element_type=\"widget\" data-widget_type=\"image.default\">\n\t\t\t\t<div class=\"elementor-widget-container\">\n\t\t\t\t\t<div class=\"elementor-image\">\n\t\t\t\t\t\t\t\t\t\t<img loading=\"lazy\" decoding=\"async\" width=\"768\" height=\"384\" src=\"https:\/\/greatr.org\/wp-content\/uploads\/2024\/10\/Otokar-GreaTR-Poster-1600x800-1-1-768x384.png\" class=\"attachment-medium_large size-medium_large\" alt=\"\" srcset=\"https:\/\/greatr.org\/wp-content\/uploads\/2024\/10\/Otokar-GreaTR-Poster-1600x800-1-1-768x384.png 768w, https:\/\/greatr.org\/wp-content\/uploads\/2024\/10\/Otokar-GreaTR-Poster-1600x800-1-1-300x150.png 300w, https:\/\/greatr.org\/wp-content\/uploads\/2024\/10\/Otokar-GreaTR-Poster-1600x800-1-1-1024x512.png 1024w, https:\/\/greatr.org\/wp-content\/uploads\/2024\/10\/Otokar-GreaTR-Poster-1600x800-1-1-1536x768.png 1536w, https:\/\/greatr.org\/wp-content\/uploads\/2024\/10\/Otokar-GreaTR-Poster-1600x800-1-1-2048x1024.png 2048w, https:\/\/greatr.org\/wp-content\/uploads\/2024\/10\/Otokar-GreaTR-Poster-1600x800-1-1-18x9.png 18w\" sizes=\"auto, (max-width: 768px) 100vw, 768px\" \/>\t\t\t\t\t\t\t\t\t\t\t<\/div>\n\t\t\t\t<\/div>\n\t\t\t\t<\/div>\n\t\t\t\t\t\t<\/div>\n\t\t\t\t\t<\/div>\n\t\t<\/div>\n\t\t\t\t\t\t\t\t<\/div>\n\t\t\t\t\t<\/div>\n\t\t<\/section>\n\t\t\t\t<section class=\"elementor-section elementor-top-section elementor-element elementor-element-0e8ebe1 elementor-section-boxed elementor-section-height-default elementor-section-height-default\" data-id=\"0e8ebe1\" data-element_type=\"section\">\n\t\t\t\t\t\t<div class=\"elementor-container elementor-column-gap-default\">\n\t\t\t\t\t\t\t<div class=\"elementor-row\">\n\t\t\t\t\t<div class=\"elementor-column elementor-col-100 elementor-top-column elementor-element elementor-element-a6009f1\" data-id=\"a6009f1\" data-element_type=\"column\">\n\t\t\t<div class=\"elementor-column-wrap elementor-element-populated\">\n\t\t\t\t\t\t\t<div class=\"elementor-widget-wrap\">\n\t\t\t\t\t\t<div class=\"elementor-element elementor-element-1dea05d elementor-widget elementor-widget-text-editor\" data-id=\"1dea05d\" data-element_type=\"widget\" data-widget_type=\"text-editor.default\">\n\t\t\t\t<div class=\"elementor-widget-container\">\n\t\t\t\t\t<div class=\"elementor-text-editor elementor-clearfix\"><p style=\"text-align: center;\"><b>Gelece\u011fin fikirlerini ke\u015ffetmeye haz\u0131r m\u0131s\u0131n?<\/b><span style=\"font-weight: 400;\"> Yurt d\u0131\u015f\u0131nda okuyan T\u00fcrk \u00f6\u011frenciler i\u00e7in d\u00fczenlenen bu Ideathon&#8217;da, <\/span><b>T\u00fcrkiye&#8217;nin lider otomotiv ve savunma sanayi \u015firketi Otokar<\/b><span style=\"font-weight: 400;\"> ile birlikte <\/span><b>do\u011fal afetlere y\u00f6nelik yenilik\u00e7i \u00e7\u00f6z\u00fcmler<\/b><span style=\"font-weight: 400;\"> \u00fcretme f\u0131rsat\u0131n\u0131 yakala!<\/span><\/p><p style=\"text-align: center;\"><span style=\"font-weight: 400;\">3 g\u00fcn s\u00fcrecek bu etkinlikte, kat\u0131l\u0131mc\u0131lar tak\u0131mlar halinde yar\u0131\u015farak, teknoloji ve inovasyonun s\u0131n\u0131rlar\u0131n\u0131 zorlayan projeler \u00fcretecekler. Etkinli\u011fin sonunda, projeler Otokar j\u00fcrisi taraf\u0131ndan de\u011ferlendirilecektir. Teknik ve teorik bilgilerini geli\u015ftirecek olan kat\u0131l\u0131mc\u0131lar\u0131 \u00e7e\u015fitli network ve kariyer f\u0131rsatlar\u0131 bekliyor olacak!<\/span><span style=\"font-weight: 400;\"><br \/><\/span><span style=\"font-weight: 400;\"><br \/><\/span><b>Beyond The Borders Ideathon<\/b><span style=\"font-weight: 400;\">,<\/span><b> yurt d\u0131\u015f\u0131nda okuyan T\u00fcrk \u00f6\u011frencileri<\/b><span style=\"font-weight: 400;\"> T\u00fcrkiye\u2019nin lider kara ara\u00e7lar\u0131 \u00fcreticisi Otokar ile bir araya getirerek, kriz anlar\u0131nda inovatif \u00e7\u00f6z\u00fcmler \u00fcretmeyi ama\u00e7layan \u00f6zel bir fikir yar\u0131\u015fmas\u0131d\u0131r. Bu y\u0131l\u0131n temas\u0131 ise, <\/span><b>do\u011fal afetler<\/b><span style=\"font-weight: 400;\"> i\u00e7in <\/span><b>mod\u00fcler ara\u00e7 tasar\u0131m\u0131<\/b><span style=\"font-weight: 400;\">. Kat\u0131l\u0131mc\u0131lar, acil durumlar i\u00e7in esnek ve \u00e7ok y\u00f6nl\u00fc ara\u00e7 \u00fcniteleri geli\u015ftirecekler. Bu ara\u00e7lar, kurtarma operasyonlar\u0131ndan lojistik deste\u011fe, ge\u00e7ici bar\u0131nma ve ileti\u015fim \u00e7\u00f6z\u00fcmlerine kadar geni\u015f bir yelpazede i\u015flev g\u00f6sterebilecek. <\/span><span style=\"font-weight: 400;\"><br \/><\/span><span style=\"font-weight: 400;\"><br \/><\/span><span style=\"font-weight: 400;\">\u0130stanbul\u2019da 3 g\u00fcn s\u00fcrecek bu etkinlikte, kat\u0131l\u0131mc\u0131lar tak\u0131mlar halinde yar\u0131\u015farak, teknoloji ve inovasyonun s\u0131n\u0131rlar\u0131n\u0131 zorlayan projeler \u00fcretecekler. <\/span><span style=\"font-weight: 400;\">Do\u011fal afetler i\u00e7in tasarlayaca\u011f\u0131n\u0131z bu \u00f6zel mod\u00fcler ara\u00e7larla s\u0131n\u0131rlar\u0131 a\u015f\u0131n ve gelece\u011fin \u00e7\u00f6z\u00fcm orta\u011f\u0131 olun!<\/span><span style=\"font-weight: 400;\"><br \/><\/span><\/p><\/div>\n\t\t\t\t<\/div>\n\t\t\t\t<\/div>\n\t\t\t\t\t\t<\/div>\n\t\t\t\t\t<\/div>\n\t\t<\/div>\n\t\t\t\t\t\t\t\t<\/div>\n\t\t\t\t\t<\/div>\n\t\t<\/section>\n\t\t\t\t<section class=\"elementor-section elementor-top-section elementor-element elementor-element-be14803 elementor-section-boxed elementor-section-height-default elementor-section-height-default\" data-id=\"be14803\" data-element_type=\"section\">\n\t\t\t\t\t\t<div class=\"elementor-container elementor-column-gap-default\">\n\t\t\t\t\t\t\t<div class=\"elementor-row\">\n\t\t\t\t\t<div class=\"elementor-column elementor-col-100 elementor-top-column elementor-element elementor-element-6163ae8\" data-id=\"6163ae8\" data-element_type=\"column\">\n\t\t\t<div class=\"elementor-column-wrap elementor-element-populated\">\n\t\t\t\t\t\t\t<div class=\"elementor-widget-wrap\">\n\t\t\t\t\t\t<div class=\"elementor-element elementor-element-fa2faa9 elementor-widget elementor-widget-text-editor\" data-id=\"fa2faa9\" data-element_type=\"widget\" data-widget_type=\"text-editor.default\">\n\t\t\t\t<div class=\"elementor-widget-container\">\n\t\t\t\t\t<div class=\"elementor-text-editor elementor-clearfix\"><p><b>Konaklama Bilgisi:<\/b><\/p>\n<p><span style=\"font-weight: 400;\">Beyond The Borders Ideathon\u2019a kat\u0131lacak kat\u0131l\u0131mc\u0131lar\u0131n konaklama ve yemek masraflar\u0131, etkinlik s\u00fcresince Otokar taraf\u0131ndan sa\u011flanacakt\u0131r.<\/span><\/p>\n<p><span style=\"font-weight: 400;\">Son Ba\u015fvuru: 10 Kas\u0131m 2024 23.59 TS\u0130<\/span><\/p>\n<p><span style=\"font-size: 18px;\">Ideathon Lokasyonu: \u0130stanbul\/Y\u00fcz y\u00fcze<\/span><br><\/p><p><span style=\"font-size: 18px;\">T\u00fcm b\u00f6l\u00fcmlerden ba\u015fvurular kabul edilecektir.<\/span><\/p><\/div>\n\t\t\t\t<\/div>\n\t\t\t\t<\/div>\n\t\t\t\t\t\t<\/div>\n\t\t\t\t\t<\/div>\n\t\t<\/div>\n\t\t\t\t\t\t\t\t<\/div>\n\t\t\t\t\t<\/div>\n\t\t<\/section>\n\t\t\t\t<section class=\"elementor-section elementor-top-section elementor-element elementor-element-3c08bfa elementor-section-boxed elementor-section-height-default elementor-section-height-default\" data-id=\"3c08bfa\" data-element_type=\"section\">\n\t\t\t\t\t\t<div class=\"elementor-container elementor-column-gap-default\">\n\t\t\t\t\t\t\t<div class=\"elementor-row\">\n\t\t\t\t\t<div class=\"elementor-column elementor-col-100 elementor-top-column elementor-element elementor-element-7de77aa\" data-id=\"7de77aa\" data-element_type=\"column\">\n\t\t\t<div class=\"elementor-column-wrap elementor-element-populated\">\n\t\t\t\t\t\t\t<div class=\"elementor-widget-wrap\">\n\t\t\t\t\t\t<div class=\"elementor-element elementor-element-9590abb elementor-widget elementor-widget-heading\" data-id=\"9590abb\" data-element_type=\"widget\" data-widget_type=\"heading.default\">\n\t\t\t\t<div class=\"elementor-widget-container\">\n\t\t\t<h2 class=\"elementor-heading-title elementor-size-default\">Otokar Beyond The Borders Idethon Ba\u015fvurular\u0131m\u0131z kapanm\u0131\u015ft\u0131r. \u0130lginiz i\u00e7in te\u015fekk\u00fcrler.<\/h2>\t\t<\/div>\n\t\t\t\t<\/div>\n\t\t\t\t\t\t<\/div>\n\t\t\t\t\t<\/div>\n\t\t<\/div>\n\t\t\t\t\t\t\t\t<\/div>\n\t\t\t\t\t<\/div>\n\t\t<\/section>\n\t\t\t\t\t\t<\/div>\n\t\t\t\t\t\t<\/div>\n\t\t\t\t\t<\/div>","protected":false},"excerpt":{"rendered":"<p>Otokar Beyond The Borders Ideathon23-25 Aral\u0131k \u0130stanbul Gelece\u011fin fikirlerini ke\u015ffetmeye haz\u0131r m\u0131s\u0131n? Yurt d\u0131\u015f\u0131nda okuyan T\u00fcrk \u00f6\u011frenciler i\u00e7in d\u00fczenlenen bu Ideathon&#8217;da, T\u00fcrkiye&#8217;nin lider otomotiv ve savunma sanayi \u015firketi Otokar ile birlikte do\u011fal afetlere y\u00f6nelik yenilik\u00e7i \u00e7\u00f6z\u00fcmler \u00fcretme f\u0131rsat\u0131n\u0131 yakala! 3 g\u00fcn s\u00fcrecek bu etkinlikte, kat\u0131l\u0131mc\u0131lar tak\u0131mlar halinde yar\u0131\u015farak, teknoloji ve inovasyonun s\u0131n\u0131rlar\u0131n\u0131 zorlayan projeler \u00fcretecekler. [&hellip;]<\/p>","protected":false},"author":1,"featured_media":0,"parent":0,"menu_order":0,"comment_status":"closed","ping_status":"closed","template":"","meta":{"_monsterinsights_skip_tracking":false,"_monsterinsights_sitenote_active":false,"_monsterinsights_sitenote_note":"","_monsterinsights_sitenote_category":0,"site-sidebar-layout":"no-sidebar","site-content-layout":"page-builder","ast-site-content-layout":"","site-content-style":"default","site-sidebar-style":"default","ast-global-header-display":"","ast-banner-title-visibility":"","ast-main-header-display":"","ast-hfb-above-header-display":"","ast-hfb-below-header-display":"","ast-hfb-mobile-header-display":"","site-post-title":"disabled","ast-breadcrumbs-content":"","ast-featured-img":"disabled","footer-sml-layout":"","theme-transparent-header-meta":"","adv-header-id-meta":"","stick-header-meta":"","header-above-stick-meta":"","header-main-stick-meta":"","header-below-stick-meta":"","astra-migrate-meta-layouts":"default","ast-page-background-enabled":"default","ast-page-background-meta":{"desktop":{"background-color":"","background-image":"","background-repeat":"repeat","background-position":"center center","background-size":"auto","background-attachment":"scroll","background-type":"","background-media":"","overlay-type":"","overlay-color":"","overlay-opacity":"","overlay-gradient":""},"tablet":{"background-color":"","background-image":"","background-repeat":"repeat","background-position":"center center","background-size":"auto","background-attachment":"scroll","background-type":"","background-media":"","overlay-type":"","overlay-color":"","overlay-opacity":"","overlay-gradient":""},"mobile":{"background-color":"","background-image":"","background-repeat":"repeat","background-position":"center center","background-size":"auto","background-attachment":"scroll","background-type":"","background-media":"","overlay-type":"","overlay-color":"","overlay-opacity":"","overlay-gradient":""}},"ast-content-background-meta":{"desktop":{"background-color":"var(--ast-global-color-5)","background-image":"","background-repeat":"repeat","background-position":"center center","background-size":"auto","background-attachment":"scroll","background-type":"","background-media":"","overlay-type":"","overlay-color":"","overlay-opacity":"","overlay-gradient":""},"tablet":{"background-color":"var(--ast-global-color-5)","background-image":"","background-repeat":"repeat","background-position":"center center","background-size":"auto","background-attachment":"scroll","background-type":"","background-media":"","overlay-type":"","overlay-color":"","overlay-opacity":"","overlay-gradient":""},"mobile":{"background-color":"var(--ast-global-color-5)","background-image":"","background-repeat":"repeat","background-position":"center center","background-size":"auto","background-attachment":"scroll","background-type":"","background-media":"","overlay-type":"","overlay-color":"","overlay-opacity":"","overlay-gradient":""}},"footnotes":""},"class_list":["post-12299","page","type-page","status-publish","hentry"],"yoast_head":"<!-- This site is optimized with the Yoast SEO plugin v19.0 - https:\/\/yoast.com\/wordpress\/plugins\/seo\/ -->\n<title>Otokar Beyond The Borders Ideathon -<\/title>\n<meta name=\"robots\" content=\"index, follow, max-snippet:-1, max-image-preview:large, max-video-preview:-1\" \/>\n<link rel=\"canonical\" href=\"https:\/\/greatr.org\/en\/beyondtheborders\/\" \/>\n<meta property=\"og:locale\" content=\"en_GB\" \/>\n<meta property=\"og:type\" content=\"article\" \/>\n<meta property=\"og:title\" content=\"Otokar Beyond The Borders Ideathon -\" \/>\n<meta property=\"og:description\" content=\"Otokar Beyond The Borders Ideathon23-25 Aral\u0131k \u0130stanbul Gelece\u011fin fikirlerini ke\u015ffetmeye haz\u0131r m\u0131s\u0131n? Yurt d\u0131\u015f\u0131nda okuyan T\u00fcrk \u00f6\u011frenciler i\u00e7in d\u00fczenlenen bu Ideathon&#8217;da, T\u00fcrkiye&#8217;nin lider otomotiv ve savunma sanayi \u015firketi Otokar ile birlikte do\u011fal afetlere y\u00f6nelik yenilik\u00e7i \u00e7\u00f6z\u00fcmler \u00fcretme f\u0131rsat\u0131n\u0131 yakala! 3 g\u00fcn s\u00fcrecek bu etkinlikte, kat\u0131l\u0131mc\u0131lar tak\u0131mlar halinde yar\u0131\u015farak, teknoloji ve inovasyonun s\u0131n\u0131rlar\u0131n\u0131 zorlayan projeler \u00fcretecekler. [&hellip;]\" \/>\n<meta property=\"og:url\" content=\"https:\/\/greatr.org\/en\/beyondtheborders\/\" \/>\n<meta property=\"article:publisher\" content=\"https:\/\/www.facebook.com\/Greatr-102901821792967\" \/>\n<meta property=\"article:modified_time\" content=\"2024-12-12T21:52:07+00:00\" \/>\n<meta property=\"og:image\" content=\"https:\/\/greatr.org\/wp-content\/uploads\/2024\/10\/Otokar-GreaTR-Poster-1600x800-1-1-768x384.png\" \/>\n<meta name=\"twitter:card\" content=\"summary_large_image\" \/>\n<meta name=\"twitter:site\" content=\"@greatrorg\" \/>\n<meta name=\"twitter:label1\" content=\"Est. reading time\" \/>\n\t<meta name=\"twitter:data1\" content=\"2 minutes\" \/>\n<script type=\"application\/ld+json\" class=\"yoast-schema-graph\">{\"@context\":\"https:\/\/schema.org\",\"@graph\":[{\"@type\":\"Organization\",\"@id\":\"https:\/\/greatr.org\/#organization\",\"name\":\"GreaTR\",\"url\":\"https:\/\/greatr.org\/\",\"sameAs\":[\"https:\/\/www.instagram.com\/greatrorg\/\",\"https:\/\/www.linkedin.com\/company\/greatr\/\",\"https:\/\/www.youtube.com\/channel\/UCkQ65_M1HarEMSt8XciDTSA\",\"https:\/\/www.facebook.com\/Greatr-102901821792967\",\"https:\/\/twitter.com\/greatrorg\"],\"logo\":{\"@type\":\"ImageObject\",\"inLanguage\":\"en-GB\",\"@id\":\"https:\/\/greatr.org\/#\/schema\/logo\/image\/\",\"url\":\"https:\/\/greatr.org\/wp-content\/uploads\/2022\/06\/GreaTR-Mor750-Logo750GUNCEL@4x.png\",\"contentUrl\":\"https:\/\/greatr.org\/wp-content\/uploads\/2022\/06\/GreaTR-Mor750-Logo750GUNCEL@4x.png\",\"width\":3000,\"height\":3000,\"caption\":\"GreaTR\"},\"image\":{\"@id\":\"https:\/\/greatr.org\/#\/schema\/logo\/image\/\"}},{\"@type\":\"WebSite\",\"@id\":\"https:\/\/greatr.org\/#website\",\"url\":\"https:\/\/greatr.org\/\",\"name\":\"\",\"description\":\"\",\"publisher\":{\"@id\":\"https:\/\/greatr.org\/#organization\"},\"potentialAction\":[{\"@type\":\"SearchAction\",\"target\":{\"@type\":\"EntryPoint\",\"urlTemplate\":\"https:\/\/greatr.org\/?s={search_term_string}\"},\"query-input\":\"required name=search_term_string\"}],\"inLanguage\":\"en-GB\"},{\"@type\":\"ImageObject\",\"inLanguage\":\"en-GB\",\"@id\":\"https:\/\/greatr.org\/beyondtheborders\/#primaryimage\",\"url\":\"https:\/\/greatr.org\/wp-content\/uploads\/2024\/10\/Otokar-GreaTR-Poster-1600x800-1-1.png\",\"contentUrl\":\"https:\/\/greatr.org\/wp-content\/uploads\/2024\/10\/Otokar-GreaTR-Poster-1600x800-1-1.png\",\"width\":3200,\"height\":1600},{\"@type\":\"WebPage\",\"@id\":\"https:\/\/greatr.org\/beyondtheborders\/#webpage\",\"url\":\"https:\/\/greatr.org\/beyondtheborders\/\",\"name\":\"Otokar Beyond The Borders Ideathon -\",\"isPartOf\":{\"@id\":\"https:\/\/greatr.org\/#website\"},\"primaryImageOfPage\":{\"@id\":\"https:\/\/greatr.org\/beyondtheborders\/#primaryimage\"},\"datePublished\":\"2022-09-08T16:46:56+00:00\",\"dateModified\":\"2024-12-12T21:52:07+00:00\",\"breadcrumb\":{\"@id\":\"https:\/\/greatr.org\/beyondtheborders\/#breadcrumb\"},\"inLanguage\":\"en-GB\",\"potentialAction\":[{\"@type\":\"ReadAction\",\"target\":[\"https:\/\/greatr.org\/beyondtheborders\/\"]}]},{\"@type\":\"BreadcrumbList\",\"@id\":\"https:\/\/greatr.org\/beyondtheborders\/#breadcrumb\",\"itemListElement\":[{\"@type\":\"ListItem\",\"position\":1,\"name\":\"Ana sayfa\",\"item\":\"https:\/\/greatr.org\/\"},{\"@type\":\"ListItem\",\"position\":2,\"name\":\"Otokar Beyond The Borders Ideathon\"}]}]}<\/script>\n<!-- \/ Yoast SEO plugin. -->","yoast_head_json":{"title":"Otokar Beyond The Borders Ideathon -","robots":{"index":"index","follow":"follow","max-snippet":"max-snippet:-1","max-image-preview":"max-image-preview:large","max-video-preview":"max-video-preview:-1"},"canonical":"https:\/\/greatr.org\/en\/beyondtheborders\/","og_locale":"en_GB","og_type":"article","og_title":"Otokar Beyond The Borders Ideathon -","og_description":"Otokar Beyond The Borders Ideathon23-25 Aral\u0131k \u0130stanbul Gelece\u011fin fikirlerini ke\u015ffetmeye haz\u0131r m\u0131s\u0131n? Yurt d\u0131\u015f\u0131nda okuyan T\u00fcrk \u00f6\u011frenciler i\u00e7in d\u00fczenlenen bu Ideathon&#8217;da, T\u00fcrkiye&#8217;nin lider otomotiv ve savunma sanayi \u015firketi Otokar ile birlikte do\u011fal afetlere y\u00f6nelik yenilik\u00e7i \u00e7\u00f6z\u00fcmler \u00fcretme f\u0131rsat\u0131n\u0131 yakala! 3 g\u00fcn s\u00fcrecek bu etkinlikte, kat\u0131l\u0131mc\u0131lar tak\u0131mlar halinde yar\u0131\u015farak, teknoloji ve inovasyonun s\u0131n\u0131rlar\u0131n\u0131 zorlayan projeler \u00fcretecekler. [&hellip;]","og_url":"https:\/\/greatr.org\/en\/beyondtheborders\/","article_publisher":"https:\/\/www.facebook.com\/Greatr-102901821792967","article_modified_time":"2024-12-12T21:52:07+00:00","og_image":[{"url":"https:\/\/greatr.org\/wp-content\/uploads\/2024\/10\/Otokar-GreaTR-Poster-1600x800-1-1-768x384.png"}],"twitter_card":"summary_large_image","twitter_site":"@greatrorg","twitter_misc":{"Est. reading time":"2 minutes"},"schema":{"@context":"https:\/\/schema.org","@graph":[{"@type":"Organization","@id":"https:\/\/greatr.org\/#organization","name":"GreaTR","url":"https:\/\/greatr.org\/","sameAs":["https:\/\/www.instagram.com\/greatrorg\/","https:\/\/www.linkedin.com\/company\/greatr\/","https:\/\/www.youtube.com\/channel\/UCkQ65_M1HarEMSt8XciDTSA","https:\/\/www.facebook.com\/Greatr-102901821792967","https:\/\/twitter.com\/greatrorg"],"logo":{"@type":"ImageObject","inLanguage":"en-GB","@id":"https:\/\/greatr.org\/#\/schema\/logo\/image\/","url":"https:\/\/greatr.org\/wp-content\/uploads\/2022\/06\/GreaTR-Mor750-Logo750GUNCEL@4x.png","contentUrl":"https:\/\/greatr.org\/wp-content\/uploads\/2022\/06\/GreaTR-Mor750-Logo750GUNCEL@4x.png","width":3000,"height":3000,"caption":"GreaTR"},"image":{"@id":"https:\/\/greatr.org\/#\/schema\/logo\/image\/"}},{"@type":"WebSite","@id":"https:\/\/greatr.org\/#website","url":"https:\/\/greatr.org\/","name":"","description":"","publisher":{"@id":"https:\/\/greatr.org\/#organization"},"potentialAction":[{"@type":"SearchAction","target":{"@type":"EntryPoint","urlTemplate":"https:\/\/greatr.org\/?s={search_term_string}"},"query-input":"required name=search_term_string"}],"inLanguage":"en-GB"},{"@type":"ImageObject","inLanguage":"en-GB","@id":"https:\/\/greatr.org\/beyondtheborders\/#primaryimage","url":"https:\/\/greatr.org\/wp-content\/uploads\/2024\/10\/Otokar-GreaTR-Poster-1600x800-1-1.png","contentUrl":"https:\/\/greatr.org\/wp-content\/uploads\/2024\/10\/Otokar-GreaTR-Poster-1600x800-1-1.png","width":3200,"height":1600},{"@type":"WebPage","@id":"https:\/\/greatr.org\/beyondtheborders\/#webpage","url":"https:\/\/greatr.org\/beyondtheborders\/","name":"Otokar Beyond The Borders Ideathon -","isPartOf":{"@id":"https:\/\/greatr.org\/#website"},"primaryImageOfPage":{"@id":"https:\/\/greatr.org\/beyondtheborders\/#primaryimage"},"datePublished":"2022-09-08T16:46:56+00:00","dateModified":"2024-12-12T21:52:07+00:00","breadcrumb":{"@id":"https:\/\/greatr.org\/beyondtheborders\/#breadcrumb"},"inLanguage":"en-GB","potentialAction":[{"@type":"ReadAction","target":["https:\/\/greatr.org\/beyondtheborders\/"]}]},{"@type":"BreadcrumbList","@id":"https:\/\/greatr.org\/beyondtheborders\/#breadcrumb","itemListElement":[{"@type":"ListItem","position":1,"name":"Ana sayfa","item":"https:\/\/greatr.org\/"},{"@type":"ListItem","position":2,"name":"Otokar Beyond The Borders Ideathon"}]}]}},"uagb_featured_image_src":{"full":false,"thumbnail":false,"medium":false,"medium_large":false,"large":false,"1536x1536":false,"2048x2048":false,"trp-custom-language-flag":false},"uagb_author_info":{"display_name":"admin","author_link":"https:\/\/greatr.org\/en\/author\/admin\/"},"uagb_comment_info":0,"uagb_excerpt":"Otokar Beyond The Borders Ideathon23-25 Aral\u0131k \u0130stanbul Gelece\u011fin fikirlerini ke\u015ffetmeye haz\u0131r m\u0131s\u0131n? Yurt d\u0131\u015f\u0131nda okuyan T\u00fcrk \u00f6\u011frenciler i\u00e7in d\u00fczenlenen bu Ideathon&#8217;da, T\u00fcrkiye&#8217;nin lider otomotiv ve savunma sanayi \u015firketi Otokar ile birlikte do\u011fal afetlere y\u00f6nelik yenilik\u00e7i \u00e7\u00f6z\u00fcmler \u00fcretme f\u0131rsat\u0131n\u0131 yakala! 3 g\u00fcn s\u00fcrecek bu etkinlikte, kat\u0131l\u0131mc\u0131lar tak\u0131mlar halinde yar\u0131\u015farak, teknoloji ve inovasyonun s\u0131n\u0131rlar\u0131n\u0131 zorlayan projeler \u00fcretecekler.&hellip;","_links":{"self":[{"href":"https:\/\/greatr.org\/en\/wp-json\/wp\/v2\/pages\/12299","targetHints":{"allow":["GET"]}}],"collection":[{"href":"https:\/\/greatr.org\/en\/wp-json\/wp\/v2\/pages"}],"about":[{"href":"https:\/\/greatr.org\/en\/wp-json\/wp\/v2\/types\/page"}],"author":[{"embeddable":true,"href":"https:\/\/greatr.org\/en\/wp-json\/wp\/v2\/users\/1"}],"replies":[{"embeddable":true,"href":"https:\/\/greatr.org\/en\/wp-json\/wp\/v2\/comments?post=12299"}],"version-history":[{"count":93,"href":"https:\/\/greatr.org\/en\/wp-json\/wp\/v2\/pages\/12299\/revisions"}],"predecessor-version":[{"id":13430,"href":"https:\/\/greatr.org\/en\/wp-json\/wp\/v2\/pages\/12299\/revisions\/13430"}],"wp:attachment":[{"href":"https:\/\/greatr.org\/en\/wp-json\/wp\/v2\/media?parent=12299"}],"curies":[{"name":"wp","href":"https:\/\/api.w.org\/{rel}","templated":true}]}}