{"id":12050,"date":"2022-07-12T15:37:25","date_gmt":"2022-07-12T12:37:25","guid":{"rendered":"https:\/\/greatr.org\/?page_id=12050"},"modified":"2022-07-18T13:13:58","modified_gmt":"2022-07-18T10:13:58","slug":"anadolu-grubu","status":"publish","type":"page","link":"https:\/\/greatr.org\/en\/anadolu-grubu\/","title":{"rendered":"Anadolu Grubu"},"content":{"rendered":"<div data-elementor-type=\"wp-page\" data-elementor-id=\"12050\" class=\"elementor elementor-12050\" data-elementor-settings=\"[]\">\n\t\t\t\t\t\t<div class=\"elementor-inner\">\n\t\t\t\t\t\t\t<div class=\"elementor-section-wrap\">\n\t\t\t\t\t\t\t<section class=\"elementor-section elementor-top-section elementor-element elementor-element-04eb89b elementor-section-boxed elementor-section-height-default elementor-section-height-default\" data-id=\"04eb89b\" data-element_type=\"section\">\n\t\t\t\t\t\t<div class=\"elementor-container elementor-column-gap-default\">\n\t\t\t\t\t\t\t<div class=\"elementor-row\">\n\t\t\t\t\t<div class=\"elementor-column elementor-col-100 elementor-top-column elementor-element elementor-element-a74044d\" data-id=\"a74044d\" data-element_type=\"column\">\n\t\t\t<div class=\"elementor-column-wrap elementor-element-populated\">\n\t\t\t\t\t\t\t<div class=\"elementor-widget-wrap\">\n\t\t\t\t\t\t<div class=\"elementor-element elementor-element-489361d elementor-widget elementor-widget-heading\" data-id=\"489361d\" data-element_type=\"widget\" data-widget_type=\"heading.default\">\n\t\t\t\t<div class=\"elementor-widget-container\">\n\t\t\t<h2 class=\"elementor-heading-title elementor-size-default\">T\u00fcrkiye\u2019nin en b\u00fcy\u00fck global \u015firketlerinden Anadolu Grubu Chief Young Officer ar\u0131yor!\n<\/h2>\t\t<\/div>\n\t\t\t\t<\/div>\n\t\t\t\t\t\t<\/div>\n\t\t\t\t\t<\/div>\n\t\t<\/div>\n\t\t\t\t\t\t\t\t<\/div>\n\t\t\t\t\t<\/div>\n\t\t<\/section>\n\t\t\t\t<section class=\"elementor-section elementor-top-section elementor-element elementor-element-4b73cd4 elementor-section-boxed elementor-section-height-default elementor-section-height-default\" data-id=\"4b73cd4\" data-element_type=\"section\">\n\t\t\t\t\t\t<div class=\"elementor-container elementor-column-gap-default\">\n\t\t\t\t\t\t\t<div class=\"elementor-row\">\n\t\t\t\t\t<div class=\"elementor-column elementor-col-100 elementor-top-column elementor-element elementor-element-4320207\" data-id=\"4320207\" data-element_type=\"column\">\n\t\t\t<div class=\"elementor-column-wrap elementor-element-populated\">\n\t\t\t\t\t\t\t<div class=\"elementor-widget-wrap\">\n\t\t\t\t\t\t<div class=\"elementor-element elementor-element-15d9f83 elementor-widget elementor-widget-image\" data-id=\"15d9f83\" data-element_type=\"widget\" data-widget_type=\"image.default\">\n\t\t\t\t<div class=\"elementor-widget-container\">\n\t\t\t\t\t<div class=\"elementor-image\">\n\t\t\t\t\t\t\t\t\t\t<img loading=\"lazy\" decoding=\"async\" width=\"1024\" height=\"512\" src=\"https:\/\/greatr.org\/wp-content\/uploads\/2022\/07\/WhatsApp-Image-2022-07-12-at-15.06.16-1024x512.jpeg\" class=\"attachment-large size-large\" alt=\"\" srcset=\"https:\/\/greatr.org\/wp-content\/uploads\/2022\/07\/WhatsApp-Image-2022-07-12-at-15.06.16-1024x512.jpeg 1024w, https:\/\/greatr.org\/wp-content\/uploads\/2022\/07\/WhatsApp-Image-2022-07-12-at-15.06.16-300x150.jpeg 300w, https:\/\/greatr.org\/wp-content\/uploads\/2022\/07\/WhatsApp-Image-2022-07-12-at-15.06.16-768x384.jpeg 768w, https:\/\/greatr.org\/wp-content\/uploads\/2022\/07\/WhatsApp-Image-2022-07-12-at-15.06.16-1536x768.jpeg 1536w, https:\/\/greatr.org\/wp-content\/uploads\/2022\/07\/WhatsApp-Image-2022-07-12-at-15.06.16.jpeg 1600w\" sizes=\"auto, (max-width: 1024px) 100vw, 1024px\" \/>\t\t\t\t\t\t\t\t\t\t\t<\/div>\n\t\t\t\t<\/div>\n\t\t\t\t<\/div>\n\t\t\t\t\t\t<\/div>\n\t\t\t\t\t<\/div>\n\t\t<\/div>\n\t\t\t\t\t\t\t\t<\/div>\n\t\t\t\t\t<\/div>\n\t\t<\/section>\n\t\t\t\t<section class=\"elementor-section elementor-top-section elementor-element elementor-element-b967b5e elementor-section-boxed elementor-section-height-default elementor-section-height-default\" data-id=\"b967b5e\" data-element_type=\"section\">\n\t\t\t\t\t\t<div class=\"elementor-container elementor-column-gap-default\">\n\t\t\t\t\t\t\t<div class=\"elementor-row\">\n\t\t\t\t\t<div class=\"elementor-column elementor-col-100 elementor-top-column elementor-element elementor-element-62749ef\" data-id=\"62749ef\" data-element_type=\"column\">\n\t\t\t<div class=\"elementor-column-wrap elementor-element-populated\">\n\t\t\t\t\t\t\t<div class=\"elementor-widget-wrap\">\n\t\t\t\t\t\t<div class=\"elementor-element elementor-element-8f15061 elementor-widget elementor-widget-heading\" data-id=\"8f15061\" data-element_type=\"widget\" data-widget_type=\"heading.default\">\n\t\t\t\t<div class=\"elementor-widget-container\">\n\t\t\t<h4 class=\"elementor-heading-title elementor-size-default\">Anadolu Grubu\u2019nun b\u00fcnyesinde kariyerine kal\u0131c\u0131 ve yenilik\u00e7i bir sayfa a\u00e7mak istersen bu ilan senin i\u00e7in. \ud83d\udc9c<\/h4>\t\t<\/div>\n\t\t\t\t<\/div>\n\t\t\t\t<div class=\"elementor-element elementor-element-d5a10fd elementor-widget-divider--view-line elementor-widget elementor-widget-divider\" data-id=\"d5a10fd\" data-element_type=\"widget\" data-widget_type=\"divider.default\">\n\t\t\t\t<div class=\"elementor-widget-container\">\n\t\t\t\t\t<div class=\"elementor-divider\">\n\t\t\t<span class=\"elementor-divider-separator\">\n\t\t\t\t\t\t<\/span>\n\t\t<\/div>\n\t\t\t\t<\/div>\n\t\t\t\t<\/div>\n\t\t\t\t\t\t<\/div>\n\t\t\t\t\t<\/div>\n\t\t<\/div>\n\t\t\t\t\t\t\t\t<\/div>\n\t\t\t\t\t<\/div>\n\t\t<\/section>\n\t\t\t\t<section class=\"elementor-section elementor-top-section elementor-element elementor-element-91e31cf elementor-section-boxed elementor-section-height-default elementor-section-height-default\" data-id=\"91e31cf\" data-element_type=\"section\">\n\t\t\t\t\t\t<div class=\"elementor-container elementor-column-gap-default\">\n\t\t\t\t\t\t\t<div class=\"elementor-row\">\n\t\t\t\t\t<div class=\"elementor-column elementor-col-100 elementor-top-column elementor-element elementor-element-a34d2cf\" data-id=\"a34d2cf\" data-element_type=\"column\">\n\t\t\t<div class=\"elementor-column-wrap elementor-element-populated\">\n\t\t\t\t\t\t\t<div class=\"elementor-widget-wrap\">\n\t\t\t\t\t\t<div class=\"elementor-element elementor-element-1df8225 elementor-widget elementor-widget-text-editor\" data-id=\"1df8225\" data-element_type=\"widget\" data-widget_type=\"text-editor.default\">\n\t\t\t\t<div class=\"elementor-widget-container\">\n\t\t\t\t\t<div class=\"elementor-text-editor elementor-clearfix\"><p>Gen\u00e7 yeteneklere de\u011fer veren politikas\u0131 ile Anadolu Grubu i\u00e7erisinde \u00f6zel projeler \u00fczerine<br \/>tecr\u00fcbeli mentorler ile \u00e7al\u0131\u015farak kurumsal hayata profesyonel bir ad\u0131m atmay\u0131 kim istemez?<\/p><p>A\u015fa\u011f\u0131da yer alan departmanlardan sana uygun olanda 10 ay boyunca Anadolu Grubu\u2019nun birden fazla Grup \u015firketinde \u00e7al\u0131\u015fma f\u0131rsat\u0131 elde edebilirsin.<\/p><p>\u25aa\ufe0fHuman Reasources,<br \/>\u25aa\ufe0fInformation Technologies,<br \/>\u25aa\ufe0fFinance,<br \/>\u25aa\ufe0fInternal Audit.<\/p><p>Siz de benden iyi CYO mu olur? diyorsan\u0131z ba\u015fvurmay\u0131 unutmay\u0131n!<br \/>Ba\u015fvuru ve detaylar i\u00e7in: <span style=\"text-decoration: underline;\"><a href=\"https:\/\/www.linkedin.com\/jobs\/view\/3138029130\" target=\"_blank\" rel=\"noopener\">https:\/\/www.linkedin.com\/jobs\/view\/3138029130<\/a><\/span><\/p><p>Son ba\u015fvuru tarihi: 22 temmuz \u23f0<\/p><\/div>\n\t\t\t\t<\/div>\n\t\t\t\t<\/div>\n\t\t\t\t<div class=\"elementor-element elementor-element-66eaed2 elementor-widget-divider--view-line elementor-widget elementor-widget-divider\" data-id=\"66eaed2\" data-element_type=\"widget\" data-widget_type=\"divider.default\">\n\t\t\t\t<div class=\"elementor-widget-container\">\n\t\t\t\t\t<div class=\"elementor-divider\">\n\t\t\t<span class=\"elementor-divider-separator\">\n\t\t\t\t\t\t<\/span>\n\t\t<\/div>\n\t\t\t\t<\/div>\n\t\t\t\t<\/div>\n\t\t\t\t\t\t<\/div>\n\t\t\t\t\t<\/div>\n\t\t<\/div>\n\t\t\t\t\t\t\t\t<\/div>\n\t\t\t\t\t<\/div>\n\t\t<\/section>\n\t\t\t\t<section class=\"elementor-section elementor-top-section elementor-element elementor-element-06195e3 elementor-section-boxed elementor-section-height-default elementor-section-height-default\" data-id=\"06195e3\" data-element_type=\"section\">\n\t\t\t\t\t\t<div class=\"elementor-container elementor-column-gap-default\">\n\t\t\t\t\t\t\t<div class=\"elementor-row\">\n\t\t\t\t\t<div class=\"elementor-column elementor-col-100 elementor-top-column elementor-element elementor-element-861e008\" data-id=\"861e008\" data-element_type=\"column\">\n\t\t\t<div class=\"elementor-column-wrap elementor-element-populated\">\n\t\t\t\t\t\t\t<div class=\"elementor-widget-wrap\">\n\t\t\t\t\t\t<div class=\"elementor-element elementor-element-15b22ea elementor-widget elementor-widget-heading\" data-id=\"15b22ea\" data-element_type=\"widget\" data-widget_type=\"heading.default\">\n\t\t\t\t<div class=\"elementor-widget-container\">\n\t\t\t<h3 class=\"elementor-heading-title elementor-size-default\">Want to browse our other job postings?   <\/h3>\t\t<\/div>\n\t\t\t\t<\/div>\n\t\t\t\t<div class=\"elementor-element elementor-element-47982fa elementor-arrows-position-outside elementor-pagination-position-outside elementor-widget elementor-widget-image-carousel\" data-id=\"47982fa\" data-element_type=\"widget\" data-settings=\"{&quot;slides_to_show&quot;:&quot;1&quot;,&quot;navigation&quot;:&quot;both&quot;,&quot;autoplay&quot;:&quot;yes&quot;,&quot;pause_on_hover&quot;:&quot;yes&quot;,&quot;pause_on_interaction&quot;:&quot;yes&quot;,&quot;autoplay_speed&quot;:5000,&quot;infinite&quot;:&quot;yes&quot;,&quot;effect&quot;:&quot;slide&quot;,&quot;speed&quot;:500}\" data-widget_type=\"image-carousel.default\">\n\t\t\t\t<div class=\"elementor-widget-container\">\n\t\t\t            <div class=\"elementor-image-carousel-wrapper swiper-container\" dir=\"ltr\">\n                <div class=\"elementor-image-carousel swiper-wrapper\">\n\t\t\t\t\t\t\t\t\t\t<div class=\"swiper-slide\"><a data-elementor-open-lightbox=\"no\" href=\"https:\/\/greatr.org\/en\/mavi\/\" target=\"\"><figure class=\"swiper-slide-inner\"><img decoding=\"async\" class=\"swiper-slide-image\" src=\"https:\/\/greatr.org\/wp-content\/uploads\/2022\/07\/mavi1.png\" alt=\"mavi1\" \/><\/figure><\/a><\/div><div class=\"swiper-slide\"><a data-elementor-open-lightbox=\"no\" href=\"https:\/\/greatr.org\/en\/vakko\/\" target=\"\"><figure class=\"swiper-slide-inner\"><img decoding=\"async\" class=\"swiper-slide-image\" src=\"https:\/\/greatr.org\/wp-content\/uploads\/2022\/07\/vakko1-1.png\" alt=\"vakko1\" \/><\/figure><\/a><\/div>                <\/div>\n\t\t\t\t\t\t\t\t\t                        <div class=\"swiper-pagination\"><\/div>\n\t\t\t\t\t\t\t\t\t\t                        <div class=\"elementor-swiper-button elementor-swiper-button-prev\">\n                            <i class=\"eicon-chevron-left\" aria-hidden=\"true\"><\/i>\n                            <span class=\"elementor-screen-only\">Previous<\/span>\n                        <\/div>\n                        <div class=\"elementor-swiper-button elementor-swiper-button-next\">\n                            <i class=\"eicon-chevron-right\" aria-hidden=\"true\"><\/i>\n                            <span class=\"elementor-screen-only\">Next<\/span>\n                        <\/div>\n\t\t\t\t\t\t\t\t\t            <\/div>\n\t\t\t\t\t<\/div>\n\t\t\t\t<\/div>\n\t\t\t\t\t\t<\/div>\n\t\t\t\t\t<\/div>\n\t\t<\/div>\n\t\t\t\t\t\t\t\t<\/div>\n\t\t\t\t\t<\/div>\n\t\t<\/section>\n\t\t\t\t\t\t<\/div>\n\t\t\t\t\t\t<\/div>\n\t\t\t\t\t<\/div>","protected":false},"excerpt":{"rendered":"<p>T\u00fcrkiye\u2019nin en b\u00fcy\u00fck global \u015firketlerinden Anadolu Grubu Chief Young Officer ar\u0131yor! Anadolu Grubu\u2019nun b\u00fcnyesinde kariyerine kal\u0131c\u0131 ve yenilik\u00e7i bir sayfa a\u00e7mak istersen bu ilan senin i\u00e7in. \ud83d\udc9c Gen\u00e7 yeteneklere de\u011fer veren politikas\u0131 ile Anadolu Grubu i\u00e7erisinde \u00f6zel projeler \u00fczerinetecr\u00fcbeli mentorler ile \u00e7al\u0131\u015farak kurumsal hayata profesyonel bir ad\u0131m atmay\u0131 kim istemez? A\u015fa\u011f\u0131da yer alan departmanlardan sana [&hellip;]<\/p>","protected":false},"author":1,"featured_media":0,"parent":0,"menu_order":0,"comment_status":"closed","ping_status":"closed","template":"","meta":{"_monsterinsights_skip_tracking":false,"_monsterinsights_sitenote_active":false,"_monsterinsights_sitenote_note":"","_monsterinsights_sitenote_category":0,"site-sidebar-layout":"no-sidebar","site-content-layout":"page-builder","ast-site-content-layout":"","site-content-style":"default","site-sidebar-style":"default","ast-global-header-display":"","ast-banner-title-visibility":"","ast-main-header-display":"","ast-hfb-above-header-display":"","ast-hfb-below-header-display":"","ast-hfb-mobile-header-display":"","site-post-title":"disabled","ast-breadcrumbs-content":"","ast-featured-img":"disabled","footer-sml-layout":"","theme-transparent-header-meta":"","adv-header-id-meta":"","stick-header-meta":"","header-above-stick-meta":"","header-main-stick-meta":"","header-below-stick-meta":"","astra-migrate-meta-layouts":"default","ast-page-background-enabled":"default","ast-page-background-meta":{"desktop":{"background-color":"","background-image":"","background-repeat":"repeat","background-position":"center center","background-size":"auto","background-attachment":"scroll","background-type":"","background-media":"","overlay-type":"","overlay-color":"","overlay-opacity":"","overlay-gradient":""},"tablet":{"background-color":"","background-image":"","background-repeat":"repeat","background-position":"center center","background-size":"auto","background-attachment":"scroll","background-type":"","background-media":"","overlay-type":"","overlay-color":"","overlay-opacity":"","overlay-gradient":""},"mobile":{"background-color":"","background-image":"","background-repeat":"repeat","background-position":"center center","background-size":"auto","background-attachment":"scroll","background-type":"","background-media":"","overlay-type":"","overlay-color":"","overlay-opacity":"","overlay-gradient":""}},"ast-content-background-meta":{"desktop":{"background-color":"var(--ast-global-color-5)","background-image":"","background-repeat":"repeat","background-position":"center center","background-size":"auto","background-attachment":"scroll","background-type":"","background-media":"","overlay-type":"","overlay-color":"","overlay-opacity":"","overlay-gradient":""},"tablet":{"background-color":"var(--ast-global-color-5)","background-image":"","background-repeat":"repeat","background-position":"center center","background-size":"auto","background-attachment":"scroll","background-type":"","background-media":"","overlay-type":"","overlay-color":"","overlay-opacity":"","overlay-gradient":""},"mobile":{"background-color":"var(--ast-global-color-5)","background-image":"","background-repeat":"repeat","background-position":"center center","background-size":"auto","background-attachment":"scroll","background-type":"","background-media":"","overlay-type":"","overlay-color":"","overlay-opacity":"","overlay-gradient":""}},"footnotes":""},"class_list":["post-12050","page","type-page","status-publish","hentry"],"yoast_head":"<!-- This site is optimized with the Yoast SEO plugin v19.0 - https:\/\/yoast.com\/wordpress\/plugins\/seo\/ -->\n<title>Anadolu Grubu -<\/title>\n<meta name=\"robots\" content=\"index, follow, max-snippet:-1, max-image-preview:large, max-video-preview:-1\" \/>\n<link rel=\"canonical\" href=\"https:\/\/greatr.org\/en\/anadolu-grubu\/\" \/>\n<meta property=\"og:locale\" content=\"en_GB\" \/>\n<meta property=\"og:type\" content=\"article\" \/>\n<meta property=\"og:title\" content=\"Anadolu Grubu -\" \/>\n<meta property=\"og:description\" content=\"T\u00fcrkiye\u2019nin en b\u00fcy\u00fck global \u015firketlerinden Anadolu Grubu Chief Young Officer ar\u0131yor! Anadolu Grubu\u2019nun b\u00fcnyesinde kariyerine kal\u0131c\u0131 ve yenilik\u00e7i bir sayfa a\u00e7mak istersen bu ilan senin i\u00e7in. \ud83d\udc9c Gen\u00e7 yeteneklere de\u011fer veren politikas\u0131 ile Anadolu Grubu i\u00e7erisinde \u00f6zel projeler \u00fczerinetecr\u00fcbeli mentorler ile \u00e7al\u0131\u015farak kurumsal hayata profesyonel bir ad\u0131m atmay\u0131 kim istemez? A\u015fa\u011f\u0131da yer alan departmanlardan sana [&hellip;]\" \/>\n<meta property=\"og:url\" content=\"https:\/\/greatr.org\/en\/anadolu-grubu\/\" \/>\n<meta property=\"article:publisher\" content=\"https:\/\/www.facebook.com\/Greatr-102901821792967\" \/>\n<meta property=\"article:modified_time\" content=\"2022-07-18T10:13:58+00:00\" \/>\n<meta property=\"og:image\" content=\"https:\/\/greatr.org\/wp-content\/uploads\/2022\/07\/WhatsApp-Image-2022-07-12-at-15.06.16-1024x512.jpeg\" \/>\n<meta name=\"twitter:card\" content=\"summary_large_image\" \/>\n<meta name=\"twitter:site\" content=\"@greatrorg\" \/>\n<meta name=\"twitter:label1\" content=\"Est. reading time\" \/>\n\t<meta name=\"twitter:data1\" content=\"3 minutes\" \/>\n<script type=\"application\/ld+json\" class=\"yoast-schema-graph\">{\"@context\":\"https:\/\/schema.org\",\"@graph\":[{\"@type\":\"Organization\",\"@id\":\"https:\/\/greatr.org\/#organization\",\"name\":\"GreaTR\",\"url\":\"https:\/\/greatr.org\/\",\"sameAs\":[\"https:\/\/www.instagram.com\/greatrorg\/\",\"https:\/\/www.linkedin.com\/company\/greatr\/\",\"https:\/\/www.youtube.com\/channel\/UCkQ65_M1HarEMSt8XciDTSA\",\"https:\/\/www.facebook.com\/Greatr-102901821792967\",\"https:\/\/twitter.com\/greatrorg\"],\"logo\":{\"@type\":\"ImageObject\",\"inLanguage\":\"en-GB\",\"@id\":\"https:\/\/greatr.org\/#\/schema\/logo\/image\/\",\"url\":\"https:\/\/greatr.org\/wp-content\/uploads\/2022\/06\/GreaTR-Mor750-Logo750GUNCEL@4x.png\",\"contentUrl\":\"https:\/\/greatr.org\/wp-content\/uploads\/2022\/06\/GreaTR-Mor750-Logo750GUNCEL@4x.png\",\"width\":3000,\"height\":3000,\"caption\":\"GreaTR\"},\"image\":{\"@id\":\"https:\/\/greatr.org\/#\/schema\/logo\/image\/\"}},{\"@type\":\"WebSite\",\"@id\":\"https:\/\/greatr.org\/#website\",\"url\":\"https:\/\/greatr.org\/\",\"name\":\"\",\"description\":\"\",\"publisher\":{\"@id\":\"https:\/\/greatr.org\/#organization\"},\"potentialAction\":[{\"@type\":\"SearchAction\",\"target\":{\"@type\":\"EntryPoint\",\"urlTemplate\":\"https:\/\/greatr.org\/?s={search_term_string}\"},\"query-input\":\"required name=search_term_string\"}],\"inLanguage\":\"en-GB\"},{\"@type\":\"ImageObject\",\"inLanguage\":\"en-GB\",\"@id\":\"https:\/\/greatr.org\/anadolu-grubu\/#primaryimage\",\"url\":\"https:\/\/greatr.org\/wp-content\/uploads\/2022\/07\/WhatsApp-Image-2022-07-12-at-15.06.16.jpeg\",\"contentUrl\":\"https:\/\/greatr.org\/wp-content\/uploads\/2022\/07\/WhatsApp-Image-2022-07-12-at-15.06.16.jpeg\",\"width\":1600,\"height\":800},{\"@type\":\"WebPage\",\"@id\":\"https:\/\/greatr.org\/anadolu-grubu\/#webpage\",\"url\":\"https:\/\/greatr.org\/anadolu-grubu\/\",\"name\":\"Anadolu Grubu -\",\"isPartOf\":{\"@id\":\"https:\/\/greatr.org\/#website\"},\"primaryImageOfPage\":{\"@id\":\"https:\/\/greatr.org\/anadolu-grubu\/#primaryimage\"},\"datePublished\":\"2022-07-12T12:37:25+00:00\",\"dateModified\":\"2022-07-18T10:13:58+00:00\",\"breadcrumb\":{\"@id\":\"https:\/\/greatr.org\/anadolu-grubu\/#breadcrumb\"},\"inLanguage\":\"en-GB\",\"potentialAction\":[{\"@type\":\"ReadAction\",\"target\":[\"https:\/\/greatr.org\/anadolu-grubu\/\"]}]},{\"@type\":\"BreadcrumbList\",\"@id\":\"https:\/\/greatr.org\/anadolu-grubu\/#breadcrumb\",\"itemListElement\":[{\"@type\":\"ListItem\",\"position\":1,\"name\":\"Ana sayfa\",\"item\":\"https:\/\/greatr.org\/\"},{\"@type\":\"ListItem\",\"position\":2,\"name\":\"Anadolu Grubu\"}]}]}<\/script>\n<!-- \/ Yoast SEO plugin. -->","yoast_head_json":{"title":"Anadolu Grubu -","robots":{"index":"index","follow":"follow","max-snippet":"max-snippet:-1","max-image-preview":"max-image-preview:large","max-video-preview":"max-video-preview:-1"},"canonical":"https:\/\/greatr.org\/en\/anadolu-grubu\/","og_locale":"en_GB","og_type":"article","og_title":"Anadolu Grubu -","og_description":"T\u00fcrkiye\u2019nin en b\u00fcy\u00fck global \u015firketlerinden Anadolu Grubu Chief Young Officer ar\u0131yor! Anadolu Grubu\u2019nun b\u00fcnyesinde kariyerine kal\u0131c\u0131 ve yenilik\u00e7i bir sayfa a\u00e7mak istersen bu ilan senin i\u00e7in. \ud83d\udc9c Gen\u00e7 yeteneklere de\u011fer veren politikas\u0131 ile Anadolu Grubu i\u00e7erisinde \u00f6zel projeler \u00fczerinetecr\u00fcbeli mentorler ile \u00e7al\u0131\u015farak kurumsal hayata profesyonel bir ad\u0131m atmay\u0131 kim istemez? A\u015fa\u011f\u0131da yer alan departmanlardan sana [&hellip;]","og_url":"https:\/\/greatr.org\/en\/anadolu-grubu\/","article_publisher":"https:\/\/www.facebook.com\/Greatr-102901821792967","article_modified_time":"2022-07-18T10:13:58+00:00","og_image":[{"url":"https:\/\/greatr.org\/wp-content\/uploads\/2022\/07\/WhatsApp-Image-2022-07-12-at-15.06.16-1024x512.jpeg"}],"twitter_card":"summary_large_image","twitter_site":"@greatrorg","twitter_misc":{"Est. reading time":"3 minutes"},"schema":{"@context":"https:\/\/schema.org","@graph":[{"@type":"Organization","@id":"https:\/\/greatr.org\/#organization","name":"GreaTR","url":"https:\/\/greatr.org\/","sameAs":["https:\/\/www.instagram.com\/greatrorg\/","https:\/\/www.linkedin.com\/company\/greatr\/","https:\/\/www.youtube.com\/channel\/UCkQ65_M1HarEMSt8XciDTSA","https:\/\/www.facebook.com\/Greatr-102901821792967","https:\/\/twitter.com\/greatrorg"],"logo":{"@type":"ImageObject","inLanguage":"en-GB","@id":"https:\/\/greatr.org\/#\/schema\/logo\/image\/","url":"https:\/\/greatr.org\/wp-content\/uploads\/2022\/06\/GreaTR-Mor750-Logo750GUNCEL@4x.png","contentUrl":"https:\/\/greatr.org\/wp-content\/uploads\/2022\/06\/GreaTR-Mor750-Logo750GUNCEL@4x.png","width":3000,"height":3000,"caption":"GreaTR"},"image":{"@id":"https:\/\/greatr.org\/#\/schema\/logo\/image\/"}},{"@type":"WebSite","@id":"https:\/\/greatr.org\/#website","url":"https:\/\/greatr.org\/","name":"","description":"","publisher":{"@id":"https:\/\/greatr.org\/#organization"},"potentialAction":[{"@type":"SearchAction","target":{"@type":"EntryPoint","urlTemplate":"https:\/\/greatr.org\/?s={search_term_string}"},"query-input":"required name=search_term_string"}],"inLanguage":"en-GB"},{"@type":"ImageObject","inLanguage":"en-GB","@id":"https:\/\/greatr.org\/anadolu-grubu\/#primaryimage","url":"https:\/\/greatr.org\/wp-content\/uploads\/2022\/07\/WhatsApp-Image-2022-07-12-at-15.06.16.jpeg","contentUrl":"https:\/\/greatr.org\/wp-content\/uploads\/2022\/07\/WhatsApp-Image-2022-07-12-at-15.06.16.jpeg","width":1600,"height":800},{"@type":"WebPage","@id":"https:\/\/greatr.org\/anadolu-grubu\/#webpage","url":"https:\/\/greatr.org\/anadolu-grubu\/","name":"Anadolu Grubu -","isPartOf":{"@id":"https:\/\/greatr.org\/#website"},"primaryImageOfPage":{"@id":"https:\/\/greatr.org\/anadolu-grubu\/#primaryimage"},"datePublished":"2022-07-12T12:37:25+00:00","dateModified":"2022-07-18T10:13:58+00:00","breadcrumb":{"@id":"https:\/\/greatr.org\/anadolu-grubu\/#breadcrumb"},"inLanguage":"en-GB","potentialAction":[{"@type":"ReadAction","target":["https:\/\/greatr.org\/anadolu-grubu\/"]}]},{"@type":"BreadcrumbList","@id":"https:\/\/greatr.org\/anadolu-grubu\/#breadcrumb","itemListElement":[{"@type":"ListItem","position":1,"name":"Ana sayfa","item":"https:\/\/greatr.org\/"},{"@type":"ListItem","position":2,"name":"Anadolu Grubu"}]}]}},"uagb_featured_image_src":{"full":false,"thumbnail":false,"medium":false,"medium_large":false,"large":false,"1536x1536":false,"2048x2048":false,"trp-custom-language-flag":false},"uagb_author_info":{"display_name":"admin","author_link":"https:\/\/greatr.org\/en\/author\/admin\/"},"uagb_comment_info":0,"uagb_excerpt":"T\u00fcrkiye\u2019nin en b\u00fcy\u00fck global \u015firketlerinden Anadolu Grubu Chief Young Officer ar\u0131yor! Anadolu Grubu\u2019nun b\u00fcnyesinde kariyerine kal\u0131c\u0131 ve yenilik\u00e7i bir sayfa a\u00e7mak istersen bu ilan senin i\u00e7in. \ud83d\udc9c Gen\u00e7 yeteneklere de\u011fer veren politikas\u0131 ile Anadolu Grubu i\u00e7erisinde \u00f6zel projeler \u00fczerinetecr\u00fcbeli mentorler ile \u00e7al\u0131\u015farak kurumsal hayata profesyonel bir ad\u0131m atmay\u0131 kim istemez? A\u015fa\u011f\u0131da yer alan departmanlardan sana&hellip;","_links":{"self":[{"href":"https:\/\/greatr.org\/en\/wp-json\/wp\/v2\/pages\/12050","targetHints":{"allow":["GET"]}}],"collection":[{"href":"https:\/\/greatr.org\/en\/wp-json\/wp\/v2\/pages"}],"about":[{"href":"https:\/\/greatr.org\/en\/wp-json\/wp\/v2\/types\/page"}],"author":[{"embeddable":true,"href":"https:\/\/greatr.org\/en\/wp-json\/wp\/v2\/users\/1"}],"replies":[{"embeddable":true,"href":"https:\/\/greatr.org\/en\/wp-json\/wp\/v2\/comments?post=12050"}],"version-history":[{"count":26,"href":"https:\/\/greatr.org\/en\/wp-json\/wp\/v2\/pages\/12050\/revisions"}],"predecessor-version":[{"id":12119,"href":"https:\/\/greatr.org\/en\/wp-json\/wp\/v2\/pages\/12050\/revisions\/12119"}],"wp:attachment":[{"href":"https:\/\/greatr.org\/en\/wp-json\/wp\/v2\/media?parent=12050"}],"curies":[{"name":"wp","href":"https:\/\/api.w.org\/{rel}","templated":true}]}}