{"id":11683,"date":"2022-06-24T19:19:53","date_gmt":"2022-06-24T16:19:53","guid":{"rendered":"https:\/\/greatr.org\/?page_id=11683"},"modified":"2022-06-30T15:30:13","modified_gmt":"2022-06-30T12:30:13","slug":"sirketler-tarafinda-tersine-beyin-gocu-icin-ne-yapilabilir","status":"publish","type":"page","link":"https:\/\/greatr.org\/en\/sirketler-tarafinda-tersine-beyin-gocu-icin-ne-yapilabilir\/","title":{"rendered":"What Can Be Done for Reverse Brain Drain by Companies?"},"content":{"rendered":"<div data-elementor-type=\"wp-page\" data-elementor-id=\"11683\" class=\"elementor elementor-11683\" data-elementor-settings=\"[]\">\n\t\t\t\t\t\t<div class=\"elementor-inner\">\n\t\t\t\t\t\t\t<div class=\"elementor-section-wrap\">\n\t\t\t\t\t\t\t<section class=\"elementor-section elementor-top-section elementor-element elementor-element-5deda5d elementor-section-boxed elementor-section-height-default elementor-section-height-default\" data-id=\"5deda5d\" data-element_type=\"section\">\n\t\t\t\t\t\t<div class=\"elementor-container elementor-column-gap-default\">\n\t\t\t\t\t\t\t<div class=\"elementor-row\">\n\t\t\t\t\t<div class=\"elementor-column elementor-col-50 elementor-top-column elementor-element elementor-element-cdef3dc\" data-id=\"cdef3dc\" data-element_type=\"column\">\n\t\t\t<div class=\"elementor-column-wrap elementor-element-populated\">\n\t\t\t\t\t\t\t<div class=\"elementor-widget-wrap\">\n\t\t\t\t\t\t<div class=\"elementor-element elementor-element-d3acd28 elementor-widget elementor-widget-image\" data-id=\"d3acd28\" data-element_type=\"widget\" data-widget_type=\"image.default\">\n\t\t\t\t<div class=\"elementor-widget-container\">\n\t\t\t\t\t<div class=\"elementor-image\">\n\t\t\t\t\t\t\t\t\t\t<img loading=\"lazy\" decoding=\"async\" width=\"1024\" height=\"853\" src=\"https:\/\/greatr.org\/wp-content\/uploads\/2022\/06\/WhatsApp-Image-2022-06-30-at-15.28.09.jpeg\" class=\"attachment-large size-large\" alt=\"\" srcset=\"https:\/\/greatr.org\/wp-content\/uploads\/2022\/06\/WhatsApp-Image-2022-06-30-at-15.28.09.jpeg 1024w, https:\/\/greatr.org\/wp-content\/uploads\/2022\/06\/WhatsApp-Image-2022-06-30-at-15.28.09-300x250.jpeg 300w, https:\/\/greatr.org\/wp-content\/uploads\/2022\/06\/WhatsApp-Image-2022-06-30-at-15.28.09-768x640.jpeg 768w\" sizes=\"auto, (max-width: 1024px) 100vw, 1024px\" \/>\t\t\t\t\t\t\t\t\t\t\t<\/div>\n\t\t\t\t<\/div>\n\t\t\t\t<\/div>\n\t\t\t\t\t\t<\/div>\n\t\t\t\t\t<\/div>\n\t\t<\/div>\n\t\t\t\t<div class=\"elementor-column elementor-col-50 elementor-top-column elementor-element elementor-element-30140ea\" data-id=\"30140ea\" data-element_type=\"column\">\n\t\t\t<div class=\"elementor-column-wrap elementor-element-populated\">\n\t\t\t\t\t\t\t<div class=\"elementor-widget-wrap\">\n\t\t\t\t\t\t<div class=\"elementor-element elementor-element-74aff2b elementor-widget elementor-widget-heading\" data-id=\"74aff2b\" data-element_type=\"widget\" data-widget_type=\"heading.default\">\n\t\t\t\t<div class=\"elementor-widget-container\">\n\t\t\t<h2 class=\"elementor-heading-title elementor-size-large\">What Can Be Done for Reverse Brain Drain<\/br> by Companies? <\/h2>\t\t<\/div>\n\t\t\t\t<\/div>\n\t\t\t\t\t\t<\/div>\n\t\t\t\t\t<\/div>\n\t\t<\/div>\n\t\t\t\t\t\t\t\t<\/div>\n\t\t\t\t\t<\/div>\n\t\t<\/section>\n\t\t\t\t<section class=\"elementor-section elementor-top-section elementor-element elementor-element-f25bef4 elementor-section-boxed elementor-section-height-default elementor-section-height-default\" data-id=\"f25bef4\" data-element_type=\"section\">\n\t\t\t\t\t\t<div class=\"elementor-container elementor-column-gap-default\">\n\t\t\t\t\t\t\t<div class=\"elementor-row\">\n\t\t\t\t\t<div class=\"elementor-column elementor-col-100 elementor-top-column elementor-element elementor-element-855f148\" data-id=\"855f148\" data-element_type=\"column\">\n\t\t\t<div class=\"elementor-column-wrap elementor-element-populated\">\n\t\t\t\t\t\t\t<div class=\"elementor-widget-wrap\">\n\t\t\t\t\t\t<div class=\"elementor-element elementor-element-760cd00 elementor-widget elementor-widget-text-editor\" data-id=\"760cd00\" data-element_type=\"widget\" data-widget_type=\"text-editor.default\">\n\t\t\t\t<div class=\"elementor-widget-container\">\n\t\t\t\t\t<div class=\"elementor-text-editor elementor-clearfix\"><p><span style=\"font-weight: 400;\">Living in the same geography and speaking the same language may not always be enough to understand each other. Economic, political and technological developments have an important role in the differentiation of thought structures, lifestyles, attitudes and behaviors of generations. This differentiation in the attitudes and behaviors of generations is especially evident in their working lives. Generation conflicts that arise due to communication breakdowns and disagreements between young and old generations are the problems encountered in business life. Each generation inherits their own stories, realities and feelings to the next generation, so for a country to realize itself and build a better future, generations need to understand the previous and next generation. The young generation who want to be understood or not understood, who want to be heard or not, is now looking for a solution by immigrating from their own country.\u00a0<\/span><\/p><p><span style=\"font-weight: 400;\">In the current order, where the generation gap is more pronounced than in the past, creating a business environment where values \u200b\u200band perspectives do not conflict and experiences and knowledge are shared in a more supportive way will be more productive and beneficial for all generations. In particular, since the uniform practices of enterprises in the management processes do not comply with the business values \u200b\u200bof the young generation, some radical changes should be made. As long as businesses do not make radical changes in their management processes, young talents will continue to leave our country.<\/span><\/p><p><span style=\"font-weight: 400;\">It is obvious that the young brain drain, which has become a serious problem for our country, is not given the necessary attention or it is late in showing it, but we can always think of more than one solution for the reverse brain drain to occur. We, as a team, bring young Turkish talents from the world together with Turkey's leading companies in order to prevent the problems that have caused the rapid increase in brain drain over the years and that will cause them in the future, and we provide the communication of companies with the new generation young talents on a professional platform. By understanding and analyzing the troubles of our own generation, we develop ways and take actions to support reverse brain drain with the aim of increasing the welfare level of Turkey. We have listed our collaborations with companies that emphasize and attach importance to reverse brain drain under 3 main headings for you.<\/span><\/p><p><span style=\"font-weight: 400;\">1- Announcement of Your Recruitment and Talent Programs <\/span><span style=\"font-weight: 400;\">\ud83d\udce2<\/span><span style=\"font-weight: 400;\">: <\/span><span style=\"font-weight: 400;\">You can increase your employer brand awareness for young Turkish talents studying abroad by announcing your job and internship postings and talent programs to young Turkish talents studying abroad.<\/span><\/p><ul><li style=\"font-weight: 400;\" aria-level=\"1\"><span style=\"font-weight: 400;\">Social Media Channels <\/span><span style=\"font-weight: 400;\">\ud83d\udcbb<\/span><\/li><li style=\"font-weight: 400;\" aria-level=\"1\"><span style=\"font-weight: 400;\">Whatsapp Groups <\/span><span style=\"font-weight: 400;\">\ud83d\udcf1<\/span><\/li><li style=\"font-weight: 400;\" aria-level=\"1\"><span style=\"font-weight: 400;\">E-mailing\u00a0 <\/span><span style=\"font-weight: 400;\">\ud83d\udce7<\/span><\/li><\/ul><p><span style=\"font-weight: 400;\">2- Recruitment and Talent Program Design <\/span><span style=\"font-weight: 400;\">\ud83d\udcd1<\/span><span style=\"font-weight: 400;\">: We can design a recruitment and talent program specific to your brand for young Turkish talents studying abroad.<\/span><\/p><p><span style=\"font-weight: 400;\">3- Etkinlikler <\/span><span style=\"font-weight: 400;\">\ud83d\udd16<\/span><span style=\"font-weight: 400;\">: Online ve Offline olarak d\u00fczenledi\u011fimiz profesyonel etkinlikler arac\u0131l\u0131\u011f\u0131yla yurt d\u0131\u015f\u0131nda okuyan gen\u00e7 T\u00fcrk yeteneklerle bir araya gelerek yeteneklerin \u015firketinize kat\u0131l\u0131m\u0131n\u0131 sa\u011flayabilirsiniz.<\/span><\/p><ul><li style=\"font-weight: 400;\" aria-level=\"1\"><span style=\"font-weight: 400;\">Great Talks: C- Level Chat <\/span><span style=\"font-weight: 400;\">\ud83d\udcac<\/span><\/li><li style=\"font-weight: 400;\" aria-level=\"1\"><span style=\"font-weight: 400;\">Great Mock: Mock Interview <\/span><span style=\"font-weight: 400;\">\ud83d\udcfc<\/span><\/li><\/ul><\/div>\n\t\t\t\t<\/div>\n\t\t\t\t<\/div>\n\t\t\t\t\t\t<\/div>\n\t\t\t\t\t<\/div>\n\t\t<\/div>\n\t\t\t\t\t\t\t\t<\/div>\n\t\t\t\t\t<\/div>\n\t\t<\/section>\n\t\t\t\t\t\t<\/div>\n\t\t\t\t\t\t<\/div>\n\t\t\t\t\t<\/div>","protected":false},"excerpt":{"rendered":"<p>\u015eirketler Taraf\u0131nda Tersine Beyin G\u00f6\u00e7\u00fc \u0130\u00e7in Ne Yap\u0131labilir? Ayn\u0131 co\u011frafyada ya\u015famak, ayn\u0131 dili konu\u015fmak birbirimizi anlamak i\u00e7in her zaman yeterli olmayabilir. Ekonomik, siyasi ve teknolojik geli\u015fmeler ku\u015faklar\u0131n du\u0308s\u0327u\u0308nce yap\u0131lar\u0131n\u0131n, ya\u015fam tarzlar\u0131n\u0131n, tutum ve davran\u0131\u015flar\u0131n\u0131n farkl\u0131la\u015fmas\u0131nda \u00f6nemli bir role sahiptir. Ku\u015faklar\u0131n tutum ve davran\u0131\u015flar\u0131ndaki bu farkl\u0131la\u015fma \u00f6zellikle \u00e7al\u0131\u015fma hayatlar\u0131nda kendini belli eder. Gen\u00e7\u0327 ve ya\u015fl\u0131 ku\u015faklar [&hellip;]<\/p>","protected":false},"author":1,"featured_media":0,"parent":0,"menu_order":0,"comment_status":"closed","ping_status":"closed","template":"","meta":{"_monsterinsights_skip_tracking":false,"_monsterinsights_sitenote_active":false,"_monsterinsights_sitenote_note":"","_monsterinsights_sitenote_category":0,"site-sidebar-layout":"no-sidebar","site-content-layout":"page-builder","ast-site-content-layout":"","site-content-style":"default","site-sidebar-style":"default","ast-global-header-display":"","ast-banner-title-visibility":"","ast-main-header-display":"","ast-hfb-above-header-display":"","ast-hfb-below-header-display":"","ast-hfb-mobile-header-display":"","site-post-title":"disabled","ast-breadcrumbs-content":"","ast-featured-img":"disabled","footer-sml-layout":"","theme-transparent-header-meta":"","adv-header-id-meta":"","stick-header-meta":"","header-above-stick-meta":"","header-main-stick-meta":"","header-below-stick-meta":"","astra-migrate-meta-layouts":"default","ast-page-background-enabled":"default","ast-page-background-meta":{"desktop":{"background-color":"","background-image":"","background-repeat":"repeat","background-position":"center center","background-size":"auto","background-attachment":"scroll","background-type":"","background-media":"","overlay-type":"","overlay-color":"","overlay-opacity":"","overlay-gradient":""},"tablet":{"background-color":"","background-image":"","background-repeat":"repeat","background-position":"center center","background-size":"auto","background-attachment":"scroll","background-type":"","background-media":"","overlay-type":"","overlay-color":"","overlay-opacity":"","overlay-gradient":""},"mobile":{"background-color":"","background-image":"","background-repeat":"repeat","background-position":"center center","background-size":"auto","background-attachment":"scroll","background-type":"","background-media":"","overlay-type":"","overlay-color":"","overlay-opacity":"","overlay-gradient":""}},"ast-content-background-meta":{"desktop":{"background-color":"var(--ast-global-color-5)","background-image":"","background-repeat":"repeat","background-position":"center center","background-size":"auto","background-attachment":"scroll","background-type":"","background-media":"","overlay-type":"","overlay-color":"","overlay-opacity":"","overlay-gradient":""},"tablet":{"background-color":"var(--ast-global-color-5)","background-image":"","background-repeat":"repeat","background-position":"center center","background-size":"auto","background-attachment":"scroll","background-type":"","background-media":"","overlay-type":"","overlay-color":"","overlay-opacity":"","overlay-gradient":""},"mobile":{"background-color":"var(--ast-global-color-5)","background-image":"","background-repeat":"repeat","background-position":"center center","background-size":"auto","background-attachment":"scroll","background-type":"","background-media":"","overlay-type":"","overlay-color":"","overlay-opacity":"","overlay-gradient":""}},"footnotes":""},"class_list":["post-11683","page","type-page","status-publish","hentry"],"yoast_head":"<!-- This site is optimized with the Yoast SEO plugin v19.0 - https:\/\/yoast.com\/wordpress\/plugins\/seo\/ -->\n<title>\u015eirketler Taraf\u0131nda Tersine Beyin G\u00f6\u00e7\u00fc \u0130\u00e7in Ne Yap\u0131labilir? -<\/title>\n<meta name=\"robots\" content=\"index, follow, max-snippet:-1, max-image-preview:large, max-video-preview:-1\" \/>\n<link rel=\"canonical\" href=\"https:\/\/greatr.org\/en\/sirketler-tarafinda-tersine-beyin-gocu-icin-ne-yapilabilir\/\" \/>\n<meta property=\"og:locale\" content=\"en_GB\" \/>\n<meta property=\"og:type\" content=\"article\" \/>\n<meta property=\"og:title\" content=\"\u015eirketler Taraf\u0131nda Tersine Beyin G\u00f6\u00e7\u00fc \u0130\u00e7in Ne Yap\u0131labilir? -\" \/>\n<meta property=\"og:description\" content=\"\u015eirketler Taraf\u0131nda Tersine Beyin G\u00f6\u00e7\u00fc \u0130\u00e7in Ne Yap\u0131labilir? Ayn\u0131 co\u011frafyada ya\u015famak, ayn\u0131 dili konu\u015fmak birbirimizi anlamak i\u00e7in her zaman yeterli olmayabilir. Ekonomik, siyasi ve teknolojik geli\u015fmeler ku\u015faklar\u0131n du\u0308s\u0327u\u0308nce yap\u0131lar\u0131n\u0131n, ya\u015fam tarzlar\u0131n\u0131n, tutum ve davran\u0131\u015flar\u0131n\u0131n farkl\u0131la\u015fmas\u0131nda \u00f6nemli bir role sahiptir. Ku\u015faklar\u0131n tutum ve davran\u0131\u015flar\u0131ndaki bu farkl\u0131la\u015fma \u00f6zellikle \u00e7al\u0131\u015fma hayatlar\u0131nda kendini belli eder. Gen\u00e7\u0327 ve ya\u015fl\u0131 ku\u015faklar [&hellip;]\" \/>\n<meta property=\"og:url\" content=\"https:\/\/greatr.org\/en\/sirketler-tarafinda-tersine-beyin-gocu-icin-ne-yapilabilir\/\" \/>\n<meta property=\"article:publisher\" content=\"https:\/\/www.facebook.com\/Greatr-102901821792967\" \/>\n<meta property=\"article:modified_time\" content=\"2022-06-30T12:30:13+00:00\" \/>\n<meta property=\"og:image\" content=\"https:\/\/greatr.org\/wp-content\/uploads\/2022\/06\/WhatsApp-Image-2022-06-30-at-15.28.09.jpeg\" \/>\n<meta name=\"twitter:card\" content=\"summary_large_image\" \/>\n<meta name=\"twitter:site\" content=\"@greatrorg\" \/>\n<meta name=\"twitter:label1\" content=\"Est. reading time\" \/>\n\t<meta name=\"twitter:data1\" content=\"5 minutes\" \/>\n<script type=\"application\/ld+json\" class=\"yoast-schema-graph\">{\"@context\":\"https:\/\/schema.org\",\"@graph\":[{\"@type\":\"Organization\",\"@id\":\"https:\/\/greatr.org\/#organization\",\"name\":\"GreaTR\",\"url\":\"https:\/\/greatr.org\/\",\"sameAs\":[\"https:\/\/www.instagram.com\/greatrorg\/\",\"https:\/\/www.linkedin.com\/company\/greatr\/\",\"https:\/\/www.youtube.com\/channel\/UCkQ65_M1HarEMSt8XciDTSA\",\"https:\/\/www.facebook.com\/Greatr-102901821792967\",\"https:\/\/twitter.com\/greatrorg\"],\"logo\":{\"@type\":\"ImageObject\",\"inLanguage\":\"en-GB\",\"@id\":\"https:\/\/greatr.org\/#\/schema\/logo\/image\/\",\"url\":\"https:\/\/greatr.org\/wp-content\/uploads\/2022\/06\/GreaTR-Mor750-Logo750GUNCEL@4x.png\",\"contentUrl\":\"https:\/\/greatr.org\/wp-content\/uploads\/2022\/06\/GreaTR-Mor750-Logo750GUNCEL@4x.png\",\"width\":3000,\"height\":3000,\"caption\":\"GreaTR\"},\"image\":{\"@id\":\"https:\/\/greatr.org\/#\/schema\/logo\/image\/\"}},{\"@type\":\"WebSite\",\"@id\":\"https:\/\/greatr.org\/#website\",\"url\":\"https:\/\/greatr.org\/\",\"name\":\"\",\"description\":\"\",\"publisher\":{\"@id\":\"https:\/\/greatr.org\/#organization\"},\"potentialAction\":[{\"@type\":\"SearchAction\",\"target\":{\"@type\":\"EntryPoint\",\"urlTemplate\":\"https:\/\/greatr.org\/?s={search_term_string}\"},\"query-input\":\"required name=search_term_string\"}],\"inLanguage\":\"en-GB\"},{\"@type\":\"ImageObject\",\"inLanguage\":\"en-GB\",\"@id\":\"https:\/\/greatr.org\/sirketler-tarafinda-tersine-beyin-gocu-icin-ne-yapilabilir\/#primaryimage\",\"url\":\"https:\/\/greatr.org\/wp-content\/uploads\/2022\/06\/WhatsApp-Image-2022-06-30-at-15.28.09.jpeg\",\"contentUrl\":\"https:\/\/greatr.org\/wp-content\/uploads\/2022\/06\/WhatsApp-Image-2022-06-30-at-15.28.09.jpeg\",\"width\":1024,\"height\":853},{\"@type\":\"WebPage\",\"@id\":\"https:\/\/greatr.org\/sirketler-tarafinda-tersine-beyin-gocu-icin-ne-yapilabilir\/#webpage\",\"url\":\"https:\/\/greatr.org\/sirketler-tarafinda-tersine-beyin-gocu-icin-ne-yapilabilir\/\",\"name\":\"\u015eirketler Taraf\u0131nda Tersine Beyin G\u00f6\u00e7\u00fc \u0130\u00e7in Ne Yap\u0131labilir? -\",\"isPartOf\":{\"@id\":\"https:\/\/greatr.org\/#website\"},\"primaryImageOfPage\":{\"@id\":\"https:\/\/greatr.org\/sirketler-tarafinda-tersine-beyin-gocu-icin-ne-yapilabilir\/#primaryimage\"},\"datePublished\":\"2022-06-24T16:19:53+00:00\",\"dateModified\":\"2022-06-30T12:30:13+00:00\",\"breadcrumb\":{\"@id\":\"https:\/\/greatr.org\/sirketler-tarafinda-tersine-beyin-gocu-icin-ne-yapilabilir\/#breadcrumb\"},\"inLanguage\":\"en-GB\",\"potentialAction\":[{\"@type\":\"ReadAction\",\"target\":[\"https:\/\/greatr.org\/sirketler-tarafinda-tersine-beyin-gocu-icin-ne-yapilabilir\/\"]}]},{\"@type\":\"BreadcrumbList\",\"@id\":\"https:\/\/greatr.org\/sirketler-tarafinda-tersine-beyin-gocu-icin-ne-yapilabilir\/#breadcrumb\",\"itemListElement\":[{\"@type\":\"ListItem\",\"position\":1,\"name\":\"Ana sayfa\",\"item\":\"https:\/\/greatr.org\/\"},{\"@type\":\"ListItem\",\"position\":2,\"name\":\"\u015eirketler Taraf\u0131nda Tersine Beyin G\u00f6\u00e7\u00fc \u0130\u00e7in Ne Yap\u0131labilir?\"}]}]}<\/script>\n<!-- \/ Yoast SEO plugin. -->","yoast_head_json":{"title":"\u015eirketler Taraf\u0131nda Tersine Beyin G\u00f6\u00e7\u00fc \u0130\u00e7in Ne Yap\u0131labilir? -","robots":{"index":"index","follow":"follow","max-snippet":"max-snippet:-1","max-image-preview":"max-image-preview:large","max-video-preview":"max-video-preview:-1"},"canonical":"https:\/\/greatr.org\/en\/sirketler-tarafinda-tersine-beyin-gocu-icin-ne-yapilabilir\/","og_locale":"en_GB","og_type":"article","og_title":"\u015eirketler Taraf\u0131nda Tersine Beyin G\u00f6\u00e7\u00fc \u0130\u00e7in Ne Yap\u0131labilir? -","og_description":"\u015eirketler Taraf\u0131nda Tersine Beyin G\u00f6\u00e7\u00fc \u0130\u00e7in Ne Yap\u0131labilir? Ayn\u0131 co\u011frafyada ya\u015famak, ayn\u0131 dili konu\u015fmak birbirimizi anlamak i\u00e7in her zaman yeterli olmayabilir. Ekonomik, siyasi ve teknolojik geli\u015fmeler ku\u015faklar\u0131n du\u0308s\u0327u\u0308nce yap\u0131lar\u0131n\u0131n, ya\u015fam tarzlar\u0131n\u0131n, tutum ve davran\u0131\u015flar\u0131n\u0131n farkl\u0131la\u015fmas\u0131nda \u00f6nemli bir role sahiptir. Ku\u015faklar\u0131n tutum ve davran\u0131\u015flar\u0131ndaki bu farkl\u0131la\u015fma \u00f6zellikle \u00e7al\u0131\u015fma hayatlar\u0131nda kendini belli eder. Gen\u00e7\u0327 ve ya\u015fl\u0131 ku\u015faklar [&hellip;]","og_url":"https:\/\/greatr.org\/en\/sirketler-tarafinda-tersine-beyin-gocu-icin-ne-yapilabilir\/","article_publisher":"https:\/\/www.facebook.com\/Greatr-102901821792967","article_modified_time":"2022-06-30T12:30:13+00:00","og_image":[{"url":"https:\/\/greatr.org\/wp-content\/uploads\/2022\/06\/WhatsApp-Image-2022-06-30-at-15.28.09.jpeg"}],"twitter_card":"summary_large_image","twitter_site":"@greatrorg","twitter_misc":{"Est. reading time":"5 minutes"},"schema":{"@context":"https:\/\/schema.org","@graph":[{"@type":"Organization","@id":"https:\/\/greatr.org\/#organization","name":"GreaTR","url":"https:\/\/greatr.org\/","sameAs":["https:\/\/www.instagram.com\/greatrorg\/","https:\/\/www.linkedin.com\/company\/greatr\/","https:\/\/www.youtube.com\/channel\/UCkQ65_M1HarEMSt8XciDTSA","https:\/\/www.facebook.com\/Greatr-102901821792967","https:\/\/twitter.com\/greatrorg"],"logo":{"@type":"ImageObject","inLanguage":"en-GB","@id":"https:\/\/greatr.org\/#\/schema\/logo\/image\/","url":"https:\/\/greatr.org\/wp-content\/uploads\/2022\/06\/GreaTR-Mor750-Logo750GUNCEL@4x.png","contentUrl":"https:\/\/greatr.org\/wp-content\/uploads\/2022\/06\/GreaTR-Mor750-Logo750GUNCEL@4x.png","width":3000,"height":3000,"caption":"GreaTR"},"image":{"@id":"https:\/\/greatr.org\/#\/schema\/logo\/image\/"}},{"@type":"WebSite","@id":"https:\/\/greatr.org\/#website","url":"https:\/\/greatr.org\/","name":"","description":"","publisher":{"@id":"https:\/\/greatr.org\/#organization"},"potentialAction":[{"@type":"SearchAction","target":{"@type":"EntryPoint","urlTemplate":"https:\/\/greatr.org\/?s={search_term_string}"},"query-input":"required name=search_term_string"}],"inLanguage":"en-GB"},{"@type":"ImageObject","inLanguage":"en-GB","@id":"https:\/\/greatr.org\/sirketler-tarafinda-tersine-beyin-gocu-icin-ne-yapilabilir\/#primaryimage","url":"https:\/\/greatr.org\/wp-content\/uploads\/2022\/06\/WhatsApp-Image-2022-06-30-at-15.28.09.jpeg","contentUrl":"https:\/\/greatr.org\/wp-content\/uploads\/2022\/06\/WhatsApp-Image-2022-06-30-at-15.28.09.jpeg","width":1024,"height":853},{"@type":"WebPage","@id":"https:\/\/greatr.org\/sirketler-tarafinda-tersine-beyin-gocu-icin-ne-yapilabilir\/#webpage","url":"https:\/\/greatr.org\/sirketler-tarafinda-tersine-beyin-gocu-icin-ne-yapilabilir\/","name":"\u015eirketler Taraf\u0131nda Tersine Beyin G\u00f6\u00e7\u00fc \u0130\u00e7in Ne Yap\u0131labilir? -","isPartOf":{"@id":"https:\/\/greatr.org\/#website"},"primaryImageOfPage":{"@id":"https:\/\/greatr.org\/sirketler-tarafinda-tersine-beyin-gocu-icin-ne-yapilabilir\/#primaryimage"},"datePublished":"2022-06-24T16:19:53+00:00","dateModified":"2022-06-30T12:30:13+00:00","breadcrumb":{"@id":"https:\/\/greatr.org\/sirketler-tarafinda-tersine-beyin-gocu-icin-ne-yapilabilir\/#breadcrumb"},"inLanguage":"en-GB","potentialAction":[{"@type":"ReadAction","target":["https:\/\/greatr.org\/sirketler-tarafinda-tersine-beyin-gocu-icin-ne-yapilabilir\/"]}]},{"@type":"BreadcrumbList","@id":"https:\/\/greatr.org\/sirketler-tarafinda-tersine-beyin-gocu-icin-ne-yapilabilir\/#breadcrumb","itemListElement":[{"@type":"ListItem","position":1,"name":"Ana sayfa","item":"https:\/\/greatr.org\/"},{"@type":"ListItem","position":2,"name":"\u015eirketler Taraf\u0131nda Tersine Beyin G\u00f6\u00e7\u00fc \u0130\u00e7in Ne Yap\u0131labilir?"}]}]}},"uagb_featured_image_src":{"full":false,"thumbnail":false,"medium":false,"medium_large":false,"large":false,"1536x1536":false,"2048x2048":false,"trp-custom-language-flag":false},"uagb_author_info":{"display_name":"admin","author_link":"https:\/\/greatr.org\/en\/author\/admin\/"},"uagb_comment_info":0,"uagb_excerpt":"\u015eirketler Taraf\u0131nda Tersine Beyin G\u00f6\u00e7\u00fc \u0130\u00e7in Ne Yap\u0131labilir? Ayn\u0131 co\u011frafyada ya\u015famak, ayn\u0131 dili konu\u015fmak birbirimizi anlamak i\u00e7in her zaman yeterli olmayabilir. Ekonomik, siyasi ve teknolojik geli\u015fmeler ku\u015faklar\u0131n du\u0308s\u0327u\u0308nce yap\u0131lar\u0131n\u0131n, ya\u015fam tarzlar\u0131n\u0131n, tutum ve davran\u0131\u015flar\u0131n\u0131n farkl\u0131la\u015fmas\u0131nda \u00f6nemli bir role sahiptir. Ku\u015faklar\u0131n tutum ve davran\u0131\u015flar\u0131ndaki bu farkl\u0131la\u015fma \u00f6zellikle \u00e7al\u0131\u015fma hayatlar\u0131nda kendini belli eder. Gen\u00e7\u0327 ve ya\u015fl\u0131 ku\u015faklar&hellip;","_links":{"self":[{"href":"https:\/\/greatr.org\/en\/wp-json\/wp\/v2\/pages\/11683","targetHints":{"allow":["GET"]}}],"collection":[{"href":"https:\/\/greatr.org\/en\/wp-json\/wp\/v2\/pages"}],"about":[{"href":"https:\/\/greatr.org\/en\/wp-json\/wp\/v2\/types\/page"}],"author":[{"embeddable":true,"href":"https:\/\/greatr.org\/en\/wp-json\/wp\/v2\/users\/1"}],"replies":[{"embeddable":true,"href":"https:\/\/greatr.org\/en\/wp-json\/wp\/v2\/comments?post=11683"}],"version-history":[{"count":7,"href":"https:\/\/greatr.org\/en\/wp-json\/wp\/v2\/pages\/11683\/revisions"}],"predecessor-version":[{"id":11783,"href":"https:\/\/greatr.org\/en\/wp-json\/wp\/v2\/pages\/11683\/revisions\/11783"}],"wp:attachment":[{"href":"https:\/\/greatr.org\/en\/wp-json\/wp\/v2\/media?parent=11683"}],"curies":[{"name":"wp","href":"https:\/\/api.w.org\/{rel}","templated":true}]}}