{"id":11531,"date":"2022-06-23T17:16:14","date_gmt":"2022-06-23T14:16:14","guid":{"rendered":"https:\/\/greatr.org\/?page_id=11531"},"modified":"2022-06-27T20:31:15","modified_gmt":"2022-06-27T17:31:15","slug":"tersine-beyin-gocu-zirvesi-basin-kiti","status":"publish","type":"page","link":"https:\/\/greatr.org\/en\/tersine-beyin-gocu-zirvesi-basin-kiti\/","title":{"rendered":"Tersine Beyin G\u00f6\u00e7\u00fc Zirvesi Bas\u0131n Kiti"},"content":{"rendered":"<div data-elementor-type=\"wp-page\" data-elementor-id=\"11531\" class=\"elementor elementor-11531\" data-elementor-settings=\"[]\">\n\t\t\t\t\t\t<div class=\"elementor-inner\">\n\t\t\t\t\t\t\t<div class=\"elementor-section-wrap\">\n\t\t\t\t\t\t\t<section class=\"elementor-section elementor-top-section elementor-element elementor-element-17ccf87 elementor-section-boxed elementor-section-height-default elementor-section-height-default\" data-id=\"17ccf87\" data-element_type=\"section\">\n\t\t\t\t\t\t<div class=\"elementor-container elementor-column-gap-default\">\n\t\t\t\t\t\t\t<div class=\"elementor-row\">\n\t\t\t\t\t<div class=\"elementor-column elementor-col-100 elementor-top-column elementor-element elementor-element-1c52788\" data-id=\"1c52788\" data-element_type=\"column\">\n\t\t\t<div class=\"elementor-column-wrap elementor-element-populated\">\n\t\t\t\t\t\t\t<div class=\"elementor-widget-wrap\">\n\t\t\t\t\t\t<div class=\"elementor-element elementor-element-5ec60ca elementor-widget elementor-widget-text-editor\" data-id=\"5ec60ca\" data-element_type=\"widget\" data-widget_type=\"text-editor.default\">\n\t\t\t\t<div class=\"elementor-widget-container\">\n\t\t\t\t\t<div class=\"elementor-text-editor elementor-clearfix\"><p><strong>Tersine<\/strong><b> Beyin G\u00f6\u00e7\u00fc Zirvesi Bas\u0131n B\u00fclteni<\/b><\/p><p><b>GreaTR, T\u00fcrkiye\u2019nin ilk Tersine Beyin G\u00f6\u00e7\u00fc Zirvesi ile geliyor!<\/b><\/p><p><b>T\u00fcrkiye\u2019nin son y\u0131llardaki en b\u00fcy\u00fck problemlerinden biri olan beyin g\u00f6\u00e7\u00fc probleminin \u00e7\u00f6z\u00fcm\u00fcne ilk ad\u0131m 29 Haziran\u2019da GreaTR ile birlikte at\u0131lacak!<\/b><\/p><p><b>29 Haziran \u00c7ar\u015famba <\/b><span style=\"font-weight: 400;\">g\u00fcn\u00fc<\/span><b> \u0130stanbul Planlama Ajans\u0131 Florya Kamp\u00fcs\u00fc\u2019nde 15.30 &#8211; 19.00 <\/b><span style=\"font-weight: 400;\">saatleri aras\u0131nda ger\u00e7ekle\u015fecek olan<\/span> <span style=\"font-weight: 400;\">Tersine Beyin G\u00f6\u00e7\u00fc Zirvesi ile T\u00fcrkiye\u2019nin son y\u0131llarda art\u0131\u015fa ge\u00e7en en \u00f6nemli problemlerinden birine<\/span><b> T\u00fcrk i\u015f ekosistemi \u00f6zelinde\u00a0 fark\u0131ndal\u0131k yarat\u0131lmas\u0131 ve <\/b><span style=\"font-weight: 400;\">\u00f6n\u00fcm\u00fczdeki s\u00fcre\u00e7te <\/span><b>\u00e7\u00f6z\u00fcm i\u00e7in gerekli olan yol haritas\u0131n\u0131n <\/b><span style=\"font-weight: 400;\">ilk ad\u0131m\u0131n\u0131n at\u0131lmas\u0131 planlan\u0131yor.\u00a0<\/span><\/p><p><b>Yurt d\u0131\u015f\u0131nda okumu\u015f <\/b><span style=\"font-weight: 400;\">olan ve <\/span><b>sekt\u00f6r\u00fcn\u00fcn lideri <\/b><span style=\"font-weight: 400;\">isimlerin konu\u015fmac\u0131 olaca\u011f\u0131 zirvede T\u00fcrkiye\u2019nin en \u00f6nemli \u015firketlerinin <\/span><b>insan kaynaklar\u0131 y\u00f6neticileri ve ana siyasi partilerin temsilcileri <\/b><span style=\"font-weight: 400;\">dinleyici olarak kat\u0131lacak.\u00a0<\/span><\/p><p><span style=\"font-weight: 400;\">1,5 y\u0131ld\u0131r Yurt d\u0131\u015f\u0131nda okuyan T\u00fcrk \u00f6\u011frencilerle T\u00fcrkiye\u2019nin \u00f6nde gelen \u015firketlerini bir araya getiren GreaTR ayn\u0131 zamanda bu faaliyetleriyle tersine beyin g\u00f6\u00e7\u00fcn\u00fc de destekleyici projeler ile de dikkat \u00e7ekiyor. 29 Haziran\u2019da d\u00fczenleyece\u011fi T\u00fcrkiye\u2019nin ilk Tersine Beyin G\u00f6\u00e7\u00fc Zirvesi ile birlikte T\u00fcrkiye\u2019nin en b\u00fcy\u00fck problemlerinden biri olan beyin g\u00f6\u00e7\u00fc probleminin \u00e7\u00f6z\u00fcm\u00fc i\u00e7in de ilk ad\u0131m\u0131 atacak.<\/span><\/p><p><span style=\"font-weight: 400;\">Konu\u015fmac\u0131lar aras\u0131nda yurt d\u0131\u015f\u0131nda e\u011fitim ald\u0131ktan sonra T\u00fcrkiye\u2019ye d\u00f6nerek kariyerlerine T\u00fcrkiye\u2019de devam eden ki\u015filer ve bunun d\u0131\u015f\u0131nda yurt d\u0131\u015f\u0131nda okuyan T\u00fcrk \u00f6\u011frencileri temsilen Hollanda, \u0130ngiltere ve \u0130svi\u00e7re\u2019den T\u00fcrk \u00f6\u011frenci topluluklar\u0131ndan \u00f6\u011frenciler konu\u015fmac\u0131lar\u0131m\u0131z aras\u0131nda yer alacak.<\/span><\/p><p><span style=\"font-weight: 400;\">Di\u011fer konu\u015fmac\u0131lar aras\u0131nda; Silikon Vadisi Eski Y\u00f6neticisi ve Yar\u0131n \u0130\u00e7in \u015eimdi Derne\u011fi Y\u00f6n. Kur. B\u015fk. Taylan Y\u0131ld\u0131z, Evrim Kuran Dan\u0131\u015fmanl\u0131k Kurucusu ve Universum T\u00fcrkiye Lideri Evrim Kuran, Kolektif House Kurucusu Ahmet Onur,\u00a0 Tmob CEO&#8217;su Rudi D\u00f6kmecio\u011flu, Ko\u00e7 Holding \u0130nsan Kaynaklar\u0131 Koordinat\u00f6r\u00fc \u00d6nder Korkmaz ve Microsoft Global \u00dcr\u00fcn Geli\u015ftrime Direkt\u00f6r\u00fc ve CitusData CEO&#8217;su Umur \u00c7ubuk\u00e7u yer almaktad\u0131r.\u00a0<\/span><\/p><p><span style=\"font-weight: 400;\">Tersine Beyin G\u00f6\u00e7\u00fc Zirvesi online olarak yay\u0131nlanacakt\u0131r. Online kat\u0131l\u0131m i\u00e7in biletler Biletix\u2019te.\u00a0<\/span><\/p><p><span style=\"font-weight: 400;\">Fiziksel olarak kurumsal kat\u0131l\u0131m sa\u011flamak isterseniz <\/span><a href=\"mailto:kurumsal@greatr.org\"><span style=\"font-weight: 400;\">kurumsal@greatr.org<\/span><\/a><span style=\"font-weight: 400;\"> adresine mail atabilirsiniz.<\/span><\/p><p><span style=\"font-weight: 400;\">Zirvenin tam ismi: \u201cGreaTR Tersine Beyin G\u00f6\u00e7\u00fc Zirvesi\u201ddir<\/span><\/p><p><strong>Sosyal medya payla\u015f\u0131m politikas\u0131:<\/strong><\/p><p><span style=\"font-weight: 400;\">Tersine beyin g\u00f6\u00e7\u00fc zirvesi\u2019nin logosu bas\u0131n kitinden indirildi\u011finin d\u0131\u015f\u0131nda kullan\u0131lamaz. Logo\u2019dan GreaTR logosu ayr\u0131 bir \u015fekilde kullan\u0131lamaz.\u00a0<\/span><\/p><p><span style=\"font-weight: 400;\">\u0130lgili logolara ve g\u00f6rsellere a\u015fa\u011f\u0131da belirtilen drive linkinden ula\u015fabilirsiniz.<\/span><\/p><p><b>Renk Paleti:<\/b><\/p><p><span style=\"font-weight: 400;\">Mor: #9077D1\u00a0 \u00a0 \u00a0 Beyaz: #FFFFFF \u00a0 Siyah: #000000<\/span><\/p><p style=\"font-size: 18px; font-style: normal; font-weight: 400;\"><span style=\"font-size: 18px; font-weight: bold;\">Logolar ve G\u00f6rseller:<\/span><\/p><p style=\"font-size: 18px; font-style: normal; font-weight: 400;\"><span style=\"text-decoration: underline;\"><a style=\"font-size: 18px;\" href=\"https:\/\/drive.google.com\/drive\/folders\/1yvymT9kCUl3UFx6rnh9JGgMqwwT2Ku3U?usp=sharin\" target=\"_blank\" rel=\"noopener\">Logolar ve G\u00f6rseller \u0130\u00e7in Drive Linki<\/a><\/span><\/p><p><span style=\"font-weight: 400;\">-TBGZ logosu belirtilen marka renkleri d\u0131\u015f\u0131nda kullan\u0131lamaz.<\/span><\/p><p><span style=\"font-weight: 400;\">-TBGZ logosu kullan\u0131l\u0131rken logonun tasar\u0131m\u0131 \u00fczerinde de\u011fi\u015fiklik yap\u0131lamaz. Kullan\u0131lan font ve yaz\u0131 de\u011fi\u015ftirilemez.<\/span><\/p><p><span style=\"font-weight: 400;\">-TBGZ logosu kullan\u0131l\u0131rken belirtilen marka renkleri dahi olsa iki renk ayn\u0131 anda kullan\u0131lamaz.<\/span><\/p><p><span style=\"font-weight: 400;\">-TBGZ logosu kullan\u0131l\u0131rken \u201cdagrade\u201d uygulanamaz.<\/span><\/p><p><span style=\"font-weight: 400;\">-TBGZ logosu \u00fczerinde d\u00f6nd\u00fcrme i\u015flemi uygulanamaz.<\/span><\/p><p><span style=\"font-weight: 400;\">-TBGZ logosu kullan\u0131l\u0131rken \u00fczerine herhangi bir katman eklenemez, logonun bir k\u0131sm\u0131 yahut tamam\u0131n\u0131 kaplayan tasar\u0131mlara izin verilmez.<\/span><\/p><p><span style=\"font-weight: 400;\">-TBGZ logosu dijital platformlarda asla 70 px\u2019den k\u00fc\u00e7\u00fck kullan\u0131lamaz. Bas\u0131l\u0131 platformlarda 20 mm\u2019den k\u00fc\u00e7\u00fck kullan\u0131lamaz.<\/span><\/p><p><a href=\"https:\/\/greatr.org\/en\/tersinebeyingocuzirvesi\/\" target=\"_blank\" rel=\"noopener\"><span style=\"text-decoration: underline;\"><span style=\"font-weight: 400;\">Tersine Beyin G\u00f6\u00e7\u00fc Zirvesi Web Sitesi<\/span><\/span><\/a><\/p><p><span style=\"font-weight: 400;\"><a href=\"https:\/\/greatr.org\/en\/\" target=\"_blank\" rel=\"noopener\"><span style=\"text-decoration: underline;\">GreaTR internet sitesi<\/span><\/a><\/span><\/p><p><span style=\"font-weight: 400;\"><a href=\"https:\/\/www.instagram.com\/greatrorg\/\" target=\"_blank\" rel=\"noopener\"><span style=\"text-decoration: underline;\">GreaTR Instagram hesab\u0131<\/span><\/a> <\/span><\/p><p><a href=\"https:\/\/www.instagram.com\/tersinebeyingocuzirvesi\/\" target=\"_blank\" rel=\"noopener\"><u>Tersine Beyin G\u00f6\u00e7\u00fc Zirvesi Instagram hesab\u0131<\/u><\/a><\/p><p><a href=\"https:\/\/www.biletix.com\/etkinlik\/1GRE1\/TURKIYE\/tr\" target=\"_blank\" rel=\"noopener\"><span style=\"text-decoration: underline;\"><span style=\"font-weight: 400;\">Biletix Linki\u00a0<\/span><\/span><\/a><\/p><p><span style=\"font-size: 18px; font-style: normal; font-weight: 400;\"><span style=\"text-decoration: underline;\"><a href=\"https:\/\/eksisozluk.com\/greatr-tersine-beyin-gocu-zirvesi--7309140\" target=\"_blank\" rel=\"noopener\">GreaTR Ek\u015fi S\u00f6zl\u00fck i\u00e7eri\u011fi<\/a><\/span><\/span><\/p><p><a href=\"https:\/\/greatr.org\/en\/basin-kiti\/\" target=\"_blank\" rel=\"noopener\"><span style=\"text-decoration: underline;\">GreaTR Bas\u0131n Kiti<\/span><\/a><\/p><\/div>\n\t\t\t\t<\/div>\n\t\t\t\t<\/div>\n\t\t\t\t\t\t<\/div>\n\t\t\t\t\t<\/div>\n\t\t<\/div>\n\t\t\t\t\t\t\t\t<\/div>\n\t\t\t\t\t<\/div>\n\t\t<\/section>\n\t\t\t\t\t\t<\/div>\n\t\t\t\t\t\t<\/div>\n\t\t\t\t\t<\/div>","protected":false},"excerpt":{"rendered":"<p>Tersine Beyin G\u00f6\u00e7\u00fc Zirvesi Bas\u0131n B\u00fclteni GreaTR, T\u00fcrkiye\u2019nin ilk Tersine Beyin G\u00f6\u00e7\u00fc Zirvesi ile geliyor! T\u00fcrkiye\u2019nin son y\u0131llardaki en b\u00fcy\u00fck problemlerinden biri olan beyin g\u00f6\u00e7\u00fc probleminin \u00e7\u00f6z\u00fcm\u00fcne ilk ad\u0131m 29 Haziran\u2019da GreaTR ile birlikte at\u0131lacak! 29 Haziran \u00c7ar\u015famba g\u00fcn\u00fc \u0130stanbul Planlama Ajans\u0131 Florya Kamp\u00fcs\u00fc\u2019nde 15.30 &#8211; 19.00 saatleri aras\u0131nda ger\u00e7ekle\u015fecek olan Tersine Beyin G\u00f6\u00e7\u00fc Zirvesi [&hellip;]<\/p>","protected":false},"author":1,"featured_media":0,"parent":0,"menu_order":0,"comment_status":"closed","ping_status":"closed","template":"","meta":{"_monsterinsights_skip_tracking":false,"_monsterinsights_sitenote_active":false,"_monsterinsights_sitenote_note":"","_monsterinsights_sitenote_category":0,"site-sidebar-layout":"no-sidebar","site-content-layout":"page-builder","ast-site-content-layout":"","site-content-style":"default","site-sidebar-style":"default","ast-global-header-display":"","ast-banner-title-visibility":"","ast-main-header-display":"","ast-hfb-above-header-display":"","ast-hfb-below-header-display":"","ast-hfb-mobile-header-display":"","site-post-title":"disabled","ast-breadcrumbs-content":"","ast-featured-img":"disabled","footer-sml-layout":"","theme-transparent-header-meta":"","adv-header-id-meta":"","stick-header-meta":"","header-above-stick-meta":"","header-main-stick-meta":"","header-below-stick-meta":"","astra-migrate-meta-layouts":"default","ast-page-background-enabled":"default","ast-page-background-meta":{"desktop":{"background-color":"","background-image":"","background-repeat":"repeat","background-position":"center center","background-size":"auto","background-attachment":"scroll","background-type":"","background-media":"","overlay-type":"","overlay-color":"","overlay-opacity":"","overlay-gradient":""},"tablet":{"background-color":"","background-image":"","background-repeat":"repeat","background-position":"center center","background-size":"auto","background-attachment":"scroll","background-type":"","background-media":"","overlay-type":"","overlay-color":"","overlay-opacity":"","overlay-gradient":""},"mobile":{"background-color":"","background-image":"","background-repeat":"repeat","background-position":"center center","background-size":"auto","background-attachment":"scroll","background-type":"","background-media":"","overlay-type":"","overlay-color":"","overlay-opacity":"","overlay-gradient":""}},"ast-content-background-meta":{"desktop":{"background-color":"var(--ast-global-color-5)","background-image":"","background-repeat":"repeat","background-position":"center center","background-size":"auto","background-attachment":"scroll","background-type":"","background-media":"","overlay-type":"","overlay-color":"","overlay-opacity":"","overlay-gradient":""},"tablet":{"background-color":"var(--ast-global-color-5)","background-image":"","background-repeat":"repeat","background-position":"center center","background-size":"auto","background-attachment":"scroll","background-type":"","background-media":"","overlay-type":"","overlay-color":"","overlay-opacity":"","overlay-gradient":""},"mobile":{"background-color":"var(--ast-global-color-5)","background-image":"","background-repeat":"repeat","background-position":"center center","background-size":"auto","background-attachment":"scroll","background-type":"","background-media":"","overlay-type":"","overlay-color":"","overlay-opacity":"","overlay-gradient":""}},"footnotes":""},"class_list":["post-11531","page","type-page","status-publish","hentry"],"yoast_head":"<!-- This site is optimized with the Yoast SEO plugin v19.0 - https:\/\/yoast.com\/wordpress\/plugins\/seo\/ -->\n<title>Tersine Beyin G\u00f6\u00e7\u00fc Zirvesi Bas\u0131n Kiti -<\/title>\n<meta name=\"robots\" content=\"index, follow, max-snippet:-1, max-image-preview:large, max-video-preview:-1\" \/>\n<link rel=\"canonical\" href=\"https:\/\/greatr.org\/en\/tersine-beyin-gocu-zirvesi-basin-kiti\/\" \/>\n<meta property=\"og:locale\" content=\"en_GB\" \/>\n<meta property=\"og:type\" content=\"article\" \/>\n<meta property=\"og:title\" content=\"Tersine Beyin G\u00f6\u00e7\u00fc Zirvesi Bas\u0131n Kiti -\" \/>\n<meta property=\"og:description\" content=\"Tersine Beyin G\u00f6\u00e7\u00fc Zirvesi Bas\u0131n B\u00fclteni GreaTR, T\u00fcrkiye\u2019nin ilk Tersine Beyin G\u00f6\u00e7\u00fc Zirvesi ile geliyor! T\u00fcrkiye\u2019nin son y\u0131llardaki en b\u00fcy\u00fck problemlerinden biri olan beyin g\u00f6\u00e7\u00fc probleminin \u00e7\u00f6z\u00fcm\u00fcne ilk ad\u0131m 29 Haziran\u2019da GreaTR ile birlikte at\u0131lacak! 29 Haziran \u00c7ar\u015famba g\u00fcn\u00fc \u0130stanbul Planlama Ajans\u0131 Florya Kamp\u00fcs\u00fc\u2019nde 15.30 &#8211; 19.00 saatleri aras\u0131nda ger\u00e7ekle\u015fecek olan Tersine Beyin G\u00f6\u00e7\u00fc Zirvesi [&hellip;]\" \/>\n<meta property=\"og:url\" content=\"https:\/\/greatr.org\/en\/tersine-beyin-gocu-zirvesi-basin-kiti\/\" \/>\n<meta property=\"article:publisher\" content=\"https:\/\/www.facebook.com\/Greatr-102901821792967\" \/>\n<meta property=\"article:modified_time\" content=\"2022-06-27T17:31:15+00:00\" \/>\n<meta name=\"twitter:card\" content=\"summary_large_image\" \/>\n<meta name=\"twitter:site\" content=\"@greatrorg\" \/>\n<meta name=\"twitter:label1\" content=\"Est. reading time\" \/>\n\t<meta name=\"twitter:data1\" content=\"3 minutes\" \/>\n<script type=\"application\/ld+json\" class=\"yoast-schema-graph\">{\"@context\":\"https:\/\/schema.org\",\"@graph\":[{\"@type\":\"Organization\",\"@id\":\"https:\/\/greatr.org\/#organization\",\"name\":\"GreaTR\",\"url\":\"https:\/\/greatr.org\/\",\"sameAs\":[\"https:\/\/www.instagram.com\/greatrorg\/\",\"https:\/\/www.linkedin.com\/company\/greatr\/\",\"https:\/\/www.youtube.com\/channel\/UCkQ65_M1HarEMSt8XciDTSA\",\"https:\/\/www.facebook.com\/Greatr-102901821792967\",\"https:\/\/twitter.com\/greatrorg\"],\"logo\":{\"@type\":\"ImageObject\",\"inLanguage\":\"en-GB\",\"@id\":\"https:\/\/greatr.org\/#\/schema\/logo\/image\/\",\"url\":\"https:\/\/greatr.org\/wp-content\/uploads\/2022\/06\/GreaTR-Mor750-Logo750GUNCEL@4x.png\",\"contentUrl\":\"https:\/\/greatr.org\/wp-content\/uploads\/2022\/06\/GreaTR-Mor750-Logo750GUNCEL@4x.png\",\"width\":3000,\"height\":3000,\"caption\":\"GreaTR\"},\"image\":{\"@id\":\"https:\/\/greatr.org\/#\/schema\/logo\/image\/\"}},{\"@type\":\"WebSite\",\"@id\":\"https:\/\/greatr.org\/#website\",\"url\":\"https:\/\/greatr.org\/\",\"name\":\"\",\"description\":\"\",\"publisher\":{\"@id\":\"https:\/\/greatr.org\/#organization\"},\"potentialAction\":[{\"@type\":\"SearchAction\",\"target\":{\"@type\":\"EntryPoint\",\"urlTemplate\":\"https:\/\/greatr.org\/?s={search_term_string}\"},\"query-input\":\"required name=search_term_string\"}],\"inLanguage\":\"en-GB\"},{\"@type\":\"WebPage\",\"@id\":\"https:\/\/greatr.org\/tersine-beyin-gocu-zirvesi-basin-kiti\/#webpage\",\"url\":\"https:\/\/greatr.org\/tersine-beyin-gocu-zirvesi-basin-kiti\/\",\"name\":\"Tersine Beyin G\u00f6\u00e7\u00fc Zirvesi Bas\u0131n Kiti -\",\"isPartOf\":{\"@id\":\"https:\/\/greatr.org\/#website\"},\"datePublished\":\"2022-06-23T14:16:14+00:00\",\"dateModified\":\"2022-06-27T17:31:15+00:00\",\"breadcrumb\":{\"@id\":\"https:\/\/greatr.org\/tersine-beyin-gocu-zirvesi-basin-kiti\/#breadcrumb\"},\"inLanguage\":\"en-GB\",\"potentialAction\":[{\"@type\":\"ReadAction\",\"target\":[\"https:\/\/greatr.org\/tersine-beyin-gocu-zirvesi-basin-kiti\/\"]}]},{\"@type\":\"BreadcrumbList\",\"@id\":\"https:\/\/greatr.org\/tersine-beyin-gocu-zirvesi-basin-kiti\/#breadcrumb\",\"itemListElement\":[{\"@type\":\"ListItem\",\"position\":1,\"name\":\"Ana sayfa\",\"item\":\"https:\/\/greatr.org\/\"},{\"@type\":\"ListItem\",\"position\":2,\"name\":\"Tersine Beyin G\u00f6\u00e7\u00fc Zirvesi Bas\u0131n Kiti\"}]}]}<\/script>\n<!-- \/ Yoast SEO plugin. -->","yoast_head_json":{"title":"Tersine Beyin G\u00f6\u00e7\u00fc Zirvesi Bas\u0131n Kiti -","robots":{"index":"index","follow":"follow","max-snippet":"max-snippet:-1","max-image-preview":"max-image-preview:large","max-video-preview":"max-video-preview:-1"},"canonical":"https:\/\/greatr.org\/en\/tersine-beyin-gocu-zirvesi-basin-kiti\/","og_locale":"en_GB","og_type":"article","og_title":"Tersine Beyin G\u00f6\u00e7\u00fc Zirvesi Bas\u0131n Kiti -","og_description":"Tersine Beyin G\u00f6\u00e7\u00fc Zirvesi Bas\u0131n B\u00fclteni GreaTR, T\u00fcrkiye\u2019nin ilk Tersine Beyin G\u00f6\u00e7\u00fc Zirvesi ile geliyor! T\u00fcrkiye\u2019nin son y\u0131llardaki en b\u00fcy\u00fck problemlerinden biri olan beyin g\u00f6\u00e7\u00fc probleminin \u00e7\u00f6z\u00fcm\u00fcne ilk ad\u0131m 29 Haziran\u2019da GreaTR ile birlikte at\u0131lacak! 29 Haziran \u00c7ar\u015famba g\u00fcn\u00fc \u0130stanbul Planlama Ajans\u0131 Florya Kamp\u00fcs\u00fc\u2019nde 15.30 &#8211; 19.00 saatleri aras\u0131nda ger\u00e7ekle\u015fecek olan Tersine Beyin G\u00f6\u00e7\u00fc Zirvesi [&hellip;]","og_url":"https:\/\/greatr.org\/en\/tersine-beyin-gocu-zirvesi-basin-kiti\/","article_publisher":"https:\/\/www.facebook.com\/Greatr-102901821792967","article_modified_time":"2022-06-27T17:31:15+00:00","twitter_card":"summary_large_image","twitter_site":"@greatrorg","twitter_misc":{"Est. reading time":"3 minutes"},"schema":{"@context":"https:\/\/schema.org","@graph":[{"@type":"Organization","@id":"https:\/\/greatr.org\/#organization","name":"GreaTR","url":"https:\/\/greatr.org\/","sameAs":["https:\/\/www.instagram.com\/greatrorg\/","https:\/\/www.linkedin.com\/company\/greatr\/","https:\/\/www.youtube.com\/channel\/UCkQ65_M1HarEMSt8XciDTSA","https:\/\/www.facebook.com\/Greatr-102901821792967","https:\/\/twitter.com\/greatrorg"],"logo":{"@type":"ImageObject","inLanguage":"en-GB","@id":"https:\/\/greatr.org\/#\/schema\/logo\/image\/","url":"https:\/\/greatr.org\/wp-content\/uploads\/2022\/06\/GreaTR-Mor750-Logo750GUNCEL@4x.png","contentUrl":"https:\/\/greatr.org\/wp-content\/uploads\/2022\/06\/GreaTR-Mor750-Logo750GUNCEL@4x.png","width":3000,"height":3000,"caption":"GreaTR"},"image":{"@id":"https:\/\/greatr.org\/#\/schema\/logo\/image\/"}},{"@type":"WebSite","@id":"https:\/\/greatr.org\/#website","url":"https:\/\/greatr.org\/","name":"","description":"","publisher":{"@id":"https:\/\/greatr.org\/#organization"},"potentialAction":[{"@type":"SearchAction","target":{"@type":"EntryPoint","urlTemplate":"https:\/\/greatr.org\/?s={search_term_string}"},"query-input":"required name=search_term_string"}],"inLanguage":"en-GB"},{"@type":"WebPage","@id":"https:\/\/greatr.org\/tersine-beyin-gocu-zirvesi-basin-kiti\/#webpage","url":"https:\/\/greatr.org\/tersine-beyin-gocu-zirvesi-basin-kiti\/","name":"Tersine Beyin G\u00f6\u00e7\u00fc Zirvesi Bas\u0131n Kiti -","isPartOf":{"@id":"https:\/\/greatr.org\/#website"},"datePublished":"2022-06-23T14:16:14+00:00","dateModified":"2022-06-27T17:31:15+00:00","breadcrumb":{"@id":"https:\/\/greatr.org\/tersine-beyin-gocu-zirvesi-basin-kiti\/#breadcrumb"},"inLanguage":"en-GB","potentialAction":[{"@type":"ReadAction","target":["https:\/\/greatr.org\/tersine-beyin-gocu-zirvesi-basin-kiti\/"]}]},{"@type":"BreadcrumbList","@id":"https:\/\/greatr.org\/tersine-beyin-gocu-zirvesi-basin-kiti\/#breadcrumb","itemListElement":[{"@type":"ListItem","position":1,"name":"Ana sayfa","item":"https:\/\/greatr.org\/"},{"@type":"ListItem","position":2,"name":"Tersine Beyin G\u00f6\u00e7\u00fc Zirvesi Bas\u0131n Kiti"}]}]}},"uagb_featured_image_src":{"full":false,"thumbnail":false,"medium":false,"medium_large":false,"large":false,"1536x1536":false,"2048x2048":false,"trp-custom-language-flag":false},"uagb_author_info":{"display_name":"admin","author_link":"https:\/\/greatr.org\/en\/author\/admin\/"},"uagb_comment_info":0,"uagb_excerpt":"Tersine Beyin G\u00f6\u00e7\u00fc Zirvesi Bas\u0131n B\u00fclteni GreaTR, T\u00fcrkiye\u2019nin ilk Tersine Beyin G\u00f6\u00e7\u00fc Zirvesi ile geliyor! T\u00fcrkiye\u2019nin son y\u0131llardaki en b\u00fcy\u00fck problemlerinden biri olan beyin g\u00f6\u00e7\u00fc probleminin \u00e7\u00f6z\u00fcm\u00fcne ilk ad\u0131m 29 Haziran\u2019da GreaTR ile birlikte at\u0131lacak! 29 Haziran \u00c7ar\u015famba g\u00fcn\u00fc \u0130stanbul Planlama Ajans\u0131 Florya Kamp\u00fcs\u00fc\u2019nde 15.30 &#8211; 19.00 saatleri aras\u0131nda ger\u00e7ekle\u015fecek olan Tersine Beyin G\u00f6\u00e7\u00fc Zirvesi&hellip;","_links":{"self":[{"href":"https:\/\/greatr.org\/en\/wp-json\/wp\/v2\/pages\/11531","targetHints":{"allow":["GET"]}}],"collection":[{"href":"https:\/\/greatr.org\/en\/wp-json\/wp\/v2\/pages"}],"about":[{"href":"https:\/\/greatr.org\/en\/wp-json\/wp\/v2\/types\/page"}],"author":[{"embeddable":true,"href":"https:\/\/greatr.org\/en\/wp-json\/wp\/v2\/users\/1"}],"replies":[{"embeddable":true,"href":"https:\/\/greatr.org\/en\/wp-json\/wp\/v2\/comments?post=11531"}],"version-history":[{"count":49,"href":"https:\/\/greatr.org\/en\/wp-json\/wp\/v2\/pages\/11531\/revisions"}],"predecessor-version":[{"id":11741,"href":"https:\/\/greatr.org\/en\/wp-json\/wp\/v2\/pages\/11531\/revisions\/11741"}],"wp:attachment":[{"href":"https:\/\/greatr.org\/en\/wp-json\/wp\/v2\/media?parent=11531"}],"curies":[{"name":"wp","href":"https:\/\/api.w.org\/{rel}","templated":true}]}}