{"id":11499,"date":"2022-06-20T21:16:29","date_gmt":"2022-06-20T18:16:29","guid":{"rendered":"https:\/\/greatr.org\/?page_id=11499"},"modified":"2022-06-27T19:45:32","modified_gmt":"2022-06-27T16:45:32","slug":"basin-kiti","status":"publish","type":"page","link":"https:\/\/greatr.org\/en\/basin-kiti\/","title":{"rendered":"Press Kit"},"content":{"rendered":"<div data-elementor-type=\"wp-page\" data-elementor-id=\"11499\" class=\"elementor elementor-11499\" data-elementor-settings=\"[]\">\n\t\t\t\t\t\t<div class=\"elementor-inner\">\n\t\t\t\t\t\t\t<div class=\"elementor-section-wrap\">\n\t\t\t\t\t\t\t<section class=\"elementor-section elementor-top-section elementor-element elementor-element-5054aa5 elementor-section-boxed elementor-section-height-default elementor-section-height-default\" data-id=\"5054aa5\" data-element_type=\"section\">\n\t\t\t\t\t\t<div class=\"elementor-container elementor-column-gap-default\">\n\t\t\t\t\t\t\t<div class=\"elementor-row\">\n\t\t\t\t\t<div class=\"elementor-column elementor-col-100 elementor-top-column elementor-element elementor-element-74521d9\" data-id=\"74521d9\" data-element_type=\"column\">\n\t\t\t<div class=\"elementor-column-wrap elementor-element-populated\">\n\t\t\t\t\t\t\t<div class=\"elementor-widget-wrap\">\n\t\t\t\t\t\t<div class=\"elementor-element elementor-element-99e3e46 elementor-widget elementor-widget-text-editor\" data-id=\"99e3e46\" data-element_type=\"widget\" data-widget_type=\"text-editor.default\">\n\t\t\t\t<div class=\"elementor-widget-container\">\n\t\t\t\t\t<div class=\"elementor-text-editor elementor-clearfix\"><p><span style=\"font-size: 18px; font-weight: 400;\">Medya mecralar\u0131nda GreaTR\u2019\u0131n duyurusu i\u00e7in kullan\u0131lacak her t\u00fcrl\u00fc g\u00f6rseli ve i\u00e7eri\u011fi sizler i\u00e7in a\u015fa\u011f\u0131da listeledik.\u00a0<\/span><\/p><p><span style=\"font-weight: 400;\">GreaTR ismini ba\u015fka bir uygulama ya da websitesi alan ad\u0131 i\u00e7inde, GreaTR\u2019dan izinsiz payla\u015f\u0131lan ve GreaTR\u2019a zarar verebilecek reklam i\u00e7eriklerinde, GreaTR\u2019a zarar verebilecek i\u00e7eriklerde kullan\u0131lmas\u0131 yasakt\u0131r.<\/span><\/p><p><b>\u0130smin do\u011fru kullan\u0131m\u0131 ve telaffuzu:<\/b><\/p><p><span style=\"font-weight: 400;\">GreaTR isminin kullan\u0131m\u0131 s\u0131ras\u0131nda ilk harf ve son iki harf b\u00fcy\u00fck olacak \u015fekilde kullan\u0131lmal\u0131d\u0131r. \u201cGreaTR\u201d<\/span><\/p><p><span style=\"font-weight: 400;\">Sesli telaffuzu \u201cGreyt\u0131r\u201d \u015feklindedir.\u00a0 Yanl\u0131\u015f telaffuzlar; greytiar, greatere, great\u0131r.<\/span><\/p><p><b>GreaTR B\u00fclten Hakk\u0131nda<\/b><\/p><p><span style=\"font-weight: 400;\">\u201cYurt d\u0131\u015f\u0131nda okuyan T\u00fcrk \u00f6\u011frencilere T\u00fcrkiye\u2019den kariyer f\u0131rsatlar\u0131 yarat\u0131yoruz.\u201d<\/span><span style=\"font-weight: 400;\"><br \/><\/span><span style=\"font-weight: 400;\">\u2018\u2019 T\u00fcrkiye\u2019nin \u00f6nde gelen \u015firketlerini yurt d\u0131\u015f\u0131nda okumu\u015f gen\u00e7 T\u00fcrk yeteneklerle bulu\u015fturuyoruz.\u2019\u2019<\/span><span style=\"font-weight: 400;\"><br \/><\/span><span style=\"font-weight: 400;\">\u2018\u2019Yurt d\u0131\u015f\u0131nda okuyan T\u00fcrk \u00f6\u011frencileri T\u00fcrkiye\u2019nin \u00f6nde gelen \u015firketleriyle bulu\u015fturuyoruz\u2019\u2019<\/span><\/p><p><span style=\"font-weight: 400;\">We bring global young Turkish talents together with Turkey's leading companies. While creating career opportunities for Turkish students studying abroad, we support reverse brain drain by establishing our service for the employee portfolio of companies in Turkey specifically for global young Turkish talents.<\/span><\/p><p><span style=\"font-size: 18px; font-weight: 400;\">T\u00fcrkiye&#8217;nin ilk tersine beyin g\u00f6\u00e7\u00fc zirvesini 29 Haziran&#8217;da d\u00fczenleyerek toplumsal fark\u0131ndal\u0131k yaratmaya \u00e7al\u0131\u015f\u0131yoruz.<\/span><\/p><p><span style=\"text-decoration: underline;\"><span style=\"font-weight: 400;\"><a href=\"https:\/\/greatr.org\/en\/tersine-beyin-gocu-zirvesi-basin-kiti\/\">Tersine Beyin G\u00f6\u00e7\u00fc Zirvesi Bas\u0131n Kiti<\/a><\/span><\/span><\/p><p><span style=\"font-weight: 400;\">Bas\u0131na ve dijital medyalara yans\u0131yan mottomuzda bunun d\u0131\u015f\u0131nda i\u00e7erik kullan\u0131lmayacakt\u0131r.<\/span><\/p><p><b>\u0130statistiklerimiz:<\/b><\/p><p><span style=\"font-weight: 400;\">D\u00fcnya \u00e7ap\u0131nda 22 \u00fclke 104 \u015fehir 220 \u00fcniversiteden 1.200+ \u00fcyemiz bulunuyor. Operasyonlar\u0131m\u0131zda ba\u015f\u0131 \u00e7eken \u00fclkeler; \u0130ngiltere, Almanya, Fransa, \u0130talya, Hollanda, Kanada, Amerika ve \u0130svi\u00e7re.<\/span><\/p><p><span style=\"font-weight: 400;\">Bug\u00fcne kadar L\u2019Oreal, Garanti BBVA Teknoloji, Mavi, \u0130stanbul Planlama Ajans\u0131, Danone\u00a0 ve Vakko ile birlikte \u00e7al\u0131\u015ft\u0131k. 27 GreaTR \u00fcyesi GreaTR sayesinde i\u015f ve staj f\u0131rsat\u0131 buldu.<\/span><\/p><p><b>Renk Paleti:<\/b><\/p><p><span style=\"font-weight: 400;\">Mor: #9077D1\u00a0 \u00a0 \u00a0 Beyaz: #FFFFFF \u00a0 Siyah: #000000<\/span><\/p><p><strong>Logolar ve Ekip Foto\u011fraf\u0131:<\/strong><\/p><p><span style=\"text-decoration: underline;\"><a href=\"https:\/\/drive.google.com\/drive\/folders\/1L_PCP8_pEdRqV6dcu5U2Ykq0hDxEmCTu?usp=sharing\">Logolar ve Ekip Foto\u011fraf\u0131 \u0130\u00e7in Drive Linki<\/a><\/span><\/p><p><span style=\"font-weight: 400;\">-GreaTR logosu belirtilen marka renkleri d\u0131\u015f\u0131nda kullan\u0131lamaz.<\/span><\/p><p><span style=\"font-weight: 400;\">-GreaTR logosu kullan\u0131l\u0131rken logonun tasar\u0131m\u0131 \u00fczerinde de\u011fi\u015fiklik yap\u0131lamaz. Kullan\u0131lan font ve yaz\u0131 de\u011fi\u015ftirilemez.<\/span><\/p><p><span style=\"font-weight: 400;\">-GreaTR logosu kullan\u0131l\u0131rken belirtilen marka renkleri dahi olsa iki renk ayn\u0131 anda kullan\u0131lamaz.<\/span><\/p><p><span style=\"font-weight: 400;\">-GreaTR logosu kullan\u0131l\u0131rken \u201cdagrade\u201d uygulanamaz.<\/span><\/p><p><span style=\"font-weight: 400;\">-GreaTR logosu \u00fczerinde d\u00f6nd\u00fcrme i\u015flemi uygulanamaz.<\/span><\/p><p><span style=\"font-weight: 400;\">-GreaTR logosu kullan\u0131l\u0131rken \u00fczerine herhangi bir katman eklenemez, logonun bir k\u0131sm\u0131 yahut tamam\u0131n\u0131 kaplayan tasar\u0131mlara izin verilmez.<\/span><\/p><p><span style=\"font-weight: 400;\">-GreaTR logosu dijital platformlarda asla 70 px\u2019den k\u00fc\u00e7\u00fck kullan\u0131lamaz. Bas\u0131l\u0131 platformlarda 20 mm\u2019den k\u00fc\u00e7\u00fck kullan\u0131lamaz.<\/span><\/p><p><a href=\"https:\/\/greatr.org\/en\/\" target=\"_blank\" rel=\"noopener\"><span style=\"text-decoration: underline;\"><span style=\"font-weight: 400;\">GreaTR internet sitesi<\/span><\/span><\/a><\/p><p><a href=\"https:\/\/instagram.com\/greatrorg\" target=\"_blank\" rel=\"noopener\"><span style=\"text-decoration: underline;\"><span style=\"font-weight: 400;\">GreaTR Instagram hesab\u0131\u00a0<\/span><\/span><\/a><\/p><p><span style=\"font-weight: 400;\"><a href=\"https:\/\/tr.linkedin.com\/company\/greatr\" target=\"_blank\" rel=\"noopener\"><span style=\"text-decoration: underline;\">GreaTR LinkedIn hesab\u0131<\/span><\/a><\/span><\/p><p><span style=\"font-weight: 400;\"><a href=\"https:\/\/twitter.com\/greatrorg\" target=\"_blank\" rel=\"noopener\"><span style=\"text-decoration: underline;\">GreaTR Twitter hesab\u0131<\/span><\/a><\/span><\/p><p><a href=\"https:\/\/eksisozluk.com\/greatr-org--7306976\" target=\"_blank\" rel=\"noopener\"><span style=\"text-decoration: underline;\"><span style=\"font-weight: 400;\">GreaTR Ek\u015fi S\u00f6zl\u00fck i\u00e7eri\u011fi<\/span><\/span><\/a><\/p><\/div>\n\t\t\t\t<\/div>\n\t\t\t\t<\/div>\n\t\t\t\t\t\t<\/div>\n\t\t\t\t\t<\/div>\n\t\t<\/div>\n\t\t\t\t\t\t\t\t<\/div>\n\t\t\t\t\t<\/div>\n\t\t<\/section>\n\t\t\t\t\t\t<\/div>\n\t\t\t\t\t\t<\/div>\n\t\t\t\t\t<\/div>","protected":false},"excerpt":{"rendered":"<p>Medya mecralar\u0131nda GreaTR\u2019\u0131n duyurusu i\u00e7in kullan\u0131lacak her t\u00fcrl\u00fc g\u00f6rseli ve i\u00e7eri\u011fi sizler i\u00e7in a\u015fa\u011f\u0131da listeledik.\u00a0 GreaTR ismini ba\u015fka bir uygulama ya da websitesi alan ad\u0131 i\u00e7inde, GreaTR\u2019dan izinsiz payla\u015f\u0131lan ve GreaTR\u2019a zarar verebilecek reklam i\u00e7eriklerinde, GreaTR\u2019a zarar verebilecek i\u00e7eriklerde kullan\u0131lmas\u0131 yasakt\u0131r. \u0130smin do\u011fru kullan\u0131m\u0131 ve telaffuzu: GreaTR isminin kullan\u0131m\u0131 s\u0131ras\u0131nda ilk harf ve son iki [&hellip;]<\/p>","protected":false},"author":1,"featured_media":0,"parent":0,"menu_order":0,"comment_status":"closed","ping_status":"closed","template":"","meta":{"_monsterinsights_skip_tracking":false,"_monsterinsights_sitenote_active":false,"_monsterinsights_sitenote_note":"","_monsterinsights_sitenote_category":0,"site-sidebar-layout":"no-sidebar","site-content-layout":"page-builder","ast-site-content-layout":"","site-content-style":"default","site-sidebar-style":"default","ast-global-header-display":"","ast-banner-title-visibility":"","ast-main-header-display":"","ast-hfb-above-header-display":"","ast-hfb-below-header-display":"","ast-hfb-mobile-header-display":"","site-post-title":"disabled","ast-breadcrumbs-content":"","ast-featured-img":"disabled","footer-sml-layout":"","theme-transparent-header-meta":"","adv-header-id-meta":"","stick-header-meta":"","header-above-stick-meta":"","header-main-stick-meta":"","header-below-stick-meta":"","astra-migrate-meta-layouts":"default","ast-page-background-enabled":"default","ast-page-background-meta":{"desktop":{"background-color":"","background-image":"","background-repeat":"repeat","background-position":"center center","background-size":"auto","background-attachment":"scroll","background-type":"","background-media":"","overlay-type":"","overlay-color":"","overlay-opacity":"","overlay-gradient":""},"tablet":{"background-color":"","background-image":"","background-repeat":"repeat","background-position":"center center","background-size":"auto","background-attachment":"scroll","background-type":"","background-media":"","overlay-type":"","overlay-color":"","overlay-opacity":"","overlay-gradient":""},"mobile":{"background-color":"","background-image":"","background-repeat":"repeat","background-position":"center center","background-size":"auto","background-attachment":"scroll","background-type":"","background-media":"","overlay-type":"","overlay-color":"","overlay-opacity":"","overlay-gradient":""}},"ast-content-background-meta":{"desktop":{"background-color":"var(--ast-global-color-5)","background-image":"","background-repeat":"repeat","background-position":"center center","background-size":"auto","background-attachment":"scroll","background-type":"","background-media":"","overlay-type":"","overlay-color":"","overlay-opacity":"","overlay-gradient":""},"tablet":{"background-color":"var(--ast-global-color-5)","background-image":"","background-repeat":"repeat","background-position":"center center","background-size":"auto","background-attachment":"scroll","background-type":"","background-media":"","overlay-type":"","overlay-color":"","overlay-opacity":"","overlay-gradient":""},"mobile":{"background-color":"var(--ast-global-color-5)","background-image":"","background-repeat":"repeat","background-position":"center center","background-size":"auto","background-attachment":"scroll","background-type":"","background-media":"","overlay-type":"","overlay-color":"","overlay-opacity":"","overlay-gradient":""}},"footnotes":""},"class_list":["post-11499","page","type-page","status-publish","hentry"],"yoast_head":"<!-- This site is optimized with the Yoast SEO plugin v19.0 - https:\/\/yoast.com\/wordpress\/plugins\/seo\/ -->\n<title>Bas\u0131n Kiti -<\/title>\n<meta name=\"robots\" content=\"index, follow, max-snippet:-1, max-image-preview:large, max-video-preview:-1\" \/>\n<link rel=\"canonical\" href=\"https:\/\/greatr.org\/en\/basin-kiti\/\" \/>\n<meta property=\"og:locale\" content=\"en_GB\" \/>\n<meta property=\"og:type\" content=\"article\" \/>\n<meta property=\"og:title\" content=\"Bas\u0131n Kiti -\" \/>\n<meta property=\"og:description\" content=\"Medya mecralar\u0131nda GreaTR\u2019\u0131n duyurusu i\u00e7in kullan\u0131lacak her t\u00fcrl\u00fc g\u00f6rseli ve i\u00e7eri\u011fi sizler i\u00e7in a\u015fa\u011f\u0131da listeledik.\u00a0 GreaTR ismini ba\u015fka bir uygulama ya da websitesi alan ad\u0131 i\u00e7inde, GreaTR\u2019dan izinsiz payla\u015f\u0131lan ve GreaTR\u2019a zarar verebilecek reklam i\u00e7eriklerinde, GreaTR\u2019a zarar verebilecek i\u00e7eriklerde kullan\u0131lmas\u0131 yasakt\u0131r. \u0130smin do\u011fru kullan\u0131m\u0131 ve telaffuzu: GreaTR isminin kullan\u0131m\u0131 s\u0131ras\u0131nda ilk harf ve son iki [&hellip;]\" \/>\n<meta property=\"og:url\" content=\"https:\/\/greatr.org\/en\/basin-kiti\/\" \/>\n<meta property=\"article:publisher\" content=\"https:\/\/www.facebook.com\/Greatr-102901821792967\" \/>\n<meta property=\"article:modified_time\" content=\"2022-06-27T16:45:32+00:00\" \/>\n<meta name=\"twitter:card\" content=\"summary_large_image\" \/>\n<meta name=\"twitter:site\" content=\"@greatrorg\" \/>\n<meta name=\"twitter:label1\" content=\"Est. reading time\" \/>\n\t<meta name=\"twitter:data1\" content=\"2 minutes\" \/>\n<script type=\"application\/ld+json\" class=\"yoast-schema-graph\">{\"@context\":\"https:\/\/schema.org\",\"@graph\":[{\"@type\":\"Organization\",\"@id\":\"https:\/\/greatr.org\/#organization\",\"name\":\"GreaTR\",\"url\":\"https:\/\/greatr.org\/\",\"sameAs\":[\"https:\/\/www.instagram.com\/greatrorg\/\",\"https:\/\/www.linkedin.com\/company\/greatr\/\",\"https:\/\/www.youtube.com\/channel\/UCkQ65_M1HarEMSt8XciDTSA\",\"https:\/\/www.facebook.com\/Greatr-102901821792967\",\"https:\/\/twitter.com\/greatrorg\"],\"logo\":{\"@type\":\"ImageObject\",\"inLanguage\":\"en-GB\",\"@id\":\"https:\/\/greatr.org\/#\/schema\/logo\/image\/\",\"url\":\"https:\/\/greatr.org\/wp-content\/uploads\/2022\/06\/GreaTR-Mor750-Logo750GUNCEL@4x.png\",\"contentUrl\":\"https:\/\/greatr.org\/wp-content\/uploads\/2022\/06\/GreaTR-Mor750-Logo750GUNCEL@4x.png\",\"width\":3000,\"height\":3000,\"caption\":\"GreaTR\"},\"image\":{\"@id\":\"https:\/\/greatr.org\/#\/schema\/logo\/image\/\"}},{\"@type\":\"WebSite\",\"@id\":\"https:\/\/greatr.org\/#website\",\"url\":\"https:\/\/greatr.org\/\",\"name\":\"\",\"description\":\"\",\"publisher\":{\"@id\":\"https:\/\/greatr.org\/#organization\"},\"potentialAction\":[{\"@type\":\"SearchAction\",\"target\":{\"@type\":\"EntryPoint\",\"urlTemplate\":\"https:\/\/greatr.org\/?s={search_term_string}\"},\"query-input\":\"required name=search_term_string\"}],\"inLanguage\":\"en-GB\"},{\"@type\":\"WebPage\",\"@id\":\"https:\/\/greatr.org\/basin-kiti\/#webpage\",\"url\":\"https:\/\/greatr.org\/basin-kiti\/\",\"name\":\"Bas\u0131n Kiti -\",\"isPartOf\":{\"@id\":\"https:\/\/greatr.org\/#website\"},\"datePublished\":\"2022-06-20T18:16:29+00:00\",\"dateModified\":\"2022-06-27T16:45:32+00:00\",\"breadcrumb\":{\"@id\":\"https:\/\/greatr.org\/basin-kiti\/#breadcrumb\"},\"inLanguage\":\"en-GB\",\"potentialAction\":[{\"@type\":\"ReadAction\",\"target\":[\"https:\/\/greatr.org\/basin-kiti\/\"]}]},{\"@type\":\"BreadcrumbList\",\"@id\":\"https:\/\/greatr.org\/basin-kiti\/#breadcrumb\",\"itemListElement\":[{\"@type\":\"ListItem\",\"position\":1,\"name\":\"Ana sayfa\",\"item\":\"https:\/\/greatr.org\/\"},{\"@type\":\"ListItem\",\"position\":2,\"name\":\"Bas\u0131n Kiti\"}]}]}<\/script>\n<!-- \/ Yoast SEO plugin. -->","yoast_head_json":{"title":"Bas\u0131n Kiti -","robots":{"index":"index","follow":"follow","max-snippet":"max-snippet:-1","max-image-preview":"max-image-preview:large","max-video-preview":"max-video-preview:-1"},"canonical":"https:\/\/greatr.org\/en\/basin-kiti\/","og_locale":"en_GB","og_type":"article","og_title":"Bas\u0131n Kiti -","og_description":"Medya mecralar\u0131nda GreaTR\u2019\u0131n duyurusu i\u00e7in kullan\u0131lacak her t\u00fcrl\u00fc g\u00f6rseli ve i\u00e7eri\u011fi sizler i\u00e7in a\u015fa\u011f\u0131da listeledik.\u00a0 GreaTR ismini ba\u015fka bir uygulama ya da websitesi alan ad\u0131 i\u00e7inde, GreaTR\u2019dan izinsiz payla\u015f\u0131lan ve GreaTR\u2019a zarar verebilecek reklam i\u00e7eriklerinde, GreaTR\u2019a zarar verebilecek i\u00e7eriklerde kullan\u0131lmas\u0131 yasakt\u0131r. \u0130smin do\u011fru kullan\u0131m\u0131 ve telaffuzu: GreaTR isminin kullan\u0131m\u0131 s\u0131ras\u0131nda ilk harf ve son iki [&hellip;]","og_url":"https:\/\/greatr.org\/en\/basin-kiti\/","article_publisher":"https:\/\/www.facebook.com\/Greatr-102901821792967","article_modified_time":"2022-06-27T16:45:32+00:00","twitter_card":"summary_large_image","twitter_site":"@greatrorg","twitter_misc":{"Est. reading time":"2 minutes"},"schema":{"@context":"https:\/\/schema.org","@graph":[{"@type":"Organization","@id":"https:\/\/greatr.org\/#organization","name":"GreaTR","url":"https:\/\/greatr.org\/","sameAs":["https:\/\/www.instagram.com\/greatrorg\/","https:\/\/www.linkedin.com\/company\/greatr\/","https:\/\/www.youtube.com\/channel\/UCkQ65_M1HarEMSt8XciDTSA","https:\/\/www.facebook.com\/Greatr-102901821792967","https:\/\/twitter.com\/greatrorg"],"logo":{"@type":"ImageObject","inLanguage":"en-GB","@id":"https:\/\/greatr.org\/#\/schema\/logo\/image\/","url":"https:\/\/greatr.org\/wp-content\/uploads\/2022\/06\/GreaTR-Mor750-Logo750GUNCEL@4x.png","contentUrl":"https:\/\/greatr.org\/wp-content\/uploads\/2022\/06\/GreaTR-Mor750-Logo750GUNCEL@4x.png","width":3000,"height":3000,"caption":"GreaTR"},"image":{"@id":"https:\/\/greatr.org\/#\/schema\/logo\/image\/"}},{"@type":"WebSite","@id":"https:\/\/greatr.org\/#website","url":"https:\/\/greatr.org\/","name":"","description":"","publisher":{"@id":"https:\/\/greatr.org\/#organization"},"potentialAction":[{"@type":"SearchAction","target":{"@type":"EntryPoint","urlTemplate":"https:\/\/greatr.org\/?s={search_term_string}"},"query-input":"required name=search_term_string"}],"inLanguage":"en-GB"},{"@type":"WebPage","@id":"https:\/\/greatr.org\/basin-kiti\/#webpage","url":"https:\/\/greatr.org\/basin-kiti\/","name":"Bas\u0131n Kiti -","isPartOf":{"@id":"https:\/\/greatr.org\/#website"},"datePublished":"2022-06-20T18:16:29+00:00","dateModified":"2022-06-27T16:45:32+00:00","breadcrumb":{"@id":"https:\/\/greatr.org\/basin-kiti\/#breadcrumb"},"inLanguage":"en-GB","potentialAction":[{"@type":"ReadAction","target":["https:\/\/greatr.org\/basin-kiti\/"]}]},{"@type":"BreadcrumbList","@id":"https:\/\/greatr.org\/basin-kiti\/#breadcrumb","itemListElement":[{"@type":"ListItem","position":1,"name":"Ana sayfa","item":"https:\/\/greatr.org\/"},{"@type":"ListItem","position":2,"name":"Bas\u0131n Kiti"}]}]}},"uagb_featured_image_src":{"full":false,"thumbnail":false,"medium":false,"medium_large":false,"large":false,"1536x1536":false,"2048x2048":false,"trp-custom-language-flag":false},"uagb_author_info":{"display_name":"admin","author_link":"https:\/\/greatr.org\/en\/author\/admin\/"},"uagb_comment_info":0,"uagb_excerpt":"Medya mecralar\u0131nda GreaTR\u2019\u0131n duyurusu i\u00e7in kullan\u0131lacak her t\u00fcrl\u00fc g\u00f6rseli ve i\u00e7eri\u011fi sizler i\u00e7in a\u015fa\u011f\u0131da listeledik.\u00a0 GreaTR ismini ba\u015fka bir uygulama ya da websitesi alan ad\u0131 i\u00e7inde, GreaTR\u2019dan izinsiz payla\u015f\u0131lan ve GreaTR\u2019a zarar verebilecek reklam i\u00e7eriklerinde, GreaTR\u2019a zarar verebilecek i\u00e7eriklerde kullan\u0131lmas\u0131 yasakt\u0131r. \u0130smin do\u011fru kullan\u0131m\u0131 ve telaffuzu: GreaTR isminin kullan\u0131m\u0131 s\u0131ras\u0131nda ilk harf ve son iki&hellip;","_links":{"self":[{"href":"https:\/\/greatr.org\/en\/wp-json\/wp\/v2\/pages\/11499","targetHints":{"allow":["GET"]}}],"collection":[{"href":"https:\/\/greatr.org\/en\/wp-json\/wp\/v2\/pages"}],"about":[{"href":"https:\/\/greatr.org\/en\/wp-json\/wp\/v2\/types\/page"}],"author":[{"embeddable":true,"href":"https:\/\/greatr.org\/en\/wp-json\/wp\/v2\/users\/1"}],"replies":[{"embeddable":true,"href":"https:\/\/greatr.org\/en\/wp-json\/wp\/v2\/comments?post=11499"}],"version-history":[{"count":43,"href":"https:\/\/greatr.org\/en\/wp-json\/wp\/v2\/pages\/11499\/revisions"}],"predecessor-version":[{"id":11722,"href":"https:\/\/greatr.org\/en\/wp-json\/wp\/v2\/pages\/11499\/revisions\/11722"}],"wp:attachment":[{"href":"https:\/\/greatr.org\/en\/wp-json\/wp\/v2\/media?parent=11499"}],"curies":[{"name":"wp","href":"https:\/\/api.w.org\/{rel}","templated":true}]}}