{"id":11357,"date":"2022-06-15T19:04:01","date_gmt":"2022-06-15T16:04:01","guid":{"rendered":"https:\/\/greatr.org\/?page_id=11357"},"modified":"2022-06-27T11:50:19","modified_gmt":"2022-06-27T08:50:19","slug":"z-kusagi-is-hayatinda-ne-istiyor","status":"publish","type":"page","link":"https:\/\/greatr.org\/en\/z-kusagi-is-hayatinda-ne-istiyor\/","title":{"rendered":"What Does Generation Z Want in Business Life?"},"content":{"rendered":"<div data-elementor-type=\"wp-page\" data-elementor-id=\"11357\" class=\"elementor elementor-11357\" data-elementor-settings=\"[]\">\n\t\t\t\t\t\t<div class=\"elementor-inner\">\n\t\t\t\t\t\t\t<div class=\"elementor-section-wrap\">\n\t\t\t\t\t\t\t<section class=\"elementor-section elementor-top-section elementor-element elementor-element-c1ca8c3 elementor-section-boxed elementor-section-height-default elementor-section-height-default\" data-id=\"c1ca8c3\" data-element_type=\"section\">\n\t\t\t\t\t\t<div class=\"elementor-container elementor-column-gap-default\">\n\t\t\t\t\t\t\t<div class=\"elementor-row\">\n\t\t\t\t\t<div class=\"elementor-column elementor-col-50 elementor-top-column elementor-element elementor-element-3c4d262\" data-id=\"3c4d262\" data-element_type=\"column\">\n\t\t\t<div class=\"elementor-column-wrap elementor-element-populated\">\n\t\t\t\t\t\t\t<div class=\"elementor-widget-wrap\">\n\t\t\t\t\t\t<div class=\"elementor-element elementor-element-c1a15e7 elementor-widget elementor-widget-image\" data-id=\"c1a15e7\" data-element_type=\"widget\" data-widget_type=\"image.default\">\n\t\t\t\t<div class=\"elementor-widget-container\">\n\t\t\t\t\t<div class=\"elementor-image\">\n\t\t\t\t\t\t\t\t\t\t<img loading=\"lazy\" decoding=\"async\" width=\"1024\" height=\"536\" src=\"https:\/\/greatr.org\/wp-content\/uploads\/2022\/06\/blog-3-1024x536.jpeg\" class=\"attachment-large size-large\" alt=\"\" srcset=\"https:\/\/greatr.org\/wp-content\/uploads\/2022\/06\/blog-3-1024x536.jpeg 1024w, https:\/\/greatr.org\/wp-content\/uploads\/2022\/06\/blog-3-300x157.jpeg 300w, https:\/\/greatr.org\/wp-content\/uploads\/2022\/06\/blog-3-768x402.jpeg 768w, https:\/\/greatr.org\/wp-content\/uploads\/2022\/06\/blog-3.jpeg 1200w\" sizes=\"auto, (max-width: 1024px) 100vw, 1024px\" \/>\t\t\t\t\t\t\t\t\t\t\t<\/div>\n\t\t\t\t<\/div>\n\t\t\t\t<\/div>\n\t\t\t\t\t\t<\/div>\n\t\t\t\t\t<\/div>\n\t\t<\/div>\n\t\t\t\t<div class=\"elementor-column elementor-col-50 elementor-top-column elementor-element elementor-element-10fb196\" data-id=\"10fb196\" data-element_type=\"column\">\n\t\t\t<div class=\"elementor-column-wrap elementor-element-populated\">\n\t\t\t\t\t\t\t<div class=\"elementor-widget-wrap\">\n\t\t\t\t\t\t<div class=\"elementor-element elementor-element-c51a6c8 elementor-widget elementor-widget-heading\" data-id=\"c51a6c8\" data-element_type=\"widget\" data-widget_type=\"heading.default\">\n\t\t\t\t<div class=\"elementor-widget-container\">\n\t\t\t<h2 class=\"elementor-heading-title elementor-size-default\">What Does Generation Z Want in Business Life? <\/h2>\t\t<\/div>\n\t\t\t\t<\/div>\n\t\t\t\t\t\t<\/div>\n\t\t\t\t\t<\/div>\n\t\t<\/div>\n\t\t\t\t\t\t\t\t<\/div>\n\t\t\t\t\t<\/div>\n\t\t<\/section>\n\t\t\t\t<section class=\"elementor-section elementor-top-section elementor-element elementor-element-d951191 elementor-section-boxed elementor-section-height-default elementor-section-height-default\" data-id=\"d951191\" data-element_type=\"section\">\n\t\t\t\t\t\t<div class=\"elementor-container elementor-column-gap-default\">\n\t\t\t\t\t\t\t<div class=\"elementor-row\">\n\t\t\t\t\t<div class=\"elementor-column elementor-col-100 elementor-top-column elementor-element elementor-element-0b60f48\" data-id=\"0b60f48\" data-element_type=\"column\">\n\t\t\t<div class=\"elementor-column-wrap elementor-element-populated\">\n\t\t\t\t\t\t\t<div class=\"elementor-widget-wrap\">\n\t\t\t\t\t\t<div class=\"elementor-element elementor-element-1ddded9 elementor-widget elementor-widget-text-editor\" data-id=\"1ddded9\" data-element_type=\"widget\" data-widget_type=\"text-editor.default\">\n\t\t\t\t<div class=\"elementor-widget-container\">\n\t\t\t\t\t<div class=\"elementor-text-editor elementor-clearfix\"><p><span style=\"font-weight: 400;\">With the inclusion of Generation Z in business life, the modern workforce is being reshaped. The technology-driven generation wants more flexibility, more work\/life balance, and more unconventional employee benefits. Employers need to be prepared to meet these demands. For this reason, leading organizations need to analyze Generation Z well and strategize on how to offer this generation what they want in a job.<\/span><\/p><p><span style=\"font-weight: 400;\">Generation Z values \u200b\u200bmore than health insurance, compensation, and retirement plans that were important to previous generations. They look at the workplace holistically, such as whether the company culture and benefits align with their lifestyle. Research shows that Generation Z prioritizes work\/life balance and personal well-being. Specifically, they are seeking benefits that go beyond their coverage, such as health insurance. These could be alternatives such as unlimited paid leave, mental health days, or financial health programs.\u00a0<\/span><\/p><p><b>Work\/Life Balance and Flexibility<\/b><\/p><p><span style=\"font-weight: 400;\">Flexible options are at the forefront in new work profiles around the world. The data show that flexibility also overtakes healthcare as a primary benefit. Working fluently and comfortably with digital tools, Generation Z prefers to work from home or in areas that are more suitable for their lives. This generation wants a fluid and individual management style where they can complete their work in their own way and in their own time. Employers looking to attract and retain Gen Z talent should make sure they offer some flexible workplace options, such as hybrid or fully remote working days, paid leave.<\/span><\/p><p><b>Technology<\/b><\/p><p><span style=\"font-weight: 400;\">Generation Z, who grew up in the digital world, never knew a world without the internet and grew up more technology-oriented than other age groups. Thus, they know that they can access information quickly and easily from anywhere, anytime. This means that employers looking to hire this generation need to invest in technology platforms and mobile apps where Generation Z employees can easily manage their tasks.<\/span><\/p><p><b>Diversity, Equality and Inclusion<\/b><\/p><p><span style=\"font-weight: 400;\">Diversity, equality and inclusion are an increasingly important issue in today's business environment as Generation Z seeks employers that are more aligned with their values. When this generation witnesses discrimination based on race, ethnicity, sexual orientation or gender identity in business life, they know that they can express their problems more openly to large audiences through social media. As such, this generation seems to hold their employers to higher standards.<\/span><\/p><p><b>Career Growth and Development Opportunities<\/b><\/p><p><span style=\"font-weight: 400;\">Generation Z spends more time learning than previous generations, especially by watching online courses. As such, they state that they need development opportunity to advance in their work roles. Employers should secure this generation of young talents in the long term by investing in young talents.\u00a0<\/span><\/p><p><b>Corporate Social Responsibility<\/b><\/p><p><span style=\"font-weight: 400;\">Generation Z places importance on authenticity, activism and values, as they have been raised in a more socially conscious manner than any other generation. They pay attention to the compatibility of an organization's values \u200b\u200bwith their own and prefer to work in companies where ethical values \u200b\u200bare at the forefront, believing that solving today's social problems is as important as making a profit. Leading the digital age and growing up with a range of social justice issues at the center, Generation Z is a generation that has grown up understanding that their voices are strong and that their actions can create change. So, when it comes to corporate social responsibility, Generation Z demands them.<\/span><\/p><\/div>\n\t\t\t\t<\/div>\n\t\t\t\t<\/div>\n\t\t\t\t\t\t<\/div>\n\t\t\t\t\t<\/div>\n\t\t<\/div>\n\t\t\t\t\t\t\t\t<\/div>\n\t\t\t\t\t<\/div>\n\t\t<\/section>\n\t\t\t\t\t\t<\/div>\n\t\t\t\t\t\t<\/div>\n\t\t\t\t\t<\/div>","protected":false},"excerpt":{"rendered":"<p>Z Ku\u015fa\u011f\u0131 \u0130\u015f Hayat\u0131nda Ne \u0130stiyor? Z Ku\u015fa\u011f\u0131n\u0131n i\u015f hayat\u0131na dahil olmas\u0131yla birlikte modern i\u015f g\u00fcc\u00fc yeniden \u015fekilleniyor. Teknoloji odakl\u0131 yeti\u015fen nesil daha fazla esneklik, daha fazla i\u015f\/ya\u015fam dengesi ve daha fazla gelenekselin d\u0131\u015f\u0131nda \u00e7al\u0131\u015fanlara sa\u011flanan faydalar istiyor. \u0130\u015fverenlerin ise bu istekleri kar\u015f\u0131lamaya haz\u0131r olmas\u0131 gerekiyor. Bu nedenle, \u00f6nde gelen kurulu\u015flar\u0131n Z Ku\u015fa\u011f\u0131n\u0131 iyi analiz [&hellip;]<\/p>","protected":false},"author":1,"featured_media":0,"parent":0,"menu_order":0,"comment_status":"closed","ping_status":"closed","template":"","meta":{"_monsterinsights_skip_tracking":false,"_monsterinsights_sitenote_active":false,"_monsterinsights_sitenote_note":"","_monsterinsights_sitenote_category":0,"site-sidebar-layout":"no-sidebar","site-content-layout":"page-builder","ast-site-content-layout":"","site-content-style":"default","site-sidebar-style":"default","ast-global-header-display":"","ast-banner-title-visibility":"","ast-main-header-display":"","ast-hfb-above-header-display":"","ast-hfb-below-header-display":"","ast-hfb-mobile-header-display":"","site-post-title":"disabled","ast-breadcrumbs-content":"","ast-featured-img":"disabled","footer-sml-layout":"","theme-transparent-header-meta":"","adv-header-id-meta":"","stick-header-meta":"","header-above-stick-meta":"","header-main-stick-meta":"","header-below-stick-meta":"","astra-migrate-meta-layouts":"default","ast-page-background-enabled":"default","ast-page-background-meta":{"desktop":{"background-color":"","background-image":"","background-repeat":"repeat","background-position":"center center","background-size":"auto","background-attachment":"scroll","background-type":"","background-media":"","overlay-type":"","overlay-color":"","overlay-opacity":"","overlay-gradient":""},"tablet":{"background-color":"","background-image":"","background-repeat":"repeat","background-position":"center center","background-size":"auto","background-attachment":"scroll","background-type":"","background-media":"","overlay-type":"","overlay-color":"","overlay-opacity":"","overlay-gradient":""},"mobile":{"background-color":"","background-image":"","background-repeat":"repeat","background-position":"center center","background-size":"auto","background-attachment":"scroll","background-type":"","background-media":"","overlay-type":"","overlay-color":"","overlay-opacity":"","overlay-gradient":""}},"ast-content-background-meta":{"desktop":{"background-color":"var(--ast-global-color-5)","background-image":"","background-repeat":"repeat","background-position":"center center","background-size":"auto","background-attachment":"scroll","background-type":"","background-media":"","overlay-type":"","overlay-color":"","overlay-opacity":"","overlay-gradient":""},"tablet":{"background-color":"var(--ast-global-color-5)","background-image":"","background-repeat":"repeat","background-position":"center center","background-size":"auto","background-attachment":"scroll","background-type":"","background-media":"","overlay-type":"","overlay-color":"","overlay-opacity":"","overlay-gradient":""},"mobile":{"background-color":"var(--ast-global-color-5)","background-image":"","background-repeat":"repeat","background-position":"center center","background-size":"auto","background-attachment":"scroll","background-type":"","background-media":"","overlay-type":"","overlay-color":"","overlay-opacity":"","overlay-gradient":""}},"footnotes":""},"class_list":["post-11357","page","type-page","status-publish","hentry"],"yoast_head":"<!-- This site is optimized with the Yoast SEO plugin v19.0 - https:\/\/yoast.com\/wordpress\/plugins\/seo\/ -->\n<title>Z Ku\u015fa\u011f\u0131 \u0130\u015f Hayat\u0131nda Ne \u0130stiyor? -<\/title>\n<meta name=\"robots\" content=\"index, follow, max-snippet:-1, max-image-preview:large, max-video-preview:-1\" \/>\n<link rel=\"canonical\" href=\"https:\/\/greatr.org\/en\/z-kusagi-is-hayatinda-ne-istiyor\/\" \/>\n<meta property=\"og:locale\" content=\"en_GB\" \/>\n<meta property=\"og:type\" content=\"article\" \/>\n<meta property=\"og:title\" content=\"Z Ku\u015fa\u011f\u0131 \u0130\u015f Hayat\u0131nda Ne \u0130stiyor? -\" \/>\n<meta property=\"og:description\" content=\"Z Ku\u015fa\u011f\u0131 \u0130\u015f Hayat\u0131nda Ne \u0130stiyor? Z Ku\u015fa\u011f\u0131n\u0131n i\u015f hayat\u0131na dahil olmas\u0131yla birlikte modern i\u015f g\u00fcc\u00fc yeniden \u015fekilleniyor. Teknoloji odakl\u0131 yeti\u015fen nesil daha fazla esneklik, daha fazla i\u015f\/ya\u015fam dengesi ve daha fazla gelenekselin d\u0131\u015f\u0131nda \u00e7al\u0131\u015fanlara sa\u011flanan faydalar istiyor. \u0130\u015fverenlerin ise bu istekleri kar\u015f\u0131lamaya haz\u0131r olmas\u0131 gerekiyor. Bu nedenle, \u00f6nde gelen kurulu\u015flar\u0131n Z Ku\u015fa\u011f\u0131n\u0131 iyi analiz [&hellip;]\" \/>\n<meta property=\"og:url\" content=\"https:\/\/greatr.org\/en\/z-kusagi-is-hayatinda-ne-istiyor\/\" \/>\n<meta property=\"article:publisher\" content=\"https:\/\/www.facebook.com\/Greatr-102901821792967\" \/>\n<meta property=\"article:modified_time\" content=\"2022-06-27T08:50:19+00:00\" \/>\n<meta property=\"og:image\" content=\"https:\/\/greatr.org\/wp-content\/uploads\/2022\/06\/blog-3-1024x536.jpeg\" \/>\n<meta name=\"twitter:card\" content=\"summary_large_image\" \/>\n<meta name=\"twitter:site\" content=\"@greatrorg\" \/>\n<meta name=\"twitter:label1\" content=\"Est. reading time\" \/>\n\t<meta name=\"twitter:data1\" content=\"4 minutes\" \/>\n<script type=\"application\/ld+json\" class=\"yoast-schema-graph\">{\"@context\":\"https:\/\/schema.org\",\"@graph\":[{\"@type\":\"Organization\",\"@id\":\"https:\/\/greatr.org\/#organization\",\"name\":\"GreaTR\",\"url\":\"https:\/\/greatr.org\/\",\"sameAs\":[\"https:\/\/www.instagram.com\/greatrorg\/\",\"https:\/\/www.linkedin.com\/company\/greatr\/\",\"https:\/\/www.youtube.com\/channel\/UCkQ65_M1HarEMSt8XciDTSA\",\"https:\/\/www.facebook.com\/Greatr-102901821792967\",\"https:\/\/twitter.com\/greatrorg\"],\"logo\":{\"@type\":\"ImageObject\",\"inLanguage\":\"en-GB\",\"@id\":\"https:\/\/greatr.org\/#\/schema\/logo\/image\/\",\"url\":\"https:\/\/greatr.org\/wp-content\/uploads\/2022\/06\/GreaTR-Mor750-Logo750GUNCEL@4x.png\",\"contentUrl\":\"https:\/\/greatr.org\/wp-content\/uploads\/2022\/06\/GreaTR-Mor750-Logo750GUNCEL@4x.png\",\"width\":3000,\"height\":3000,\"caption\":\"GreaTR\"},\"image\":{\"@id\":\"https:\/\/greatr.org\/#\/schema\/logo\/image\/\"}},{\"@type\":\"WebSite\",\"@id\":\"https:\/\/greatr.org\/#website\",\"url\":\"https:\/\/greatr.org\/\",\"name\":\"\",\"description\":\"\",\"publisher\":{\"@id\":\"https:\/\/greatr.org\/#organization\"},\"potentialAction\":[{\"@type\":\"SearchAction\",\"target\":{\"@type\":\"EntryPoint\",\"urlTemplate\":\"https:\/\/greatr.org\/?s={search_term_string}\"},\"query-input\":\"required name=search_term_string\"}],\"inLanguage\":\"en-GB\"},{\"@type\":\"ImageObject\",\"inLanguage\":\"en-GB\",\"@id\":\"https:\/\/greatr.org\/z-kusagi-is-hayatinda-ne-istiyor\/#primaryimage\",\"url\":\"https:\/\/greatr.org\/wp-content\/uploads\/2022\/06\/blog-3.jpeg\",\"contentUrl\":\"https:\/\/greatr.org\/wp-content\/uploads\/2022\/06\/blog-3.jpeg\",\"width\":1200,\"height\":628},{\"@type\":\"WebPage\",\"@id\":\"https:\/\/greatr.org\/z-kusagi-is-hayatinda-ne-istiyor\/#webpage\",\"url\":\"https:\/\/greatr.org\/z-kusagi-is-hayatinda-ne-istiyor\/\",\"name\":\"Z Ku\u015fa\u011f\u0131 \u0130\u015f Hayat\u0131nda Ne \u0130stiyor? -\",\"isPartOf\":{\"@id\":\"https:\/\/greatr.org\/#website\"},\"primaryImageOfPage\":{\"@id\":\"https:\/\/greatr.org\/z-kusagi-is-hayatinda-ne-istiyor\/#primaryimage\"},\"datePublished\":\"2022-06-15T16:04:01+00:00\",\"dateModified\":\"2022-06-27T08:50:19+00:00\",\"breadcrumb\":{\"@id\":\"https:\/\/greatr.org\/z-kusagi-is-hayatinda-ne-istiyor\/#breadcrumb\"},\"inLanguage\":\"en-GB\",\"potentialAction\":[{\"@type\":\"ReadAction\",\"target\":[\"https:\/\/greatr.org\/z-kusagi-is-hayatinda-ne-istiyor\/\"]}]},{\"@type\":\"BreadcrumbList\",\"@id\":\"https:\/\/greatr.org\/z-kusagi-is-hayatinda-ne-istiyor\/#breadcrumb\",\"itemListElement\":[{\"@type\":\"ListItem\",\"position\":1,\"name\":\"Ana sayfa\",\"item\":\"https:\/\/greatr.org\/\"},{\"@type\":\"ListItem\",\"position\":2,\"name\":\"Z Ku\u015fa\u011f\u0131 \u0130\u015f Hayat\u0131nda Ne \u0130stiyor?\"}]}]}<\/script>\n<!-- \/ Yoast SEO plugin. -->","yoast_head_json":{"title":"Z Ku\u015fa\u011f\u0131 \u0130\u015f Hayat\u0131nda Ne \u0130stiyor? -","robots":{"index":"index","follow":"follow","max-snippet":"max-snippet:-1","max-image-preview":"max-image-preview:large","max-video-preview":"max-video-preview:-1"},"canonical":"https:\/\/greatr.org\/en\/z-kusagi-is-hayatinda-ne-istiyor\/","og_locale":"en_GB","og_type":"article","og_title":"Z Ku\u015fa\u011f\u0131 \u0130\u015f Hayat\u0131nda Ne \u0130stiyor? -","og_description":"Z Ku\u015fa\u011f\u0131 \u0130\u015f Hayat\u0131nda Ne \u0130stiyor? Z Ku\u015fa\u011f\u0131n\u0131n i\u015f hayat\u0131na dahil olmas\u0131yla birlikte modern i\u015f g\u00fcc\u00fc yeniden \u015fekilleniyor. Teknoloji odakl\u0131 yeti\u015fen nesil daha fazla esneklik, daha fazla i\u015f\/ya\u015fam dengesi ve daha fazla gelenekselin d\u0131\u015f\u0131nda \u00e7al\u0131\u015fanlara sa\u011flanan faydalar istiyor. \u0130\u015fverenlerin ise bu istekleri kar\u015f\u0131lamaya haz\u0131r olmas\u0131 gerekiyor. Bu nedenle, \u00f6nde gelen kurulu\u015flar\u0131n Z Ku\u015fa\u011f\u0131n\u0131 iyi analiz [&hellip;]","og_url":"https:\/\/greatr.org\/en\/z-kusagi-is-hayatinda-ne-istiyor\/","article_publisher":"https:\/\/www.facebook.com\/Greatr-102901821792967","article_modified_time":"2022-06-27T08:50:19+00:00","og_image":[{"url":"https:\/\/greatr.org\/wp-content\/uploads\/2022\/06\/blog-3-1024x536.jpeg"}],"twitter_card":"summary_large_image","twitter_site":"@greatrorg","twitter_misc":{"Est. reading time":"4 minutes"},"schema":{"@context":"https:\/\/schema.org","@graph":[{"@type":"Organization","@id":"https:\/\/greatr.org\/#organization","name":"GreaTR","url":"https:\/\/greatr.org\/","sameAs":["https:\/\/www.instagram.com\/greatrorg\/","https:\/\/www.linkedin.com\/company\/greatr\/","https:\/\/www.youtube.com\/channel\/UCkQ65_M1HarEMSt8XciDTSA","https:\/\/www.facebook.com\/Greatr-102901821792967","https:\/\/twitter.com\/greatrorg"],"logo":{"@type":"ImageObject","inLanguage":"en-GB","@id":"https:\/\/greatr.org\/#\/schema\/logo\/image\/","url":"https:\/\/greatr.org\/wp-content\/uploads\/2022\/06\/GreaTR-Mor750-Logo750GUNCEL@4x.png","contentUrl":"https:\/\/greatr.org\/wp-content\/uploads\/2022\/06\/GreaTR-Mor750-Logo750GUNCEL@4x.png","width":3000,"height":3000,"caption":"GreaTR"},"image":{"@id":"https:\/\/greatr.org\/#\/schema\/logo\/image\/"}},{"@type":"WebSite","@id":"https:\/\/greatr.org\/#website","url":"https:\/\/greatr.org\/","name":"","description":"","publisher":{"@id":"https:\/\/greatr.org\/#organization"},"potentialAction":[{"@type":"SearchAction","target":{"@type":"EntryPoint","urlTemplate":"https:\/\/greatr.org\/?s={search_term_string}"},"query-input":"required name=search_term_string"}],"inLanguage":"en-GB"},{"@type":"ImageObject","inLanguage":"en-GB","@id":"https:\/\/greatr.org\/z-kusagi-is-hayatinda-ne-istiyor\/#primaryimage","url":"https:\/\/greatr.org\/wp-content\/uploads\/2022\/06\/blog-3.jpeg","contentUrl":"https:\/\/greatr.org\/wp-content\/uploads\/2022\/06\/blog-3.jpeg","width":1200,"height":628},{"@type":"WebPage","@id":"https:\/\/greatr.org\/z-kusagi-is-hayatinda-ne-istiyor\/#webpage","url":"https:\/\/greatr.org\/z-kusagi-is-hayatinda-ne-istiyor\/","name":"Z Ku\u015fa\u011f\u0131 \u0130\u015f Hayat\u0131nda Ne \u0130stiyor? -","isPartOf":{"@id":"https:\/\/greatr.org\/#website"},"primaryImageOfPage":{"@id":"https:\/\/greatr.org\/z-kusagi-is-hayatinda-ne-istiyor\/#primaryimage"},"datePublished":"2022-06-15T16:04:01+00:00","dateModified":"2022-06-27T08:50:19+00:00","breadcrumb":{"@id":"https:\/\/greatr.org\/z-kusagi-is-hayatinda-ne-istiyor\/#breadcrumb"},"inLanguage":"en-GB","potentialAction":[{"@type":"ReadAction","target":["https:\/\/greatr.org\/z-kusagi-is-hayatinda-ne-istiyor\/"]}]},{"@type":"BreadcrumbList","@id":"https:\/\/greatr.org\/z-kusagi-is-hayatinda-ne-istiyor\/#breadcrumb","itemListElement":[{"@type":"ListItem","position":1,"name":"Ana sayfa","item":"https:\/\/greatr.org\/"},{"@type":"ListItem","position":2,"name":"Z Ku\u015fa\u011f\u0131 \u0130\u015f Hayat\u0131nda Ne \u0130stiyor?"}]}]}},"uagb_featured_image_src":{"full":false,"thumbnail":false,"medium":false,"medium_large":false,"large":false,"1536x1536":false,"2048x2048":false,"trp-custom-language-flag":false},"uagb_author_info":{"display_name":"admin","author_link":"https:\/\/greatr.org\/en\/author\/admin\/"},"uagb_comment_info":0,"uagb_excerpt":"Z Ku\u015fa\u011f\u0131 \u0130\u015f Hayat\u0131nda Ne \u0130stiyor? Z Ku\u015fa\u011f\u0131n\u0131n i\u015f hayat\u0131na dahil olmas\u0131yla birlikte modern i\u015f g\u00fcc\u00fc yeniden \u015fekilleniyor. Teknoloji odakl\u0131 yeti\u015fen nesil daha fazla esneklik, daha fazla i\u015f\/ya\u015fam dengesi ve daha fazla gelenekselin d\u0131\u015f\u0131nda \u00e7al\u0131\u015fanlara sa\u011flanan faydalar istiyor. \u0130\u015fverenlerin ise bu istekleri kar\u015f\u0131lamaya haz\u0131r olmas\u0131 gerekiyor. Bu nedenle, \u00f6nde gelen kurulu\u015flar\u0131n Z Ku\u015fa\u011f\u0131n\u0131 iyi analiz&hellip;","_links":{"self":[{"href":"https:\/\/greatr.org\/en\/wp-json\/wp\/v2\/pages\/11357","targetHints":{"allow":["GET"]}}],"collection":[{"href":"https:\/\/greatr.org\/en\/wp-json\/wp\/v2\/pages"}],"about":[{"href":"https:\/\/greatr.org\/en\/wp-json\/wp\/v2\/types\/page"}],"author":[{"embeddable":true,"href":"https:\/\/greatr.org\/en\/wp-json\/wp\/v2\/users\/1"}],"replies":[{"embeddable":true,"href":"https:\/\/greatr.org\/en\/wp-json\/wp\/v2\/comments?post=11357"}],"version-history":[{"count":16,"href":"https:\/\/greatr.org\/en\/wp-json\/wp\/v2\/pages\/11357\/revisions"}],"predecessor-version":[{"id":11712,"href":"https:\/\/greatr.org\/en\/wp-json\/wp\/v2\/pages\/11357\/revisions\/11712"}],"wp:attachment":[{"href":"https:\/\/greatr.org\/en\/wp-json\/wp\/v2\/media?parent=11357"}],"curies":[{"name":"wp","href":"https:\/\/api.w.org\/{rel}","templated":true}]}}