{"id":11341,"date":"2022-06-15T18:55:51","date_gmt":"2022-06-15T15:55:51","guid":{"rendered":"https:\/\/greatr.org\/?page_id=11341"},"modified":"2022-06-27T11:49:25","modified_gmt":"2022-06-27T08:49:25","slug":"beyin-gocunden-beyin-kazancina-beyin-gocune-ve-akabinde-tersine-beyin-gocune-neden-ihtiyacimiz-var","status":"publish","type":"page","link":"https:\/\/greatr.org\/en\/beyin-gocunden-beyin-kazancina-beyin-gocune-ve-akabinde-tersine-beyin-gocune-neden-ihtiyacimiz-var\/","title":{"rendered":"Beyin G\u00f6\u00e7\u00fcnden Beyin Kazanc\u0131na Beyin G\u00f6\u00e7\u00fcne ve Akabinde Tersine Beyin G\u00f6\u00e7\u00fcne Neden \u0130htiyac\u0131m\u0131z Var?"},"content":{"rendered":"<div data-elementor-type=\"wp-page\" data-elementor-id=\"11341\" class=\"elementor elementor-11341\" data-elementor-settings=\"[]\">\n\t\t\t\t\t\t<div class=\"elementor-inner\">\n\t\t\t\t\t\t\t<div class=\"elementor-section-wrap\">\n\t\t\t\t\t\t\t<section class=\"elementor-section elementor-top-section elementor-element elementor-element-cd3ae70 elementor-section-boxed elementor-section-height-default elementor-section-height-default\" data-id=\"cd3ae70\" data-element_type=\"section\">\n\t\t\t\t\t\t<div class=\"elementor-container elementor-column-gap-default\">\n\t\t\t\t\t\t\t<div class=\"elementor-row\">\n\t\t\t\t\t<div class=\"elementor-column elementor-col-50 elementor-top-column elementor-element elementor-element-364da8e\" data-id=\"364da8e\" data-element_type=\"column\">\n\t\t\t<div class=\"elementor-column-wrap elementor-element-populated\">\n\t\t\t\t\t\t\t<div class=\"elementor-widget-wrap\">\n\t\t\t\t\t\t<div class=\"elementor-element elementor-element-e94f937 elementor-widget elementor-widget-image\" data-id=\"e94f937\" data-element_type=\"widget\" data-widget_type=\"image.default\">\n\t\t\t\t<div class=\"elementor-widget-container\">\n\t\t\t\t\t<div class=\"elementor-image\">\n\t\t\t\t\t\t\t\t\t\t<img loading=\"lazy\" decoding=\"async\" width=\"1024\" height=\"1024\" src=\"https:\/\/greatr.org\/wp-content\/uploads\/2022\/06\/blog-2-1024x1024.jpg\" class=\"attachment-large size-large\" alt=\"\" srcset=\"https:\/\/greatr.org\/wp-content\/uploads\/2022\/06\/blog-2-1024x1024.jpg 1024w, https:\/\/greatr.org\/wp-content\/uploads\/2022\/06\/blog-2-300x300.jpg 300w, https:\/\/greatr.org\/wp-content\/uploads\/2022\/06\/blog-2-150x150.jpg 150w, https:\/\/greatr.org\/wp-content\/uploads\/2022\/06\/blog-2-768x768.jpg 768w, https:\/\/greatr.org\/wp-content\/uploads\/2022\/06\/blog-2-1536x1536.jpg 1536w, https:\/\/greatr.org\/wp-content\/uploads\/2022\/06\/blog-2-2048x2048.jpg 2048w\" sizes=\"auto, (max-width: 1024px) 100vw, 1024px\" \/>\t\t\t\t\t\t\t\t\t\t\t<\/div>\n\t\t\t\t<\/div>\n\t\t\t\t<\/div>\n\t\t\t\t\t\t<\/div>\n\t\t\t\t\t<\/div>\n\t\t<\/div>\n\t\t\t\t<div class=\"elementor-column elementor-col-50 elementor-top-column elementor-element elementor-element-a437e1a\" data-id=\"a437e1a\" data-element_type=\"column\">\n\t\t\t<div class=\"elementor-column-wrap elementor-element-populated\">\n\t\t\t\t\t\t\t<div class=\"elementor-widget-wrap\">\n\t\t\t\t\t\t<div class=\"elementor-element elementor-element-2e818ac elementor-widget elementor-widget-heading\" data-id=\"2e818ac\" data-element_type=\"widget\" data-widget_type=\"heading.default\">\n\t\t\t\t<div class=\"elementor-widget-container\">\n\t\t\t<h2 class=\"elementor-heading-title elementor-size-large\">From Brain Drain to Brain Gain\ud83c\udf0d\n<\/br>\nWhy Do We Need Reverse Brain Drain? \n<\/h2>\t\t<\/div>\n\t\t\t\t<\/div>\n\t\t\t\t\t\t<\/div>\n\t\t\t\t\t<\/div>\n\t\t<\/div>\n\t\t\t\t\t\t\t\t<\/div>\n\t\t\t\t\t<\/div>\n\t\t<\/section>\n\t\t\t\t<section class=\"elementor-section elementor-top-section elementor-element elementor-element-994d3f8 elementor-section-boxed elementor-section-height-default elementor-section-height-default\" data-id=\"994d3f8\" data-element_type=\"section\">\n\t\t\t\t\t\t<div class=\"elementor-container elementor-column-gap-default\">\n\t\t\t\t\t\t\t<div class=\"elementor-row\">\n\t\t\t\t\t<div class=\"elementor-column elementor-col-100 elementor-top-column elementor-element elementor-element-088567c\" data-id=\"088567c\" data-element_type=\"column\">\n\t\t\t<div class=\"elementor-column-wrap elementor-element-populated\">\n\t\t\t\t\t\t\t<div class=\"elementor-widget-wrap\">\n\t\t\t\t\t\t<div class=\"elementor-element elementor-element-921da00 elementor-widget elementor-widget-text-editor\" data-id=\"921da00\" data-element_type=\"widget\" data-widget_type=\"text-editor.default\">\n\t\t\t\t<div class=\"elementor-widget-container\">\n\t\t\t\t\t<div class=\"elementor-text-editor elementor-clearfix\"><p><span style=\"font-weight: 400;\">With each passing year, international student mobility is increasing and the data shows that everyone benefits from it. Rather than depriving their developing countries of their best talents through a \"brain drain\", qualified young talents create a global pool of qualified human capital, enabling \"brain gain\".\u00a0<\/span><\/p><p>\u00a0<\/p><p><span style=\"font-weight: 400;\">Both sending and receiving countries should be able to mutually benefit from the growing pool of qualified young talent capital because a country needs international talent to build its own research capacity. This internationally mobile talent network is an undisputed public interest: collaborating on global issues creates a capital of qualified young talent that benefits both the host country and other countries. Therefore, the brain drain and subsequent reverse brain drain of young talents should be seen as a brain gain for everyone.<\/span><\/p><p>\u00a0<\/p><p><span style=\"font-weight: 400;\">Participation of qualified young talents in brain drain in business networks, innovation and technology transfers is a positive effect of brain drain. However, the way that brain drain can be a positive force is the return of qualified young talents to their own countries, that is, reverse brain drain. The additional knowledge and financial capital that returnees acquire while abroad provides significant benefits, particularly for technological adoption, entrepreneurship and productivity. Return decisions, on the other hand, depend on the economic and political situation in the homeland. For this reason, in order for the brain drain from our country to be beneficial for our country, policies that will support the brain drain but also address reverse brain drain should be increased in order that it will not be permanent.<\/span><\/p><p>\u00a0<\/p><p><span style=\"font-weight: 400;\">The Thai government, for example, has been implementing the Reverse Brain Drain Project over the past few decades to encourage the return of professional talent to their home country positions. These professionals have also been used to facilitate and coordinate technology transfer by recruiting recent graduates who are both highly skilled and experienced as well as do not have much experience but have promising research potential. The project includes strong incentives to attract more young talents to this opportunity. Incentives are monetary or provided through services and assistance. For example, different types of grants are offered to enable participation in special projects.\u00a0<\/span><\/p><p>\u00a0<\/p><p><span style=\"font-weight: 400;\">In our own country, the negative effects of brain drain can be reduced by increasing investments in local research centers and institutions and by adequately supporting researchers, thus encouraging brain recuperation by reverse brain drain. In addition, attention should be paid to immigration programs and regulations that encourage our young talents to return after completing their education, having worked for a short time in the country of study or in a third country.<\/span><\/p><\/div>\n\t\t\t\t<\/div>\n\t\t\t\t<\/div>\n\t\t\t\t\t\t<\/div>\n\t\t\t\t\t<\/div>\n\t\t<\/div>\n\t\t\t\t\t\t\t\t<\/div>\n\t\t\t\t\t<\/div>\n\t\t<\/section>\n\t\t\t\t\t\t<\/div>\n\t\t\t\t\t\t<\/div>\n\t\t\t\t\t<\/div>","protected":false},"excerpt":{"rendered":"<p>Beyin G\u00f6\u00e7\u00fcnden Beyin Kazanc\u0131na \ud83c\udf0d Tersine Beyin G\u00f6\u00e7\u00fcne Neden \u0130htiyac\u0131m\u0131z Var? Her ge\u00e7en y\u0131l uluslararas\u0131 \u00f6\u011frenci hareketlili\u011fi art\u0131yor ve veriler herkesin bundan faydaland\u0131\u011f\u0131n\u0131 g\u00f6steriyor. Nitelikli gen\u00e7 yetenekler, geli\u015fmekte olan \u00fclkelerini \u201cbeyin g\u00f6\u00e7\u00fc\u201d yoluyla en iyi yeteneklerinden mahrum b\u0131rakmak yerine, k\u00fcresel \u00e7apta nitelikli insan sermayesi havuzu olu\u015fturarak \u201cbeyin kazan\u0131m\u0131na\u2019\u2019 olanak sa\u011fl\u0131yor.\u00a0 \u00a0 B\u00fcy\u00fcyen nitelikli gen\u00e7 yetenek [&hellip;]<\/p>","protected":false},"author":1,"featured_media":0,"parent":0,"menu_order":0,"comment_status":"closed","ping_status":"closed","template":"","meta":{"_monsterinsights_skip_tracking":false,"_monsterinsights_sitenote_active":false,"_monsterinsights_sitenote_note":"","_monsterinsights_sitenote_category":0,"site-sidebar-layout":"no-sidebar","site-content-layout":"page-builder","ast-site-content-layout":"","site-content-style":"default","site-sidebar-style":"default","ast-global-header-display":"","ast-banner-title-visibility":"","ast-main-header-display":"","ast-hfb-above-header-display":"","ast-hfb-below-header-display":"","ast-hfb-mobile-header-display":"","site-post-title":"disabled","ast-breadcrumbs-content":"","ast-featured-img":"disabled","footer-sml-layout":"","theme-transparent-header-meta":"","adv-header-id-meta":"","stick-header-meta":"","header-above-stick-meta":"","header-main-stick-meta":"","header-below-stick-meta":"","astra-migrate-meta-layouts":"default","ast-page-background-enabled":"default","ast-page-background-meta":{"desktop":{"background-color":"","background-image":"","background-repeat":"repeat","background-position":"center center","background-size":"auto","background-attachment":"scroll","background-type":"","background-media":"","overlay-type":"","overlay-color":"","overlay-opacity":"","overlay-gradient":""},"tablet":{"background-color":"","background-image":"","background-repeat":"repeat","background-position":"center center","background-size":"auto","background-attachment":"scroll","background-type":"","background-media":"","overlay-type":"","overlay-color":"","overlay-opacity":"","overlay-gradient":""},"mobile":{"background-color":"","background-image":"","background-repeat":"repeat","background-position":"center center","background-size":"auto","background-attachment":"scroll","background-type":"","background-media":"","overlay-type":"","overlay-color":"","overlay-opacity":"","overlay-gradient":""}},"ast-content-background-meta":{"desktop":{"background-color":"var(--ast-global-color-5)","background-image":"","background-repeat":"repeat","background-position":"center center","background-size":"auto","background-attachment":"scroll","background-type":"","background-media":"","overlay-type":"","overlay-color":"","overlay-opacity":"","overlay-gradient":""},"tablet":{"background-color":"var(--ast-global-color-5)","background-image":"","background-repeat":"repeat","background-position":"center center","background-size":"auto","background-attachment":"scroll","background-type":"","background-media":"","overlay-type":"","overlay-color":"","overlay-opacity":"","overlay-gradient":""},"mobile":{"background-color":"var(--ast-global-color-5)","background-image":"","background-repeat":"repeat","background-position":"center center","background-size":"auto","background-attachment":"scroll","background-type":"","background-media":"","overlay-type":"","overlay-color":"","overlay-opacity":"","overlay-gradient":""}},"footnotes":""},"class_list":["post-11341","page","type-page","status-publish","hentry"],"yoast_head":"<!-- This site is optimized with the Yoast SEO plugin v19.0 - https:\/\/yoast.com\/wordpress\/plugins\/seo\/ -->\n<title>Beyin G\u00f6\u00e7\u00fcnden Beyin Kazanc\u0131na Beyin G\u00f6\u00e7\u00fcne ve Akabinde Tersine Beyin G\u00f6\u00e7\u00fcne Neden \u0130htiyac\u0131m\u0131z Var? -<\/title>\n<meta name=\"robots\" content=\"index, follow, max-snippet:-1, max-image-preview:large, max-video-preview:-1\" \/>\n<link rel=\"canonical\" href=\"https:\/\/greatr.org\/en\/beyin-gocunden-beyin-kazancina-beyin-gocune-ve-akabinde-tersine-beyin-gocune-neden-ihtiyacimiz-var\/\" \/>\n<meta property=\"og:locale\" content=\"en_GB\" \/>\n<meta property=\"og:type\" content=\"article\" \/>\n<meta property=\"og:title\" content=\"Beyin G\u00f6\u00e7\u00fcnden Beyin Kazanc\u0131na Beyin G\u00f6\u00e7\u00fcne ve Akabinde Tersine Beyin G\u00f6\u00e7\u00fcne Neden \u0130htiyac\u0131m\u0131z Var? -\" \/>\n<meta property=\"og:description\" content=\"Beyin G\u00f6\u00e7\u00fcnden Beyin Kazanc\u0131na \ud83c\udf0d Tersine Beyin G\u00f6\u00e7\u00fcne Neden \u0130htiyac\u0131m\u0131z Var? Her ge\u00e7en y\u0131l uluslararas\u0131 \u00f6\u011frenci hareketlili\u011fi art\u0131yor ve veriler herkesin bundan faydaland\u0131\u011f\u0131n\u0131 g\u00f6steriyor. Nitelikli gen\u00e7 yetenekler, geli\u015fmekte olan \u00fclkelerini \u201cbeyin g\u00f6\u00e7\u00fc\u201d yoluyla en iyi yeteneklerinden mahrum b\u0131rakmak yerine, k\u00fcresel \u00e7apta nitelikli insan sermayesi havuzu olu\u015fturarak \u201cbeyin kazan\u0131m\u0131na\u2019\u2019 olanak sa\u011fl\u0131yor.\u00a0 \u00a0 B\u00fcy\u00fcyen nitelikli gen\u00e7 yetenek [&hellip;]\" \/>\n<meta property=\"og:url\" content=\"https:\/\/greatr.org\/en\/beyin-gocunden-beyin-kazancina-beyin-gocune-ve-akabinde-tersine-beyin-gocune-neden-ihtiyacimiz-var\/\" \/>\n<meta property=\"article:publisher\" content=\"https:\/\/www.facebook.com\/Greatr-102901821792967\" \/>\n<meta property=\"article:modified_time\" content=\"2022-06-27T08:49:25+00:00\" \/>\n<meta property=\"og:image\" content=\"https:\/\/greatr.org\/wp-content\/uploads\/2022\/06\/blog-2-1024x1024.jpg\" \/>\n<meta name=\"twitter:card\" content=\"summary_large_image\" \/>\n<meta name=\"twitter:site\" content=\"@greatrorg\" \/>\n<meta name=\"twitter:label1\" content=\"Est. reading time\" \/>\n\t<meta name=\"twitter:data1\" content=\"3 minutes\" \/>\n<script type=\"application\/ld+json\" class=\"yoast-schema-graph\">{\"@context\":\"https:\/\/schema.org\",\"@graph\":[{\"@type\":\"Organization\",\"@id\":\"https:\/\/greatr.org\/#organization\",\"name\":\"GreaTR\",\"url\":\"https:\/\/greatr.org\/\",\"sameAs\":[\"https:\/\/www.instagram.com\/greatrorg\/\",\"https:\/\/www.linkedin.com\/company\/greatr\/\",\"https:\/\/www.youtube.com\/channel\/UCkQ65_M1HarEMSt8XciDTSA\",\"https:\/\/www.facebook.com\/Greatr-102901821792967\",\"https:\/\/twitter.com\/greatrorg\"],\"logo\":{\"@type\":\"ImageObject\",\"inLanguage\":\"en-GB\",\"@id\":\"https:\/\/greatr.org\/#\/schema\/logo\/image\/\",\"url\":\"https:\/\/greatr.org\/wp-content\/uploads\/2022\/06\/GreaTR-Mor750-Logo750GUNCEL@4x.png\",\"contentUrl\":\"https:\/\/greatr.org\/wp-content\/uploads\/2022\/06\/GreaTR-Mor750-Logo750GUNCEL@4x.png\",\"width\":3000,\"height\":3000,\"caption\":\"GreaTR\"},\"image\":{\"@id\":\"https:\/\/greatr.org\/#\/schema\/logo\/image\/\"}},{\"@type\":\"WebSite\",\"@id\":\"https:\/\/greatr.org\/#website\",\"url\":\"https:\/\/greatr.org\/\",\"name\":\"\",\"description\":\"\",\"publisher\":{\"@id\":\"https:\/\/greatr.org\/#organization\"},\"potentialAction\":[{\"@type\":\"SearchAction\",\"target\":{\"@type\":\"EntryPoint\",\"urlTemplate\":\"https:\/\/greatr.org\/?s={search_term_string}\"},\"query-input\":\"required name=search_term_string\"}],\"inLanguage\":\"en-GB\"},{\"@type\":\"ImageObject\",\"inLanguage\":\"en-GB\",\"@id\":\"https:\/\/greatr.org\/beyin-gocunden-beyin-kazancina-beyin-gocune-ve-akabinde-tersine-beyin-gocune-neden-ihtiyacimiz-var\/#primaryimage\",\"url\":\"https:\/\/greatr.org\/wp-content\/uploads\/2022\/06\/blog-2-scaled.jpg\",\"contentUrl\":\"https:\/\/greatr.org\/wp-content\/uploads\/2022\/06\/blog-2-scaled.jpg\",\"width\":2560,\"height\":2560},{\"@type\":\"WebPage\",\"@id\":\"https:\/\/greatr.org\/beyin-gocunden-beyin-kazancina-beyin-gocune-ve-akabinde-tersine-beyin-gocune-neden-ihtiyacimiz-var\/#webpage\",\"url\":\"https:\/\/greatr.org\/beyin-gocunden-beyin-kazancina-beyin-gocune-ve-akabinde-tersine-beyin-gocune-neden-ihtiyacimiz-var\/\",\"name\":\"Beyin G\u00f6\u00e7\u00fcnden Beyin Kazanc\u0131na Beyin G\u00f6\u00e7\u00fcne ve Akabinde Tersine Beyin G\u00f6\u00e7\u00fcne Neden \u0130htiyac\u0131m\u0131z Var? -\",\"isPartOf\":{\"@id\":\"https:\/\/greatr.org\/#website\"},\"primaryImageOfPage\":{\"@id\":\"https:\/\/greatr.org\/beyin-gocunden-beyin-kazancina-beyin-gocune-ve-akabinde-tersine-beyin-gocune-neden-ihtiyacimiz-var\/#primaryimage\"},\"datePublished\":\"2022-06-15T15:55:51+00:00\",\"dateModified\":\"2022-06-27T08:49:25+00:00\",\"breadcrumb\":{\"@id\":\"https:\/\/greatr.org\/beyin-gocunden-beyin-kazancina-beyin-gocune-ve-akabinde-tersine-beyin-gocune-neden-ihtiyacimiz-var\/#breadcrumb\"},\"inLanguage\":\"en-GB\",\"potentialAction\":[{\"@type\":\"ReadAction\",\"target\":[\"https:\/\/greatr.org\/beyin-gocunden-beyin-kazancina-beyin-gocune-ve-akabinde-tersine-beyin-gocune-neden-ihtiyacimiz-var\/\"]}]},{\"@type\":\"BreadcrumbList\",\"@id\":\"https:\/\/greatr.org\/beyin-gocunden-beyin-kazancina-beyin-gocune-ve-akabinde-tersine-beyin-gocune-neden-ihtiyacimiz-var\/#breadcrumb\",\"itemListElement\":[{\"@type\":\"ListItem\",\"position\":1,\"name\":\"Ana sayfa\",\"item\":\"https:\/\/greatr.org\/\"},{\"@type\":\"ListItem\",\"position\":2,\"name\":\"Beyin G\u00f6\u00e7\u00fcnden Beyin Kazanc\u0131na Beyin G\u00f6\u00e7\u00fcne ve Akabinde Tersine Beyin G\u00f6\u00e7\u00fcne Neden \u0130htiyac\u0131m\u0131z Var?\"}]}]}<\/script>\n<!-- \/ Yoast SEO plugin. -->","yoast_head_json":{"title":"Beyin G\u00f6\u00e7\u00fcnden Beyin Kazanc\u0131na Beyin G\u00f6\u00e7\u00fcne ve Akabinde Tersine Beyin G\u00f6\u00e7\u00fcne Neden \u0130htiyac\u0131m\u0131z Var? -","robots":{"index":"index","follow":"follow","max-snippet":"max-snippet:-1","max-image-preview":"max-image-preview:large","max-video-preview":"max-video-preview:-1"},"canonical":"https:\/\/greatr.org\/en\/beyin-gocunden-beyin-kazancina-beyin-gocune-ve-akabinde-tersine-beyin-gocune-neden-ihtiyacimiz-var\/","og_locale":"en_GB","og_type":"article","og_title":"Beyin G\u00f6\u00e7\u00fcnden Beyin Kazanc\u0131na Beyin G\u00f6\u00e7\u00fcne ve Akabinde Tersine Beyin G\u00f6\u00e7\u00fcne Neden \u0130htiyac\u0131m\u0131z Var? -","og_description":"Beyin G\u00f6\u00e7\u00fcnden Beyin Kazanc\u0131na \ud83c\udf0d Tersine Beyin G\u00f6\u00e7\u00fcne Neden \u0130htiyac\u0131m\u0131z Var? Her ge\u00e7en y\u0131l uluslararas\u0131 \u00f6\u011frenci hareketlili\u011fi art\u0131yor ve veriler herkesin bundan faydaland\u0131\u011f\u0131n\u0131 g\u00f6steriyor. Nitelikli gen\u00e7 yetenekler, geli\u015fmekte olan \u00fclkelerini \u201cbeyin g\u00f6\u00e7\u00fc\u201d yoluyla en iyi yeteneklerinden mahrum b\u0131rakmak yerine, k\u00fcresel \u00e7apta nitelikli insan sermayesi havuzu olu\u015fturarak \u201cbeyin kazan\u0131m\u0131na\u2019\u2019 olanak sa\u011fl\u0131yor.\u00a0 \u00a0 B\u00fcy\u00fcyen nitelikli gen\u00e7 yetenek [&hellip;]","og_url":"https:\/\/greatr.org\/en\/beyin-gocunden-beyin-kazancina-beyin-gocune-ve-akabinde-tersine-beyin-gocune-neden-ihtiyacimiz-var\/","article_publisher":"https:\/\/www.facebook.com\/Greatr-102901821792967","article_modified_time":"2022-06-27T08:49:25+00:00","og_image":[{"url":"https:\/\/greatr.org\/wp-content\/uploads\/2022\/06\/blog-2-1024x1024.jpg"}],"twitter_card":"summary_large_image","twitter_site":"@greatrorg","twitter_misc":{"Est. reading time":"3 minutes"},"schema":{"@context":"https:\/\/schema.org","@graph":[{"@type":"Organization","@id":"https:\/\/greatr.org\/#organization","name":"GreaTR","url":"https:\/\/greatr.org\/","sameAs":["https:\/\/www.instagram.com\/greatrorg\/","https:\/\/www.linkedin.com\/company\/greatr\/","https:\/\/www.youtube.com\/channel\/UCkQ65_M1HarEMSt8XciDTSA","https:\/\/www.facebook.com\/Greatr-102901821792967","https:\/\/twitter.com\/greatrorg"],"logo":{"@type":"ImageObject","inLanguage":"en-GB","@id":"https:\/\/greatr.org\/#\/schema\/logo\/image\/","url":"https:\/\/greatr.org\/wp-content\/uploads\/2022\/06\/GreaTR-Mor750-Logo750GUNCEL@4x.png","contentUrl":"https:\/\/greatr.org\/wp-content\/uploads\/2022\/06\/GreaTR-Mor750-Logo750GUNCEL@4x.png","width":3000,"height":3000,"caption":"GreaTR"},"image":{"@id":"https:\/\/greatr.org\/#\/schema\/logo\/image\/"}},{"@type":"WebSite","@id":"https:\/\/greatr.org\/#website","url":"https:\/\/greatr.org\/","name":"","description":"","publisher":{"@id":"https:\/\/greatr.org\/#organization"},"potentialAction":[{"@type":"SearchAction","target":{"@type":"EntryPoint","urlTemplate":"https:\/\/greatr.org\/?s={search_term_string}"},"query-input":"required name=search_term_string"}],"inLanguage":"en-GB"},{"@type":"ImageObject","inLanguage":"en-GB","@id":"https:\/\/greatr.org\/beyin-gocunden-beyin-kazancina-beyin-gocune-ve-akabinde-tersine-beyin-gocune-neden-ihtiyacimiz-var\/#primaryimage","url":"https:\/\/greatr.org\/wp-content\/uploads\/2022\/06\/blog-2-scaled.jpg","contentUrl":"https:\/\/greatr.org\/wp-content\/uploads\/2022\/06\/blog-2-scaled.jpg","width":2560,"height":2560},{"@type":"WebPage","@id":"https:\/\/greatr.org\/beyin-gocunden-beyin-kazancina-beyin-gocune-ve-akabinde-tersine-beyin-gocune-neden-ihtiyacimiz-var\/#webpage","url":"https:\/\/greatr.org\/beyin-gocunden-beyin-kazancina-beyin-gocune-ve-akabinde-tersine-beyin-gocune-neden-ihtiyacimiz-var\/","name":"Beyin G\u00f6\u00e7\u00fcnden Beyin Kazanc\u0131na Beyin G\u00f6\u00e7\u00fcne ve Akabinde Tersine Beyin G\u00f6\u00e7\u00fcne Neden \u0130htiyac\u0131m\u0131z Var? -","isPartOf":{"@id":"https:\/\/greatr.org\/#website"},"primaryImageOfPage":{"@id":"https:\/\/greatr.org\/beyin-gocunden-beyin-kazancina-beyin-gocune-ve-akabinde-tersine-beyin-gocune-neden-ihtiyacimiz-var\/#primaryimage"},"datePublished":"2022-06-15T15:55:51+00:00","dateModified":"2022-06-27T08:49:25+00:00","breadcrumb":{"@id":"https:\/\/greatr.org\/beyin-gocunden-beyin-kazancina-beyin-gocune-ve-akabinde-tersine-beyin-gocune-neden-ihtiyacimiz-var\/#breadcrumb"},"inLanguage":"en-GB","potentialAction":[{"@type":"ReadAction","target":["https:\/\/greatr.org\/beyin-gocunden-beyin-kazancina-beyin-gocune-ve-akabinde-tersine-beyin-gocune-neden-ihtiyacimiz-var\/"]}]},{"@type":"BreadcrumbList","@id":"https:\/\/greatr.org\/beyin-gocunden-beyin-kazancina-beyin-gocune-ve-akabinde-tersine-beyin-gocune-neden-ihtiyacimiz-var\/#breadcrumb","itemListElement":[{"@type":"ListItem","position":1,"name":"Ana sayfa","item":"https:\/\/greatr.org\/"},{"@type":"ListItem","position":2,"name":"Beyin G\u00f6\u00e7\u00fcnden Beyin Kazanc\u0131na Beyin G\u00f6\u00e7\u00fcne ve Akabinde Tersine Beyin G\u00f6\u00e7\u00fcne Neden \u0130htiyac\u0131m\u0131z Var?"}]}]}},"uagb_featured_image_src":{"full":false,"thumbnail":false,"medium":false,"medium_large":false,"large":false,"1536x1536":false,"2048x2048":false,"trp-custom-language-flag":false},"uagb_author_info":{"display_name":"admin","author_link":"https:\/\/greatr.org\/en\/author\/admin\/"},"uagb_comment_info":0,"uagb_excerpt":"Beyin G\u00f6\u00e7\u00fcnden Beyin Kazanc\u0131na \ud83c\udf0d Tersine Beyin G\u00f6\u00e7\u00fcne Neden \u0130htiyac\u0131m\u0131z Var? Her ge\u00e7en y\u0131l uluslararas\u0131 \u00f6\u011frenci hareketlili\u011fi art\u0131yor ve veriler herkesin bundan faydaland\u0131\u011f\u0131n\u0131 g\u00f6steriyor. Nitelikli gen\u00e7 yetenekler, geli\u015fmekte olan \u00fclkelerini \u201cbeyin g\u00f6\u00e7\u00fc\u201d yoluyla en iyi yeteneklerinden mahrum b\u0131rakmak yerine, k\u00fcresel \u00e7apta nitelikli insan sermayesi havuzu olu\u015fturarak \u201cbeyin kazan\u0131m\u0131na\u2019\u2019 olanak sa\u011fl\u0131yor.\u00a0 \u00a0 B\u00fcy\u00fcyen nitelikli gen\u00e7 yetenek&hellip;","_links":{"self":[{"href":"https:\/\/greatr.org\/en\/wp-json\/wp\/v2\/pages\/11341","targetHints":{"allow":["GET"]}}],"collection":[{"href":"https:\/\/greatr.org\/en\/wp-json\/wp\/v2\/pages"}],"about":[{"href":"https:\/\/greatr.org\/en\/wp-json\/wp\/v2\/types\/page"}],"author":[{"embeddable":true,"href":"https:\/\/greatr.org\/en\/wp-json\/wp\/v2\/users\/1"}],"replies":[{"embeddable":true,"href":"https:\/\/greatr.org\/en\/wp-json\/wp\/v2\/comments?post=11341"}],"version-history":[{"count":10,"href":"https:\/\/greatr.org\/en\/wp-json\/wp\/v2\/pages\/11341\/revisions"}],"predecessor-version":[{"id":11709,"href":"https:\/\/greatr.org\/en\/wp-json\/wp\/v2\/pages\/11341\/revisions\/11709"}],"wp:attachment":[{"href":"https:\/\/greatr.org\/en\/wp-json\/wp\/v2\/media?parent=11341"}],"curies":[{"name":"wp","href":"https:\/\/api.w.org\/{rel}","templated":true}]}}