{"id":11320,"date":"2022-06-15T18:31:44","date_gmt":"2022-06-15T15:31:44","guid":{"rendered":"https:\/\/greatr.org\/?page_id=11320"},"modified":"2022-06-27T11:47:43","modified_gmt":"2022-06-27T08:47:43","slug":"ik-blog-tersine-beyin-gocu-101","status":"publish","type":"page","link":"https:\/\/greatr.org\/en\/ik-blog-tersine-beyin-gocu-101\/","title":{"rendered":"Reverse Brain Drain 101"},"content":{"rendered":"<div data-elementor-type=\"wp-page\" data-elementor-id=\"11320\" class=\"elementor elementor-11320\" data-elementor-settings=\"[]\">\n\t\t\t\t\t\t<div class=\"elementor-inner\">\n\t\t\t\t\t\t\t<div class=\"elementor-section-wrap\">\n\t\t\t\t\t\t\t<section class=\"elementor-section elementor-top-section elementor-element elementor-element-97c3cb1 elementor-section-boxed elementor-section-height-default elementor-section-height-default\" data-id=\"97c3cb1\" data-element_type=\"section\">\n\t\t\t\t\t\t<div class=\"elementor-container elementor-column-gap-default\">\n\t\t\t\t\t\t\t<div class=\"elementor-row\">\n\t\t\t\t\t<div class=\"elementor-column elementor-col-50 elementor-top-column elementor-element elementor-element-34285b0\" data-id=\"34285b0\" data-element_type=\"column\">\n\t\t\t<div class=\"elementor-column-wrap elementor-element-populated\">\n\t\t\t\t\t\t\t<div class=\"elementor-widget-wrap\">\n\t\t\t\t\t\t<div class=\"elementor-element elementor-element-edbb3ab elementor-widget elementor-widget-image\" data-id=\"edbb3ab\" data-element_type=\"widget\" data-widget_type=\"image.default\">\n\t\t\t\t<div class=\"elementor-widget-container\">\n\t\t\t\t\t<div class=\"elementor-image\">\n\t\t\t\t\t\t\t\t\t\t<img loading=\"lazy\" decoding=\"async\" width=\"1024\" height=\"576\" src=\"https:\/\/greatr.org\/wp-content\/uploads\/2022\/06\/blog-1-1024x576.jpeg\" class=\"attachment-large size-large\" alt=\"\" srcset=\"https:\/\/greatr.org\/wp-content\/uploads\/2022\/06\/blog-1-1024x576.jpeg 1024w, https:\/\/greatr.org\/wp-content\/uploads\/2022\/06\/blog-1-300x169.jpeg 300w, https:\/\/greatr.org\/wp-content\/uploads\/2022\/06\/blog-1-768x432.jpeg 768w, https:\/\/greatr.org\/wp-content\/uploads\/2022\/06\/blog-1.jpeg 1400w\" sizes=\"auto, (max-width: 1024px) 100vw, 1024px\" \/>\t\t\t\t\t\t\t\t\t\t\t<\/div>\n\t\t\t\t<\/div>\n\t\t\t\t<\/div>\n\t\t\t\t\t\t<\/div>\n\t\t\t\t\t<\/div>\n\t\t<\/div>\n\t\t\t\t<div class=\"elementor-column elementor-col-50 elementor-top-column elementor-element elementor-element-dcff86f\" data-id=\"dcff86f\" data-element_type=\"column\">\n\t\t\t<div class=\"elementor-column-wrap elementor-element-populated\">\n\t\t\t\t\t\t\t<div class=\"elementor-widget-wrap\">\n\t\t\t\t\t\t<div class=\"elementor-element elementor-element-a2873d3 elementor-widget elementor-widget-heading\" data-id=\"a2873d3\" data-element_type=\"widget\" data-widget_type=\"heading.default\">\n\t\t\t\t<div class=\"elementor-widget-container\">\n\t\t\t<h2 class=\"elementor-heading-title elementor-size-default\">Reverse Brain Drain 101<\/h2>\t\t<\/div>\n\t\t\t\t<\/div>\n\t\t\t\t\t\t<\/div>\n\t\t\t\t\t<\/div>\n\t\t<\/div>\n\t\t\t\t\t\t\t\t<\/div>\n\t\t\t\t\t<\/div>\n\t\t<\/section>\n\t\t\t\t<section class=\"elementor-section elementor-top-section elementor-element elementor-element-136f81a elementor-section-boxed elementor-section-height-default elementor-section-height-default\" data-id=\"136f81a\" data-element_type=\"section\">\n\t\t\t\t\t\t<div class=\"elementor-container elementor-column-gap-default\">\n\t\t\t\t\t\t\t<div class=\"elementor-row\">\n\t\t\t\t\t<div class=\"elementor-column elementor-col-100 elementor-top-column elementor-element elementor-element-5c8a553\" data-id=\"5c8a553\" data-element_type=\"column\">\n\t\t\t<div class=\"elementor-column-wrap elementor-element-populated\">\n\t\t\t\t\t\t\t<div class=\"elementor-widget-wrap\">\n\t\t\t\t\t\t<div class=\"elementor-element elementor-element-63a2c0f elementor-widget elementor-widget-text-editor\" data-id=\"63a2c0f\" data-element_type=\"widget\" data-widget_type=\"text-editor.default\">\n\t\t\t\t<div class=\"elementor-widget-container\">\n\t\t\t\t\t<div class=\"elementor-text-editor elementor-clearfix\"><p><span style=\"font-weight: 400;\">Before explaining the concept of <\/span><b>brain drain<\/b><span style=\"font-weight: 400;\"> it is useful to remember the concept of brain drain again. \u201cAgain\u201d should be reminded because it is a concept that has gained a lot of popularity due to the increase in brain drain in recent years and unfortunately we are familiar with it. In its most general definition, brain drain is the migration of well-educated, qualified individuals to developed countries in order to work or live in a more prosperous environment in underdeveloped or developing countries. Although we have some idea about the causes of brain drain from our country, research shows that the two main reasons for qualified brain drain are economic inadequacy and the political climate of the country. <\/span><\/p><p><span style=\"font-weight: 400;\">After making a brief introduction to the subject, we can talk about the <\/span><b>reverse brain drain.<\/b><span style=\"font-weight: 400;\"> As it can be understood from the first word, reverse brain drain is a state of going back, that is, the return of qualified individuals from the country they migrated to their country in order to continue their life in more prosperous conditions, in order to gain capital and to benefit their country by using their experience and knowledge.\u00a0<\/span><\/p><p><span style=\"font-weight: 400;\">In a study conducted on individuals who went abroad for education and returned to Turkey, it was stated that among the primary causes of brain drain, it was more difficult to advance in their academic careers due to their attachment to the family due to marital status and the nationalist attitude of the academic community abroad. In addition to those who do not return, the question \"What do those who do not think about returning, do they think about returning?\" is actually a question that affects the future of all of us and that we should think about. A study conducted by Evrim Kuran gives the answer to this question: the first answer of the participants in the research is the change in political conditions with a rate of 27.1%, and the second answer is a change in economic conditions with a rate of 23.1%\u00a0<\/span><\/p><p><span style=\"font-weight: 400;\">Of course, it is obvious that reverse brain drain is and should be more than an abstract concept, especially in our country. Due to the frequent migration of young Turkish talents in our country, the lack of qualified brain power is felt quite a lot. On the contrary, brainstorming should be done on what kind of strategies should be implemented by competent people and institutions and how these strategies should be implemented in order for the brain drain to occur in a way that provides the most optimal benefit.\u00a0<\/span><\/p><\/div>\n\t\t\t\t<\/div>\n\t\t\t\t<\/div>\n\t\t\t\t\t\t<\/div>\n\t\t\t\t\t<\/div>\n\t\t<\/div>\n\t\t\t\t\t\t\t\t<\/div>\n\t\t\t\t\t<\/div>\n\t\t<\/section>\n\t\t\t\t\t\t<\/div>\n\t\t\t\t\t\t<\/div>\n\t\t\t\t\t<\/div>","protected":false},"excerpt":{"rendered":"<p>Tersine Beyin G\u00f6\u00e7\u00fc 101 Tersine beyin g\u00f6\u00e7\u00fc kavram\u0131n\u0131 a\u00e7\u0131klamadan \u00f6nce beyin g\u00f6\u00e7\u00fc kavram\u0131n\u0131 tekrar hat\u0131rlamakta fayda var. \u2018\u2019Tekrar\u2019\u2019 hat\u0131rlat\u0131lmal\u0131 \u00e7\u00fcnk\u00fc son y\u0131llarda verdi\u011fimiz beyin g\u00f6\u00e7\u00fcn\u00fcn artmas\u0131 sebebiyle olduk\u00e7a pop\u00fclerlik kazanan ve ne yaz\u0131k ki a\u015fina oldu\u011fumuz bir kavram. En genel tan\u0131m\u0131yla beyin g\u00f6\u00e7\u00fc, geli\u015fmemi\u015f ya da geli\u015fmekte olan \u00fclkelerde iyi e\u011fitim g\u00f6rm\u00fc\u015f, nitelikli bireylerin daha [&hellip;]<\/p>","protected":false},"author":1,"featured_media":0,"parent":0,"menu_order":0,"comment_status":"closed","ping_status":"closed","template":"","meta":{"_monsterinsights_skip_tracking":false,"_monsterinsights_sitenote_active":false,"_monsterinsights_sitenote_note":"","_monsterinsights_sitenote_category":0,"site-sidebar-layout":"no-sidebar","site-content-layout":"page-builder","ast-site-content-layout":"","site-content-style":"default","site-sidebar-style":"default","ast-global-header-display":"","ast-banner-title-visibility":"","ast-main-header-display":"","ast-hfb-above-header-display":"","ast-hfb-below-header-display":"","ast-hfb-mobile-header-display":"","site-post-title":"disabled","ast-breadcrumbs-content":"","ast-featured-img":"disabled","footer-sml-layout":"","theme-transparent-header-meta":"","adv-header-id-meta":"","stick-header-meta":"","header-above-stick-meta":"","header-main-stick-meta":"","header-below-stick-meta":"","astra-migrate-meta-layouts":"default","ast-page-background-enabled":"default","ast-page-background-meta":{"desktop":{"background-color":"","background-image":"","background-repeat":"repeat","background-position":"center center","background-size":"auto","background-attachment":"scroll","background-type":"","background-media":"","overlay-type":"","overlay-color":"","overlay-opacity":"","overlay-gradient":""},"tablet":{"background-color":"","background-image":"","background-repeat":"repeat","background-position":"center center","background-size":"auto","background-attachment":"scroll","background-type":"","background-media":"","overlay-type":"","overlay-color":"","overlay-opacity":"","overlay-gradient":""},"mobile":{"background-color":"","background-image":"","background-repeat":"repeat","background-position":"center center","background-size":"auto","background-attachment":"scroll","background-type":"","background-media":"","overlay-type":"","overlay-color":"","overlay-opacity":"","overlay-gradient":""}},"ast-content-background-meta":{"desktop":{"background-color":"var(--ast-global-color-5)","background-image":"","background-repeat":"repeat","background-position":"center center","background-size":"auto","background-attachment":"scroll","background-type":"","background-media":"","overlay-type":"","overlay-color":"","overlay-opacity":"","overlay-gradient":""},"tablet":{"background-color":"var(--ast-global-color-5)","background-image":"","background-repeat":"repeat","background-position":"center center","background-size":"auto","background-attachment":"scroll","background-type":"","background-media":"","overlay-type":"","overlay-color":"","overlay-opacity":"","overlay-gradient":""},"mobile":{"background-color":"var(--ast-global-color-5)","background-image":"","background-repeat":"repeat","background-position":"center center","background-size":"auto","background-attachment":"scroll","background-type":"","background-media":"","overlay-type":"","overlay-color":"","overlay-opacity":"","overlay-gradient":""}},"footnotes":""},"class_list":["post-11320","page","type-page","status-publish","hentry"],"yoast_head":"<!-- This site is optimized with the Yoast SEO plugin v19.0 - https:\/\/yoast.com\/wordpress\/plugins\/seo\/ -->\n<title>Tersine Beyin G\u00f6\u00e7\u00fc 101 -<\/title>\n<meta name=\"robots\" content=\"index, follow, max-snippet:-1, max-image-preview:large, max-video-preview:-1\" \/>\n<link rel=\"canonical\" href=\"https:\/\/greatr.org\/en\/ik-blog-tersine-beyin-gocu-101\/\" \/>\n<meta property=\"og:locale\" content=\"en_GB\" \/>\n<meta property=\"og:type\" content=\"article\" \/>\n<meta property=\"og:title\" content=\"Tersine Beyin G\u00f6\u00e7\u00fc 101 -\" \/>\n<meta property=\"og:description\" content=\"Tersine Beyin G\u00f6\u00e7\u00fc 101 Tersine beyin g\u00f6\u00e7\u00fc kavram\u0131n\u0131 a\u00e7\u0131klamadan \u00f6nce beyin g\u00f6\u00e7\u00fc kavram\u0131n\u0131 tekrar hat\u0131rlamakta fayda var. \u2018\u2019Tekrar\u2019\u2019 hat\u0131rlat\u0131lmal\u0131 \u00e7\u00fcnk\u00fc son y\u0131llarda verdi\u011fimiz beyin g\u00f6\u00e7\u00fcn\u00fcn artmas\u0131 sebebiyle olduk\u00e7a pop\u00fclerlik kazanan ve ne yaz\u0131k ki a\u015fina oldu\u011fumuz bir kavram. En genel tan\u0131m\u0131yla beyin g\u00f6\u00e7\u00fc, geli\u015fmemi\u015f ya da geli\u015fmekte olan \u00fclkelerde iyi e\u011fitim g\u00f6rm\u00fc\u015f, nitelikli bireylerin daha [&hellip;]\" \/>\n<meta property=\"og:url\" content=\"https:\/\/greatr.org\/en\/ik-blog-tersine-beyin-gocu-101\/\" \/>\n<meta property=\"article:publisher\" content=\"https:\/\/www.facebook.com\/Greatr-102901821792967\" \/>\n<meta property=\"article:modified_time\" content=\"2022-06-27T08:47:43+00:00\" \/>\n<meta property=\"og:image\" content=\"https:\/\/greatr.org\/wp-content\/uploads\/2022\/06\/blog-1-1024x576.jpeg\" \/>\n<meta name=\"twitter:card\" content=\"summary_large_image\" \/>\n<meta name=\"twitter:site\" content=\"@greatrorg\" \/>\n<meta name=\"twitter:label1\" content=\"Est. reading time\" \/>\n\t<meta name=\"twitter:data1\" content=\"2 minutes\" \/>\n<script type=\"application\/ld+json\" class=\"yoast-schema-graph\">{\"@context\":\"https:\/\/schema.org\",\"@graph\":[{\"@type\":\"Organization\",\"@id\":\"https:\/\/greatr.org\/#organization\",\"name\":\"GreaTR\",\"url\":\"https:\/\/greatr.org\/\",\"sameAs\":[\"https:\/\/www.instagram.com\/greatrorg\/\",\"https:\/\/www.linkedin.com\/company\/greatr\/\",\"https:\/\/www.youtube.com\/channel\/UCkQ65_M1HarEMSt8XciDTSA\",\"https:\/\/www.facebook.com\/Greatr-102901821792967\",\"https:\/\/twitter.com\/greatrorg\"],\"logo\":{\"@type\":\"ImageObject\",\"inLanguage\":\"en-GB\",\"@id\":\"https:\/\/greatr.org\/#\/schema\/logo\/image\/\",\"url\":\"https:\/\/greatr.org\/wp-content\/uploads\/2022\/06\/GreaTR-Mor750-Logo750GUNCEL@4x.png\",\"contentUrl\":\"https:\/\/greatr.org\/wp-content\/uploads\/2022\/06\/GreaTR-Mor750-Logo750GUNCEL@4x.png\",\"width\":3000,\"height\":3000,\"caption\":\"GreaTR\"},\"image\":{\"@id\":\"https:\/\/greatr.org\/#\/schema\/logo\/image\/\"}},{\"@type\":\"WebSite\",\"@id\":\"https:\/\/greatr.org\/#website\",\"url\":\"https:\/\/greatr.org\/\",\"name\":\"\",\"description\":\"\",\"publisher\":{\"@id\":\"https:\/\/greatr.org\/#organization\"},\"potentialAction\":[{\"@type\":\"SearchAction\",\"target\":{\"@type\":\"EntryPoint\",\"urlTemplate\":\"https:\/\/greatr.org\/?s={search_term_string}\"},\"query-input\":\"required name=search_term_string\"}],\"inLanguage\":\"en-GB\"},{\"@type\":\"ImageObject\",\"inLanguage\":\"en-GB\",\"@id\":\"https:\/\/greatr.org\/ik-blog-tersine-beyin-gocu-101\/#primaryimage\",\"url\":\"https:\/\/greatr.org\/wp-content\/uploads\/2022\/06\/blog-1.jpeg\",\"contentUrl\":\"https:\/\/greatr.org\/wp-content\/uploads\/2022\/06\/blog-1.jpeg\",\"width\":1400,\"height\":788},{\"@type\":\"WebPage\",\"@id\":\"https:\/\/greatr.org\/ik-blog-tersine-beyin-gocu-101\/#webpage\",\"url\":\"https:\/\/greatr.org\/ik-blog-tersine-beyin-gocu-101\/\",\"name\":\"Tersine Beyin G\u00f6\u00e7\u00fc 101 -\",\"isPartOf\":{\"@id\":\"https:\/\/greatr.org\/#website\"},\"primaryImageOfPage\":{\"@id\":\"https:\/\/greatr.org\/ik-blog-tersine-beyin-gocu-101\/#primaryimage\"},\"datePublished\":\"2022-06-15T15:31:44+00:00\",\"dateModified\":\"2022-06-27T08:47:43+00:00\",\"breadcrumb\":{\"@id\":\"https:\/\/greatr.org\/ik-blog-tersine-beyin-gocu-101\/#breadcrumb\"},\"inLanguage\":\"en-GB\",\"potentialAction\":[{\"@type\":\"ReadAction\",\"target\":[\"https:\/\/greatr.org\/ik-blog-tersine-beyin-gocu-101\/\"]}]},{\"@type\":\"BreadcrumbList\",\"@id\":\"https:\/\/greatr.org\/ik-blog-tersine-beyin-gocu-101\/#breadcrumb\",\"itemListElement\":[{\"@type\":\"ListItem\",\"position\":1,\"name\":\"Ana sayfa\",\"item\":\"https:\/\/greatr.org\/\"},{\"@type\":\"ListItem\",\"position\":2,\"name\":\"Tersine Beyin G\u00f6\u00e7\u00fc 101\"}]}]}<\/script>\n<!-- \/ Yoast SEO plugin. -->","yoast_head_json":{"title":"Tersine Beyin G\u00f6\u00e7\u00fc 101 -","robots":{"index":"index","follow":"follow","max-snippet":"max-snippet:-1","max-image-preview":"max-image-preview:large","max-video-preview":"max-video-preview:-1"},"canonical":"https:\/\/greatr.org\/en\/ik-blog-tersine-beyin-gocu-101\/","og_locale":"en_GB","og_type":"article","og_title":"Tersine Beyin G\u00f6\u00e7\u00fc 101 -","og_description":"Tersine Beyin G\u00f6\u00e7\u00fc 101 Tersine beyin g\u00f6\u00e7\u00fc kavram\u0131n\u0131 a\u00e7\u0131klamadan \u00f6nce beyin g\u00f6\u00e7\u00fc kavram\u0131n\u0131 tekrar hat\u0131rlamakta fayda var. \u2018\u2019Tekrar\u2019\u2019 hat\u0131rlat\u0131lmal\u0131 \u00e7\u00fcnk\u00fc son y\u0131llarda verdi\u011fimiz beyin g\u00f6\u00e7\u00fcn\u00fcn artmas\u0131 sebebiyle olduk\u00e7a pop\u00fclerlik kazanan ve ne yaz\u0131k ki a\u015fina oldu\u011fumuz bir kavram. En genel tan\u0131m\u0131yla beyin g\u00f6\u00e7\u00fc, geli\u015fmemi\u015f ya da geli\u015fmekte olan \u00fclkelerde iyi e\u011fitim g\u00f6rm\u00fc\u015f, nitelikli bireylerin daha [&hellip;]","og_url":"https:\/\/greatr.org\/en\/ik-blog-tersine-beyin-gocu-101\/","article_publisher":"https:\/\/www.facebook.com\/Greatr-102901821792967","article_modified_time":"2022-06-27T08:47:43+00:00","og_image":[{"url":"https:\/\/greatr.org\/wp-content\/uploads\/2022\/06\/blog-1-1024x576.jpeg"}],"twitter_card":"summary_large_image","twitter_site":"@greatrorg","twitter_misc":{"Est. reading time":"2 minutes"},"schema":{"@context":"https:\/\/schema.org","@graph":[{"@type":"Organization","@id":"https:\/\/greatr.org\/#organization","name":"GreaTR","url":"https:\/\/greatr.org\/","sameAs":["https:\/\/www.instagram.com\/greatrorg\/","https:\/\/www.linkedin.com\/company\/greatr\/","https:\/\/www.youtube.com\/channel\/UCkQ65_M1HarEMSt8XciDTSA","https:\/\/www.facebook.com\/Greatr-102901821792967","https:\/\/twitter.com\/greatrorg"],"logo":{"@type":"ImageObject","inLanguage":"en-GB","@id":"https:\/\/greatr.org\/#\/schema\/logo\/image\/","url":"https:\/\/greatr.org\/wp-content\/uploads\/2022\/06\/GreaTR-Mor750-Logo750GUNCEL@4x.png","contentUrl":"https:\/\/greatr.org\/wp-content\/uploads\/2022\/06\/GreaTR-Mor750-Logo750GUNCEL@4x.png","width":3000,"height":3000,"caption":"GreaTR"},"image":{"@id":"https:\/\/greatr.org\/#\/schema\/logo\/image\/"}},{"@type":"WebSite","@id":"https:\/\/greatr.org\/#website","url":"https:\/\/greatr.org\/","name":"","description":"","publisher":{"@id":"https:\/\/greatr.org\/#organization"},"potentialAction":[{"@type":"SearchAction","target":{"@type":"EntryPoint","urlTemplate":"https:\/\/greatr.org\/?s={search_term_string}"},"query-input":"required name=search_term_string"}],"inLanguage":"en-GB"},{"@type":"ImageObject","inLanguage":"en-GB","@id":"https:\/\/greatr.org\/ik-blog-tersine-beyin-gocu-101\/#primaryimage","url":"https:\/\/greatr.org\/wp-content\/uploads\/2022\/06\/blog-1.jpeg","contentUrl":"https:\/\/greatr.org\/wp-content\/uploads\/2022\/06\/blog-1.jpeg","width":1400,"height":788},{"@type":"WebPage","@id":"https:\/\/greatr.org\/ik-blog-tersine-beyin-gocu-101\/#webpage","url":"https:\/\/greatr.org\/ik-blog-tersine-beyin-gocu-101\/","name":"Tersine Beyin G\u00f6\u00e7\u00fc 101 -","isPartOf":{"@id":"https:\/\/greatr.org\/#website"},"primaryImageOfPage":{"@id":"https:\/\/greatr.org\/ik-blog-tersine-beyin-gocu-101\/#primaryimage"},"datePublished":"2022-06-15T15:31:44+00:00","dateModified":"2022-06-27T08:47:43+00:00","breadcrumb":{"@id":"https:\/\/greatr.org\/ik-blog-tersine-beyin-gocu-101\/#breadcrumb"},"inLanguage":"en-GB","potentialAction":[{"@type":"ReadAction","target":["https:\/\/greatr.org\/ik-blog-tersine-beyin-gocu-101\/"]}]},{"@type":"BreadcrumbList","@id":"https:\/\/greatr.org\/ik-blog-tersine-beyin-gocu-101\/#breadcrumb","itemListElement":[{"@type":"ListItem","position":1,"name":"Ana sayfa","item":"https:\/\/greatr.org\/"},{"@type":"ListItem","position":2,"name":"Tersine Beyin G\u00f6\u00e7\u00fc 101"}]}]}},"uagb_featured_image_src":{"full":false,"thumbnail":false,"medium":false,"medium_large":false,"large":false,"1536x1536":false,"2048x2048":false,"trp-custom-language-flag":false},"uagb_author_info":{"display_name":"admin","author_link":"https:\/\/greatr.org\/en\/author\/admin\/"},"uagb_comment_info":0,"uagb_excerpt":"Tersine Beyin G\u00f6\u00e7\u00fc 101 Tersine beyin g\u00f6\u00e7\u00fc kavram\u0131n\u0131 a\u00e7\u0131klamadan \u00f6nce beyin g\u00f6\u00e7\u00fc kavram\u0131n\u0131 tekrar hat\u0131rlamakta fayda var. \u2018\u2019Tekrar\u2019\u2019 hat\u0131rlat\u0131lmal\u0131 \u00e7\u00fcnk\u00fc son y\u0131llarda verdi\u011fimiz beyin g\u00f6\u00e7\u00fcn\u00fcn artmas\u0131 sebebiyle olduk\u00e7a pop\u00fclerlik kazanan ve ne yaz\u0131k ki a\u015fina oldu\u011fumuz bir kavram. En genel tan\u0131m\u0131yla beyin g\u00f6\u00e7\u00fc, geli\u015fmemi\u015f ya da geli\u015fmekte olan \u00fclkelerde iyi e\u011fitim g\u00f6rm\u00fc\u015f, nitelikli bireylerin daha&hellip;","_links":{"self":[{"href":"https:\/\/greatr.org\/en\/wp-json\/wp\/v2\/pages\/11320","targetHints":{"allow":["GET"]}}],"collection":[{"href":"https:\/\/greatr.org\/en\/wp-json\/wp\/v2\/pages"}],"about":[{"href":"https:\/\/greatr.org\/en\/wp-json\/wp\/v2\/types\/page"}],"author":[{"embeddable":true,"href":"https:\/\/greatr.org\/en\/wp-json\/wp\/v2\/users\/1"}],"replies":[{"embeddable":true,"href":"https:\/\/greatr.org\/en\/wp-json\/wp\/v2\/comments?post=11320"}],"version-history":[{"count":14,"href":"https:\/\/greatr.org\/en\/wp-json\/wp\/v2\/pages\/11320\/revisions"}],"predecessor-version":[{"id":11706,"href":"https:\/\/greatr.org\/en\/wp-json\/wp\/v2\/pages\/11320\/revisions\/11706"}],"wp:attachment":[{"href":"https:\/\/greatr.org\/en\/wp-json\/wp\/v2\/media?parent=11320"}],"curies":[{"name":"wp","href":"https:\/\/api.w.org\/{rel}","templated":true}]}}